{"id":7728,"date":"2024-09-30T12:26:26","date_gmt":"2024-09-30T10:26:26","guid":{"rendered":"https:\/\/www.hemrex.com\/?post_type=product&#038;p=7728"},"modified":"2025-08-08T11:47:58","modified_gmt":"2025-08-08T09:47:58","slug":"traditional-university-cap","status":"publish","type":"product","link":"https:\/\/www.hemrex.com\/en\/produit\/traditional-university-cap\/","title":{"rendered":"Traditional university cap"},"content":{"rendered":"","protected":false},"excerpt":{"rendered":"<p>* Pair your traditional university cap with a <a href=\"https:\/\/www.hemrex.com\/en\/produit\/traditional-epitoge\/\"><strong>traditional epitoge<\/strong><\/a> and a <a href=\"https:\/\/www.hemrex.com\/en\/categorie-produit\/dresses-professors\/\"><strong>Professors<\/strong><\/a>, <a href=\"https:\/\/www.hemrex.com\/en\/categorie-produit\/dresses-senior-lecturers\/\"><strong>Senior Lecturers<\/strong><\/a>, or <a href=\"https:\/\/www.hemrex.com\/en\/categorie-produit\/university-president-dress\/\"><strong>President&#8217;s<\/strong> <\/a>dress.<br \/>\n* Colors to be determined according to your discipline (daffodil, amaranth, red, redcurrant, purple).<\/p>\n<p>\u2013 One gold braid for Professors and Lecturers<br \/>\n\u2013 Two gold braids for Deans<\/p>\n<p>Black fabric and velvet<br \/>\n<span style=\"color: #ff6600;\">Please note: some color shades may vary depending on the screen<\/span><br \/>\n<strong>Reference<\/strong>: Siorapaluk<\/p>\n","protected":false},"featured_media":5577,"comment_status":"closed","ping_status":"closed","template":"","meta":[],"product_brand":[],"product_cat":[94],"product_tag":[],"class_list":{"0":"post-7728","1":"product","2":"type-product","3":"status-publish","4":"has-post-thumbnail","6":"product_cat-caps-tassels","8":"entry","9":"has-media","11":"first","12":"instock","13":"taxable","14":"shipping-taxable","15":"product-type-simple","16":"col","17":"span_1_of_3","18":"owp-content-center","19":"owp-thumbs-layout-horizontal","20":"owp-btn-normal","21":"owp-tabs-layout-horizontal"},"yoast_head":"<!-- This site is optimized with the Yoast SEO plugin v25.5 - https:\/\/yoast.com\/wordpress\/plugins\/seo\/ -->\n<title>Traditional university cap - Hemrex<\/title>\n<meta name=\"robots\" content=\"index, follow, max-snippet:-1, max-image-preview:large, max-video-preview:-1\" \/>\n<link rel=\"canonical\" href=\"https:\/\/www.hemrex.com\/en\/produit\/traditional-university-cap\/\" \/>\n<meta property=\"og:locale\" content=\"en_US\" \/>\n<meta property=\"og:type\" content=\"article\" \/>\n<meta property=\"og:title\" content=\"Traditional university cap - Hemrex\" \/>\n<meta property=\"og:description\" content=\"* Pair your traditional university cap with a traditional epitoge and a Professors, Senior Lecturers, or President&#039;s dress. * Colors to be determined according to your discipline (daffodil, amaranth, red, redcurrant, purple).  \u2013 One gold braid for Professors and Lecturers \u2013 Two gold braids for Deans  Black fabric and velvet Please note: some color shades may vary depending on the screen Reference: Siorapaluk\" \/>\n<meta property=\"og:url\" content=\"https:\/\/www.hemrex.com\/en\/produit\/traditional-university-cap\/\" \/>\n<meta property=\"article:modified_time\" content=\"2025-08-08T09:47:58+00:00\" \/>\n<meta property=\"og:image\" content=\"https:\/\/www.hemrex.com\/wp-content\/uploads\/2024\/09\/avant-toque-de-droit.png\" \/>\n\t<meta property=\"og:image:width\" content=\"595\" \/>\n\t<meta property=\"og:image:height\" content=\"842\" \/>\n\t<meta property=\"og:image:type\" content=\"image\/png\" \/>\n<meta name=\"twitter:card\" content=\"summary_large_image\" \/>\n<script type=\"application\/ld+json\" class=\"yoast-schema-graph\">{\"@context\":\"https:\/\/schema.org\",\"@graph\":[{\"@type\":\"WebPage\",\"@id\":\"https:\/\/www.hemrex.com\/en\/produit\/traditional-university-cap\/\",\"url\":\"https:\/\/www.hemrex.com\/en\/produit\/traditional-university-cap\/\",\"name\":\"Traditional university cap - Hemrex\",\"isPartOf\":{\"@id\":\"https:\/\/www.hemrex.com\/#website\"},\"primaryImageOfPage\":{\"@id\":\"https:\/\/www.hemrex.com\/en\/produit\/traditional-university-cap\/#primaryimage\"},\"image\":{\"@id\":\"https:\/\/www.hemrex.com\/en\/produit\/traditional-university-cap\/#primaryimage\"},\"thumbnailUrl\":\"https:\/\/www.hemrex.com\/wp-content\/uploads\/2024\/09\/avant-toque-de-droit.png\",\"datePublished\":\"2024-09-30T10:26:26+00:00\",\"dateModified\":\"2025-08-08T09:47:58+00:00\",\"breadcrumb\":{\"@id\":\"https:\/\/www.hemrex.com\/en\/produit\/traditional-university-cap\/#breadcrumb\"},\"inLanguage\":\"en-US\",\"potentialAction\":[{\"@type\":\"ReadAction\",\"target\":[\"https:\/\/www.hemrex.com\/en\/produit\/traditional-university-cap\/\"]}]},{\"@type\":\"ImageObject\",\"inLanguage\":\"en-US\",\"@id\":\"https:\/\/www.hemrex.com\/en\/produit\/traditional-university-cap\/#primaryimage\",\"url\":\"https:\/\/www.hemrex.com\/wp-content\/uploads\/2024\/09\/avant-toque-de-droit.png\",\"contentUrl\":\"https:\/\/www.hemrex.com\/wp-content\/uploads\/2024\/09\/avant-toque-de-droit.png\",\"width\":595,\"height\":842},{\"@type\":\"BreadcrumbList\",\"@id\":\"https:\/\/www.hemrex.com\/en\/produit\/traditional-university-cap\/#breadcrumb\",\"itemListElement\":[{\"@type\":\"ListItem\",\"position\":1,\"name\":\"Accueil\",\"item\":\"https:\/\/www.hemrex.com\/en\/home-2\/\"},{\"@type\":\"ListItem\",\"position\":2,\"name\":\"Our products\",\"item\":\"https:\/\/www.hemrex.com\/en\/our-products\/\"},{\"@type\":\"ListItem\",\"position\":3,\"name\":\"Traditional university cap\"}]},{\"@type\":\"WebSite\",\"@id\":\"https:\/\/www.hemrex.com\/#website\",\"url\":\"https:\/\/www.hemrex.com\/\",\"name\":\"\",\"description\":\"Tenues et accessoires pour les c\u00e9r\u00e9monies de remise des dipl\u00f4mes et objets promotionnels personnalis\u00e9s\",\"potentialAction\":[{\"@type\":\"SearchAction\",\"target\":{\"@type\":\"EntryPoint\",\"urlTemplate\":\"https:\/\/www.hemrex.com\/?s={search_term_string}\"},\"query-input\":{\"@type\":\"PropertyValueSpecification\",\"valueRequired\":true,\"valueName\":\"search_term_string\"}}],\"inLanguage\":\"en-US\"}]}<\/script>\n<!-- \/ Yoast SEO plugin. -->","yoast_head_json":{"title":"Traditional university cap - Hemrex","robots":{"index":"index","follow":"follow","max-snippet":"max-snippet:-1","max-image-preview":"max-image-preview:large","max-video-preview":"max-video-preview:-1"},"canonical":"https:\/\/www.hemrex.com\/en\/produit\/traditional-university-cap\/","og_locale":"en_US","og_type":"article","og_title":"Traditional university cap - Hemrex","og_description":"* Pair your traditional university cap with a traditional epitoge and a Professors, Senior Lecturers, or President's dress. * Colors to be determined according to your discipline (daffodil, amaranth, red, redcurrant, purple).  \u2013 One gold braid for Professors and Lecturers \u2013 Two gold braids for Deans  Black fabric and velvet Please note: some color shades may vary depending on the screen Reference: Siorapaluk","og_url":"https:\/\/www.hemrex.com\/en\/produit\/traditional-university-cap\/","article_modified_time":"2025-08-08T09:47:58+00:00","og_image":[{"width":595,"height":842,"url":"https:\/\/www.hemrex.com\/wp-content\/uploads\/2024\/09\/avant-toque-de-droit.png","type":"image\/png"}],"twitter_card":"summary_large_image","schema":{"@context":"https:\/\/schema.org","@graph":[{"@type":"WebPage","@id":"https:\/\/www.hemrex.com\/en\/produit\/traditional-university-cap\/","url":"https:\/\/www.hemrex.com\/en\/produit\/traditional-university-cap\/","name":"Traditional university cap - Hemrex","isPartOf":{"@id":"https:\/\/www.hemrex.com\/#website"},"primaryImageOfPage":{"@id":"https:\/\/www.hemrex.com\/en\/produit\/traditional-university-cap\/#primaryimage"},"image":{"@id":"https:\/\/www.hemrex.com\/en\/produit\/traditional-university-cap\/#primaryimage"},"thumbnailUrl":"https:\/\/www.hemrex.com\/wp-content\/uploads\/2024\/09\/avant-toque-de-droit.png","datePublished":"2024-09-30T10:26:26+00:00","dateModified":"2025-08-08T09:47:58+00:00","breadcrumb":{"@id":"https:\/\/www.hemrex.com\/en\/produit\/traditional-university-cap\/#breadcrumb"},"inLanguage":"en-US","potentialAction":[{"@type":"ReadAction","target":["https:\/\/www.hemrex.com\/en\/produit\/traditional-university-cap\/"]}]},{"@type":"ImageObject","inLanguage":"en-US","@id":"https:\/\/www.hemrex.com\/en\/produit\/traditional-university-cap\/#primaryimage","url":"https:\/\/www.hemrex.com\/wp-content\/uploads\/2024\/09\/avant-toque-de-droit.png","contentUrl":"https:\/\/www.hemrex.com\/wp-content\/uploads\/2024\/09\/avant-toque-de-droit.png","width":595,"height":842},{"@type":"BreadcrumbList","@id":"https:\/\/www.hemrex.com\/en\/produit\/traditional-university-cap\/#breadcrumb","itemListElement":[{"@type":"ListItem","position":1,"name":"Accueil","item":"https:\/\/www.hemrex.com\/en\/home-2\/"},{"@type":"ListItem","position":2,"name":"Our products","item":"https:\/\/www.hemrex.com\/en\/our-products\/"},{"@type":"ListItem","position":3,"name":"Traditional university cap"}]},{"@type":"WebSite","@id":"https:\/\/www.hemrex.com\/#website","url":"https:\/\/www.hemrex.com\/","name":"","description":"Tenues et accessoires pour les c\u00e9r\u00e9monies de remise des dipl\u00f4mes et objets promotionnels personnalis\u00e9s","potentialAction":[{"@type":"SearchAction","target":{"@type":"EntryPoint","urlTemplate":"https:\/\/www.hemrex.com\/?s={search_term_string}"},"query-input":{"@type":"PropertyValueSpecification","valueRequired":true,"valueName":"search_term_string"}}],"inLanguage":"en-US"}]}},"_links":{"self":[{"href":"https:\/\/www.hemrex.com\/en\/wp-json\/wp\/v2\/product\/7728"}],"collection":[{"href":"https:\/\/www.hemrex.com\/en\/wp-json\/wp\/v2\/product"}],"about":[{"href":"https:\/\/www.hemrex.com\/en\/wp-json\/wp\/v2\/types\/product"}],"replies":[{"embeddable":true,"href":"https:\/\/www.hemrex.com\/en\/wp-json\/wp\/v2\/comments?post=7728"}],"version-history":[{"count":1,"href":"https:\/\/www.hemrex.com\/en\/wp-json\/wp\/v2\/product\/7728\/revisions"}],"predecessor-version":[{"id":7729,"href":"https:\/\/www.hemrex.com\/en\/wp-json\/wp\/v2\/product\/7728\/revisions\/7729"}],"wp:featuredmedia":[{"embeddable":true,"href":"https:\/\/www.hemrex.com\/en\/wp-json\/wp\/v2\/media\/5577"}],"wp:attachment":[{"href":"https:\/\/www.hemrex.com\/en\/wp-json\/wp\/v2\/media?parent=7728"}],"wp:term":[{"taxonomy":"product_brand","embeddable":true,"href":"https:\/\/www.hemrex.com\/en\/wp-json\/wp\/v2\/product_brand?post=7728"},{"taxonomy":"product_cat","embeddable":true,"href":"https:\/\/www.hemrex.com\/en\/wp-json\/wp\/v2\/product_cat?post=7728"},{"taxonomy":"product_tag","embeddable":true,"href":"https:\/\/www.hemrex.com\/en\/wp-json\/wp\/v2\/product_tag?post=7728"}],"curies":[{"name":"wp","href":"https:\/\/api.w.org\/{rel}","templated":true}]}}