{"id":7167,"date":"2025-02-07T14:58:44","date_gmt":"2025-02-07T13:58:44","guid":{"rendered":"https:\/\/www.hemrex.com\/produit\/dresses-senior-lecturer-of-theology-purple\/"},"modified":"2025-08-08T11:58:24","modified_gmt":"2025-08-08T09:58:24","slug":"dress-senior-lecturer-of-theology-purple","status":"publish","type":"product","link":"https:\/\/www.hemrex.com\/en\/produit\/dress-senior-lecturer-of-theology-purple\/","title":{"rendered":"Dress &#8211; Senior Lecturer of Theology &#8211; Purple"},"content":{"rendered":"","protected":false},"excerpt":{"rendered":"<p>* Cotton rayon velour lapel.<br \/>\n* Purple <a href=\"https:\/\/www.hemrex.com\/en\/produit\/traditional-epitoge\/\"><strong>epitoge<\/strong> <\/a>with 3 rows of fur<br \/>\n* Purple belt with gold fringes<br \/>\n* Pleated cotton flap<\/p>\n<p>Option : <a href=\"https:\/\/www.hemrex.com\/en\/produit\/traditional-university-cap\/\"><strong>purple cap<\/strong><\/a> with two gold braids<br \/>\n54% polyester, 44% wool and 2% elastane<br \/>\n<strong>Reference : <\/strong>\u00a0Nunavut<\/p>\n","protected":false},"featured_media":8500,"comment_status":"closed","ping_status":"closed","template":"","meta":[],"product_brand":[],"product_cat":[139],"product_tag":[],"class_list":{"0":"post-7167","1":"product","2":"type-product","3":"status-publish","4":"has-post-thumbnail","6":"product_cat-dresses-senior-lecturers","8":"entry","9":"has-media","11":"first","12":"instock","13":"taxable","14":"shipping-taxable","15":"product-type-simple","16":"col","17":"span_1_of_3","18":"owp-content-center","19":"owp-thumbs-layout-horizontal","20":"owp-btn-normal","21":"owp-tabs-layout-horizontal","22":"has-no-thumbnails"},"yoast_head":"<!-- This site is optimized with the Yoast SEO plugin v25.5 - https:\/\/yoast.com\/wordpress\/plugins\/seo\/ -->\n<title>Senior lecturer in theology<\/title>\n<meta name=\"description\" content=\"This dress stands out for its elegance and flowing cut. It is lightweight and crease-resistant. Composition: 54% polyester, 44% wool and 2% elastane.\" \/>\n<meta name=\"robots\" content=\"index, follow, max-snippet:-1, max-image-preview:large, max-video-preview:-1\" \/>\n<link rel=\"canonical\" href=\"https:\/\/www.hemrex.com\/en\/produit\/dress-senior-lecturer-of-theology-purple\/\" \/>\n<meta property=\"og:locale\" content=\"en_US\" \/>\n<meta property=\"og:type\" content=\"article\" \/>\n<meta property=\"og:title\" content=\"Senior lecturer in theology\" \/>\n<meta property=\"og:description\" content=\"This dress stands out for its elegance and flowing cut. It is lightweight and crease-resistant. Composition: 54% polyester, 44% wool and 2% elastane.\" \/>\n<meta property=\"og:url\" content=\"https:\/\/www.hemrex.com\/en\/produit\/dress-senior-lecturer-of-theology-purple\/\" \/>\n<meta property=\"article:modified_time\" content=\"2025-08-08T09:58:24+00:00\" \/>\n<meta property=\"og:image\" content=\"https:\/\/www.hemrex.com\/wp-content\/uploads\/2025\/02\/robe-maitre-de-conferences-en-theologie-vf.png\" \/>\n\t<meta property=\"og:image:width\" content=\"595\" \/>\n\t<meta property=\"og:image:height\" content=\"842\" \/>\n\t<meta property=\"og:image:type\" content=\"image\/png\" \/>\n<meta name=\"twitter:card\" content=\"summary_large_image\" \/>\n<script type=\"application\/ld+json\" class=\"yoast-schema-graph\">{\"@context\":\"https:\/\/schema.org\",\"@graph\":[{\"@type\":\"WebPage\",\"@id\":\"https:\/\/www.hemrex.com\/en\/produit\/dress-senior-lecturer-of-theology-purple\/\",\"url\":\"https:\/\/www.hemrex.com\/en\/produit\/dress-senior-lecturer-of-theology-purple\/\",\"name\":\"Senior lecturer in theology\",\"isPartOf\":{\"@id\":\"https:\/\/www.hemrex.com\/#website\"},\"primaryImageOfPage\":{\"@id\":\"https:\/\/www.hemrex.com\/en\/produit\/dress-senior-lecturer-of-theology-purple\/#primaryimage\"},\"image\":{\"@id\":\"https:\/\/www.hemrex.com\/en\/produit\/dress-senior-lecturer-of-theology-purple\/#primaryimage\"},\"thumbnailUrl\":\"https:\/\/www.hemrex.com\/wp-content\/uploads\/2025\/02\/robe-maitre-de-conferences-en-theologie_v2.png\",\"datePublished\":\"2025-02-07T13:58:44+00:00\",\"dateModified\":\"2025-08-08T09:58:24+00:00\",\"description\":\"This dress stands out for its elegance and flowing cut. It is lightweight and crease-resistant. Composition: 54% polyester, 44% wool and 2% elastane.\",\"breadcrumb\":{\"@id\":\"https:\/\/www.hemrex.com\/en\/produit\/dress-senior-lecturer-of-theology-purple\/#breadcrumb\"},\"inLanguage\":\"en-US\",\"potentialAction\":[{\"@type\":\"ReadAction\",\"target\":[\"https:\/\/www.hemrex.com\/en\/produit\/dress-senior-lecturer-of-theology-purple\/\"]}]},{\"@type\":\"ImageObject\",\"inLanguage\":\"en-US\",\"@id\":\"https:\/\/www.hemrex.com\/en\/produit\/dress-senior-lecturer-of-theology-purple\/#primaryimage\",\"url\":\"https:\/\/www.hemrex.com\/wp-content\/uploads\/2025\/02\/robe-maitre-de-conferences-en-theologie_v2.png\",\"contentUrl\":\"https:\/\/www.hemrex.com\/wp-content\/uploads\/2025\/02\/robe-maitre-de-conferences-en-theologie_v2.png\",\"width\":595,\"height\":842},{\"@type\":\"BreadcrumbList\",\"@id\":\"https:\/\/www.hemrex.com\/en\/produit\/dress-senior-lecturer-of-theology-purple\/#breadcrumb\",\"itemListElement\":[{\"@type\":\"ListItem\",\"position\":1,\"name\":\"Accueil\",\"item\":\"https:\/\/www.hemrex.com\/en\/home-2\/\"},{\"@type\":\"ListItem\",\"position\":2,\"name\":\"Our products\",\"item\":\"https:\/\/www.hemrex.com\/en\/our-products\/\"},{\"@type\":\"ListItem\",\"position\":3,\"name\":\"Dress &#8211; Senior Lecturer of Theology &#8211; Purple\"}]},{\"@type\":\"WebSite\",\"@id\":\"https:\/\/www.hemrex.com\/#website\",\"url\":\"https:\/\/www.hemrex.com\/\",\"name\":\"\",\"description\":\"Tenues et accessoires pour les c\u00e9r\u00e9monies de remise des dipl\u00f4mes et objets promotionnels personnalis\u00e9s\",\"potentialAction\":[{\"@type\":\"SearchAction\",\"target\":{\"@type\":\"EntryPoint\",\"urlTemplate\":\"https:\/\/www.hemrex.com\/?s={search_term_string}\"},\"query-input\":{\"@type\":\"PropertyValueSpecification\",\"valueRequired\":true,\"valueName\":\"search_term_string\"}}],\"inLanguage\":\"en-US\"}]}<\/script>\n<!-- \/ Yoast SEO plugin. -->","yoast_head_json":{"title":"Senior lecturer in theology","description":"This dress stands out for its elegance and flowing cut. It is lightweight and crease-resistant. Composition: 54% polyester, 44% wool and 2% elastane.","robots":{"index":"index","follow":"follow","max-snippet":"max-snippet:-1","max-image-preview":"max-image-preview:large","max-video-preview":"max-video-preview:-1"},"canonical":"https:\/\/www.hemrex.com\/en\/produit\/dress-senior-lecturer-of-theology-purple\/","og_locale":"en_US","og_type":"article","og_title":"Senior lecturer in theology","og_description":"This dress stands out for its elegance and flowing cut. It is lightweight and crease-resistant. Composition: 54% polyester, 44% wool and 2% elastane.","og_url":"https:\/\/www.hemrex.com\/en\/produit\/dress-senior-lecturer-of-theology-purple\/","article_modified_time":"2025-08-08T09:58:24+00:00","og_image":[{"width":595,"height":842,"url":"https:\/\/www.hemrex.com\/wp-content\/uploads\/2025\/02\/robe-maitre-de-conferences-en-theologie-vf.png","type":"image\/png"}],"twitter_card":"summary_large_image","schema":{"@context":"https:\/\/schema.org","@graph":[{"@type":"WebPage","@id":"https:\/\/www.hemrex.com\/en\/produit\/dress-senior-lecturer-of-theology-purple\/","url":"https:\/\/www.hemrex.com\/en\/produit\/dress-senior-lecturer-of-theology-purple\/","name":"Senior lecturer in theology","isPartOf":{"@id":"https:\/\/www.hemrex.com\/#website"},"primaryImageOfPage":{"@id":"https:\/\/www.hemrex.com\/en\/produit\/dress-senior-lecturer-of-theology-purple\/#primaryimage"},"image":{"@id":"https:\/\/www.hemrex.com\/en\/produit\/dress-senior-lecturer-of-theology-purple\/#primaryimage"},"thumbnailUrl":"https:\/\/www.hemrex.com\/wp-content\/uploads\/2025\/02\/robe-maitre-de-conferences-en-theologie_v2.png","datePublished":"2025-02-07T13:58:44+00:00","dateModified":"2025-08-08T09:58:24+00:00","description":"This dress stands out for its elegance and flowing cut. It is lightweight and crease-resistant. Composition: 54% polyester, 44% wool and 2% elastane.","breadcrumb":{"@id":"https:\/\/www.hemrex.com\/en\/produit\/dress-senior-lecturer-of-theology-purple\/#breadcrumb"},"inLanguage":"en-US","potentialAction":[{"@type":"ReadAction","target":["https:\/\/www.hemrex.com\/en\/produit\/dress-senior-lecturer-of-theology-purple\/"]}]},{"@type":"ImageObject","inLanguage":"en-US","@id":"https:\/\/www.hemrex.com\/en\/produit\/dress-senior-lecturer-of-theology-purple\/#primaryimage","url":"https:\/\/www.hemrex.com\/wp-content\/uploads\/2025\/02\/robe-maitre-de-conferences-en-theologie_v2.png","contentUrl":"https:\/\/www.hemrex.com\/wp-content\/uploads\/2025\/02\/robe-maitre-de-conferences-en-theologie_v2.png","width":595,"height":842},{"@type":"BreadcrumbList","@id":"https:\/\/www.hemrex.com\/en\/produit\/dress-senior-lecturer-of-theology-purple\/#breadcrumb","itemListElement":[{"@type":"ListItem","position":1,"name":"Accueil","item":"https:\/\/www.hemrex.com\/en\/home-2\/"},{"@type":"ListItem","position":2,"name":"Our products","item":"https:\/\/www.hemrex.com\/en\/our-products\/"},{"@type":"ListItem","position":3,"name":"Dress &#8211; Senior Lecturer of Theology &#8211; Purple"}]},{"@type":"WebSite","@id":"https:\/\/www.hemrex.com\/#website","url":"https:\/\/www.hemrex.com\/","name":"","description":"Tenues et accessoires pour les c\u00e9r\u00e9monies de remise des dipl\u00f4mes et objets promotionnels personnalis\u00e9s","potentialAction":[{"@type":"SearchAction","target":{"@type":"EntryPoint","urlTemplate":"https:\/\/www.hemrex.com\/?s={search_term_string}"},"query-input":{"@type":"PropertyValueSpecification","valueRequired":true,"valueName":"search_term_string"}}],"inLanguage":"en-US"}]}},"_links":{"self":[{"href":"https:\/\/www.hemrex.com\/en\/wp-json\/wp\/v2\/product\/7167"}],"collection":[{"href":"https:\/\/www.hemrex.com\/en\/wp-json\/wp\/v2\/product"}],"about":[{"href":"https:\/\/www.hemrex.com\/en\/wp-json\/wp\/v2\/types\/product"}],"replies":[{"embeddable":true,"href":"https:\/\/www.hemrex.com\/en\/wp-json\/wp\/v2\/comments?post=7167"}],"version-history":[{"count":8,"href":"https:\/\/www.hemrex.com\/en\/wp-json\/wp\/v2\/product\/7167\/revisions"}],"predecessor-version":[{"id":7620,"href":"https:\/\/www.hemrex.com\/en\/wp-json\/wp\/v2\/product\/7167\/revisions\/7620"}],"wp:featuredmedia":[{"embeddable":true,"href":"https:\/\/www.hemrex.com\/en\/wp-json\/wp\/v2\/media\/8500"}],"wp:attachment":[{"href":"https:\/\/www.hemrex.com\/en\/wp-json\/wp\/v2\/media?parent=7167"}],"wp:term":[{"taxonomy":"product_brand","embeddable":true,"href":"https:\/\/www.hemrex.com\/en\/wp-json\/wp\/v2\/product_brand?post=7167"},{"taxonomy":"product_cat","embeddable":true,"href":"https:\/\/www.hemrex.com\/en\/wp-json\/wp\/v2\/product_cat?post=7167"},{"taxonomy":"product_tag","embeddable":true,"href":"https:\/\/www.hemrex.com\/en\/wp-json\/wp\/v2\/product_tag?post=7167"}],"curies":[{"name":"wp","href":"https:\/\/api.w.org\/{rel}","templated":true}]}}