{"id":6774,"date":"2024-10-29T15:02:34","date_gmt":"2024-10-29T14:02:34","guid":{"rendered":"https:\/\/www.hemrex.com\/?post_type=product&#038;p=6774"},"modified":"2025-08-08T10:59:07","modified_gmt":"2025-08-08T08:59:07","slug":"traditional-epitoge","status":"publish","type":"product","link":"https:\/\/www.hemrex.com\/en\/produit\/traditional-epitoge\/","title":{"rendered":"Traditional Epitoge"},"content":{"rendered":"","protected":false},"excerpt":{"rendered":"<p>* Accompany your traditional epitoge with a <strong><a href=\"https:\/\/www.hemrex.com\/en\/categorie-produit\/dresses-professors\/\">Professor&#8217;s<\/a><\/strong>, <strong><a href=\"https:\/\/www.hemrex.com\/en\/categorie-produit\/dresses-senior-lecturers\/\">Senior Lecturer&#8217;s<\/a><\/strong> or<strong> <a href=\"https:\/\/www.hemrex.com\/en\/categorie-produit\/university-president-dress\/\">President&#8217;s<\/a> <\/strong>dress.<br \/>\n* Color: purple (with or without ermine), daffodil, amaranth, red, gooseberry<br \/>\n* 3 rows of rabbit fur<\/p>\n<p>Wool blend, 54% polyester, 44% wool and 2% elastane.<br \/>\n<strong>Reference<\/strong>: Pont Inlet<\/p>\n","protected":false},"featured_media":6766,"comment_status":"closed","ping_status":"closed","template":"","meta":[],"product_brand":[],"product_cat":[92],"product_tag":[],"class_list":{"0":"post-6774","1":"product","2":"type-product","3":"status-publish","4":"has-post-thumbnail","6":"product_cat-graduation-stoles","8":"entry","9":"has-media","11":"first","12":"instock","13":"taxable","14":"shipping-taxable","15":"product-type-simple","16":"col","17":"span_1_of_3","18":"owp-content-center","19":"owp-thumbs-layout-horizontal","20":"owp-btn-normal","21":"owp-tabs-layout-horizontal"},"yoast_head":"<!-- This site is optimized with the Yoast SEO plugin v27.5 - https:\/\/yoast.com\/product\/yoast-seo-wordpress\/ -->\n<title>Traditional Epitoge - Hemrex<\/title>\n<meta name=\"description\" content=\"It is placed on the left shoulder, fastened by two small buttons. The traditional epitoge is made up of two parts trimmed with fur.\" \/>\n<meta name=\"robots\" content=\"index, follow, max-snippet:-1, max-image-preview:large, max-video-preview:-1\" \/>\n<link rel=\"canonical\" href=\"https:\/\/www.hemrex.com\/en\/produit\/traditional-epitoge\/\" \/>\n<meta property=\"og:locale\" content=\"en_US\" \/>\n<meta property=\"og:type\" content=\"article\" \/>\n<meta property=\"og:title\" content=\"Traditional Epitoge - Hemrex\" \/>\n<meta property=\"og:description\" content=\"It is placed on the left shoulder, fastened by two small buttons. The traditional epitoge is made up of two parts trimmed with fur.\" \/>\n<meta property=\"og:url\" content=\"https:\/\/www.hemrex.com\/en\/produit\/traditional-epitoge\/\" \/>\n<meta property=\"article:modified_time\" content=\"2025-08-08T08:59:07+00:00\" \/>\n<meta property=\"og:image\" content=\"https:\/\/www.hemrex.com\/wp-content\/uploads\/2024\/10\/epitoge-rouge.png\" \/>\n\t<meta property=\"og:image:width\" content=\"595\" \/>\n\t<meta property=\"og:image:height\" content=\"842\" \/>\n\t<meta property=\"og:image:type\" content=\"image\/png\" \/>\n<meta name=\"twitter:card\" content=\"summary_large_image\" \/>\n<script type=\"application\/ld+json\" class=\"yoast-schema-graph\">{\"@context\":\"https:\\\/\\\/schema.org\",\"@graph\":[{\"@type\":\"WebPage\",\"@id\":\"https:\\\/\\\/www.hemrex.com\\\/en\\\/produit\\\/traditional-epitoge\\\/\",\"url\":\"https:\\\/\\\/www.hemrex.com\\\/en\\\/produit\\\/traditional-epitoge\\\/\",\"name\":\"Traditional Epitoge - Hemrex\",\"isPartOf\":{\"@id\":\"https:\\\/\\\/www.hemrex.com\\\/#website\"},\"primaryImageOfPage\":{\"@id\":\"https:\\\/\\\/www.hemrex.com\\\/en\\\/produit\\\/traditional-epitoge\\\/#primaryimage\"},\"image\":{\"@id\":\"https:\\\/\\\/www.hemrex.com\\\/en\\\/produit\\\/traditional-epitoge\\\/#primaryimage\"},\"thumbnailUrl\":\"https:\\\/\\\/www.hemrex.com\\\/wp-content\\\/uploads\\\/2024\\\/10\\\/epitoge-rouge.png\",\"datePublished\":\"2024-10-29T14:02:34+00:00\",\"dateModified\":\"2025-08-08T08:59:07+00:00\",\"description\":\"It is placed on the left shoulder, fastened by two small buttons. The traditional epitoge is made up of two parts trimmed with fur.\",\"breadcrumb\":{\"@id\":\"https:\\\/\\\/www.hemrex.com\\\/en\\\/produit\\\/traditional-epitoge\\\/#breadcrumb\"},\"inLanguage\":\"en-US\",\"potentialAction\":[{\"@type\":\"ReadAction\",\"target\":[\"https:\\\/\\\/www.hemrex.com\\\/en\\\/produit\\\/traditional-epitoge\\\/\"]}]},{\"@type\":\"ImageObject\",\"inLanguage\":\"en-US\",\"@id\":\"https:\\\/\\\/www.hemrex.com\\\/en\\\/produit\\\/traditional-epitoge\\\/#primaryimage\",\"url\":\"https:\\\/\\\/www.hemrex.com\\\/wp-content\\\/uploads\\\/2024\\\/10\\\/epitoge-rouge.png\",\"contentUrl\":\"https:\\\/\\\/www.hemrex.com\\\/wp-content\\\/uploads\\\/2024\\\/10\\\/epitoge-rouge.png\",\"width\":595,\"height\":842},{\"@type\":\"BreadcrumbList\",\"@id\":\"https:\\\/\\\/www.hemrex.com\\\/en\\\/produit\\\/traditional-epitoge\\\/#breadcrumb\",\"itemListElement\":[{\"@type\":\"ListItem\",\"position\":1,\"name\":\"Accueil\",\"item\":\"https:\\\/\\\/www.hemrex.com\\\/en\\\/home-2\\\/\"},{\"@type\":\"ListItem\",\"position\":2,\"name\":\"Our products\",\"item\":\"https:\\\/\\\/www.hemrex.com\\\/en\\\/our-products\\\/\"},{\"@type\":\"ListItem\",\"position\":3,\"name\":\"Traditional Epitoge\"}]},{\"@type\":\"WebSite\",\"@id\":\"https:\\\/\\\/www.hemrex.com\\\/#website\",\"url\":\"https:\\\/\\\/www.hemrex.com\\\/\",\"name\":\"\",\"description\":\"Tenues et accessoires pour les c\u00e9r\u00e9monies de remise des dipl\u00f4mes et objets promotionnels personnalis\u00e9s\",\"potentialAction\":[{\"@type\":\"SearchAction\",\"target\":{\"@type\":\"EntryPoint\",\"urlTemplate\":\"https:\\\/\\\/www.hemrex.com\\\/?s={search_term_string}\"},\"query-input\":{\"@type\":\"PropertyValueSpecification\",\"valueRequired\":true,\"valueName\":\"search_term_string\"}}],\"inLanguage\":\"en-US\"}]}<\/script>\n<!-- \/ Yoast SEO plugin. -->","yoast_head_json":{"title":"Traditional Epitoge - Hemrex","description":"It is placed on the left shoulder, fastened by two small buttons. The traditional epitoge is made up of two parts trimmed with fur.","robots":{"index":"index","follow":"follow","max-snippet":"max-snippet:-1","max-image-preview":"max-image-preview:large","max-video-preview":"max-video-preview:-1"},"canonical":"https:\/\/www.hemrex.com\/en\/produit\/traditional-epitoge\/","og_locale":"en_US","og_type":"article","og_title":"Traditional Epitoge - Hemrex","og_description":"It is placed on the left shoulder, fastened by two small buttons. The traditional epitoge is made up of two parts trimmed with fur.","og_url":"https:\/\/www.hemrex.com\/en\/produit\/traditional-epitoge\/","article_modified_time":"2025-08-08T08:59:07+00:00","og_image":[{"width":595,"height":842,"url":"https:\/\/www.hemrex.com\/wp-content\/uploads\/2024\/10\/epitoge-rouge.png","type":"image\/png"}],"twitter_card":"summary_large_image","schema":{"@context":"https:\/\/schema.org","@graph":[{"@type":"WebPage","@id":"https:\/\/www.hemrex.com\/en\/produit\/traditional-epitoge\/","url":"https:\/\/www.hemrex.com\/en\/produit\/traditional-epitoge\/","name":"Traditional Epitoge - Hemrex","isPartOf":{"@id":"https:\/\/www.hemrex.com\/#website"},"primaryImageOfPage":{"@id":"https:\/\/www.hemrex.com\/en\/produit\/traditional-epitoge\/#primaryimage"},"image":{"@id":"https:\/\/www.hemrex.com\/en\/produit\/traditional-epitoge\/#primaryimage"},"thumbnailUrl":"https:\/\/www.hemrex.com\/wp-content\/uploads\/2024\/10\/epitoge-rouge.png","datePublished":"2024-10-29T14:02:34+00:00","dateModified":"2025-08-08T08:59:07+00:00","description":"It is placed on the left shoulder, fastened by two small buttons. The traditional epitoge is made up of two parts trimmed with fur.","breadcrumb":{"@id":"https:\/\/www.hemrex.com\/en\/produit\/traditional-epitoge\/#breadcrumb"},"inLanguage":"en-US","potentialAction":[{"@type":"ReadAction","target":["https:\/\/www.hemrex.com\/en\/produit\/traditional-epitoge\/"]}]},{"@type":"ImageObject","inLanguage":"en-US","@id":"https:\/\/www.hemrex.com\/en\/produit\/traditional-epitoge\/#primaryimage","url":"https:\/\/www.hemrex.com\/wp-content\/uploads\/2024\/10\/epitoge-rouge.png","contentUrl":"https:\/\/www.hemrex.com\/wp-content\/uploads\/2024\/10\/epitoge-rouge.png","width":595,"height":842},{"@type":"BreadcrumbList","@id":"https:\/\/www.hemrex.com\/en\/produit\/traditional-epitoge\/#breadcrumb","itemListElement":[{"@type":"ListItem","position":1,"name":"Accueil","item":"https:\/\/www.hemrex.com\/en\/home-2\/"},{"@type":"ListItem","position":2,"name":"Our products","item":"https:\/\/www.hemrex.com\/en\/our-products\/"},{"@type":"ListItem","position":3,"name":"Traditional Epitoge"}]},{"@type":"WebSite","@id":"https:\/\/www.hemrex.com\/#website","url":"https:\/\/www.hemrex.com\/","name":"","description":"Tenues et accessoires pour les c\u00e9r\u00e9monies de remise des dipl\u00f4mes et objets promotionnels personnalis\u00e9s","potentialAction":[{"@type":"SearchAction","target":{"@type":"EntryPoint","urlTemplate":"https:\/\/www.hemrex.com\/?s={search_term_string}"},"query-input":{"@type":"PropertyValueSpecification","valueRequired":true,"valueName":"search_term_string"}}],"inLanguage":"en-US"}]}},"_links":{"self":[{"href":"https:\/\/www.hemrex.com\/en\/wp-json\/wp\/v2\/product\/6774","targetHints":{"allow":["GET"]}}],"collection":[{"href":"https:\/\/www.hemrex.com\/en\/wp-json\/wp\/v2\/product"}],"about":[{"href":"https:\/\/www.hemrex.com\/en\/wp-json\/wp\/v2\/types\/product"}],"replies":[{"embeddable":true,"href":"https:\/\/www.hemrex.com\/en\/wp-json\/wp\/v2\/comments?post=6774"}],"version-history":[{"count":4,"href":"https:\/\/www.hemrex.com\/en\/wp-json\/wp\/v2\/product\/6774\/revisions"}],"predecessor-version":[{"id":7712,"href":"https:\/\/www.hemrex.com\/en\/wp-json\/wp\/v2\/product\/6774\/revisions\/7712"}],"wp:featuredmedia":[{"embeddable":true,"href":"https:\/\/www.hemrex.com\/en\/wp-json\/wp\/v2\/media\/6766"}],"wp:attachment":[{"href":"https:\/\/www.hemrex.com\/en\/wp-json\/wp\/v2\/media?parent=6774"}],"wp:term":[{"taxonomy":"product_brand","embeddable":true,"href":"https:\/\/www.hemrex.com\/en\/wp-json\/wp\/v2\/product_brand?post=6774"},{"taxonomy":"product_cat","embeddable":true,"href":"https:\/\/www.hemrex.com\/en\/wp-json\/wp\/v2\/product_cat?post=6774"},{"taxonomy":"product_tag","embeddable":true,"href":"https:\/\/www.hemrex.com\/en\/wp-json\/wp\/v2\/product_tag?post=6774"}],"curies":[{"name":"wp","href":"https:\/\/api.w.org\/{rel}","templated":true}]}}