{"id":6417,"date":"2024-10-14T15:58:40","date_gmt":"2024-10-14T13:58:40","guid":{"rendered":"https:\/\/www.hemrex.com\/?post_type=product&#038;p=6417"},"modified":"2025-11-14T16:00:08","modified_gmt":"2025-11-14T15:00:08","slug":"bicolour-dress-gospel","status":"publish","type":"product","link":"https:\/\/www.hemrex.com\/en\/produit\/bicolour-dress-gospel\/","title":{"rendered":"Bicolour dress &#8211; gospel"},"content":{"rendered":"","protected":false},"excerpt":{"rendered":"<p>* Standard or Pantone\u00ae colors<br \/>\n* Tone-on-tone zipper<br \/>\n* Choose the colors, materials and design of your dress<br \/>\n* Customization: printing, embroidery, cresting<br \/>\n* Accompany your gown with a <a href=\"https:\/\/www.hemrex.com\/en\/categorie-produit\/graduation-stoles\/\"><strong>stole<\/strong><\/a><br \/>\n* Personalize your dress with your own colors<\/p>\n<p>100% polyester<br \/>\n<strong>Reference<\/strong> : Angkor<\/p>\n","protected":false},"featured_media":4022,"comment_status":"closed","ping_status":"closed","template":"","meta":[],"product_brand":[],"product_cat":[136],"product_tag":[],"class_list":{"0":"post-6417","1":"product","2":"type-product","3":"status-publish","4":"has-post-thumbnail","6":"product_cat-gospel-dresses","8":"entry","9":"has-media","11":"first","12":"instock","13":"taxable","14":"shipping-taxable","15":"product-type-simple","16":"col","17":"span_1_of_3","18":"owp-content-center","19":"owp-thumbs-layout-horizontal","20":"owp-btn-normal","21":"owp-tabs-layout-horizontal"},"yoast_head":"<!-- This site is optimized with the Yoast SEO plugin v25.5 - https:\/\/yoast.com\/wordpress\/plugins\/seo\/ -->\n<title>Bicolour dress - gospel - Hemrex<\/title>\n<meta name=\"description\" content=\"Bicolour gospel dress, choice of colors, matte or glossy material, first name imprint, logo, embroidered patch, custom two-tone dress.\" \/>\n<meta name=\"robots\" content=\"index, follow, max-snippet:-1, max-image-preview:large, max-video-preview:-1\" \/>\n<link rel=\"canonical\" href=\"https:\/\/www.hemrex.com\/en\/produit\/bicolour-dress-gospel\/\" \/>\n<meta property=\"og:locale\" content=\"en_US\" \/>\n<meta property=\"og:type\" content=\"article\" \/>\n<meta property=\"og:title\" content=\"Bicolour dress - gospel - Hemrex\" \/>\n<meta property=\"og:description\" content=\"Bicolour gospel dress, choice of colors, matte or glossy material, first name imprint, logo, embroidered patch, custom two-tone dress.\" \/>\n<meta property=\"og:url\" content=\"https:\/\/www.hemrex.com\/en\/produit\/bicolour-dress-gospel\/\" \/>\n<meta property=\"article:modified_time\" content=\"2025-11-14T15:00:08+00:00\" \/>\n<meta property=\"og:image\" content=\"https:\/\/www.hemrex.com\/wp-content\/uploads\/2024\/08\/bleu-et-blanc.png\" \/>\n\t<meta property=\"og:image:width\" content=\"595\" \/>\n\t<meta property=\"og:image:height\" content=\"842\" \/>\n\t<meta property=\"og:image:type\" content=\"image\/png\" \/>\n<meta name=\"twitter:card\" content=\"summary_large_image\" \/>\n<script type=\"application\/ld+json\" class=\"yoast-schema-graph\">{\"@context\":\"https:\/\/schema.org\",\"@graph\":[{\"@type\":\"WebPage\",\"@id\":\"https:\/\/www.hemrex.com\/en\/produit\/bicolour-dress-gospel\/\",\"url\":\"https:\/\/www.hemrex.com\/en\/produit\/bicolour-dress-gospel\/\",\"name\":\"Bicolour dress - gospel - Hemrex\",\"isPartOf\":{\"@id\":\"https:\/\/www.hemrex.com\/#website\"},\"primaryImageOfPage\":{\"@id\":\"https:\/\/www.hemrex.com\/en\/produit\/bicolour-dress-gospel\/#primaryimage\"},\"image\":{\"@id\":\"https:\/\/www.hemrex.com\/en\/produit\/bicolour-dress-gospel\/#primaryimage\"},\"thumbnailUrl\":\"https:\/\/www.hemrex.com\/wp-content\/uploads\/2024\/08\/bleu-et-blanc.png\",\"datePublished\":\"2024-10-14T13:58:40+00:00\",\"dateModified\":\"2025-11-14T15:00:08+00:00\",\"description\":\"Bicolour gospel dress, choice of colors, matte or glossy material, first name imprint, logo, embroidered patch, custom two-tone dress.\",\"breadcrumb\":{\"@id\":\"https:\/\/www.hemrex.com\/en\/produit\/bicolour-dress-gospel\/#breadcrumb\"},\"inLanguage\":\"en-US\",\"potentialAction\":[{\"@type\":\"ReadAction\",\"target\":[\"https:\/\/www.hemrex.com\/en\/produit\/bicolour-dress-gospel\/\"]}]},{\"@type\":\"ImageObject\",\"inLanguage\":\"en-US\",\"@id\":\"https:\/\/www.hemrex.com\/en\/produit\/bicolour-dress-gospel\/#primaryimage\",\"url\":\"https:\/\/www.hemrex.com\/wp-content\/uploads\/2024\/08\/bleu-et-blanc.png\",\"contentUrl\":\"https:\/\/www.hemrex.com\/wp-content\/uploads\/2024\/08\/bleu-et-blanc.png\",\"width\":595,\"height\":842,\"caption\":\"toge bicolor blanche et bleue\"},{\"@type\":\"BreadcrumbList\",\"@id\":\"https:\/\/www.hemrex.com\/en\/produit\/bicolour-dress-gospel\/#breadcrumb\",\"itemListElement\":[{\"@type\":\"ListItem\",\"position\":1,\"name\":\"Accueil\",\"item\":\"https:\/\/www.hemrex.com\/en\/home-2\/\"},{\"@type\":\"ListItem\",\"position\":2,\"name\":\"Our products\",\"item\":\"https:\/\/www.hemrex.com\/en\/our-products\/\"},{\"@type\":\"ListItem\",\"position\":3,\"name\":\"Bicolour dress &#8211; gospel\"}]},{\"@type\":\"WebSite\",\"@id\":\"https:\/\/www.hemrex.com\/#website\",\"url\":\"https:\/\/www.hemrex.com\/\",\"name\":\"\",\"description\":\"Tenues et accessoires pour les c\u00e9r\u00e9monies de remise des dipl\u00f4mes et objets promotionnels personnalis\u00e9s\",\"potentialAction\":[{\"@type\":\"SearchAction\",\"target\":{\"@type\":\"EntryPoint\",\"urlTemplate\":\"https:\/\/www.hemrex.com\/?s={search_term_string}\"},\"query-input\":{\"@type\":\"PropertyValueSpecification\",\"valueRequired\":true,\"valueName\":\"search_term_string\"}}],\"inLanguage\":\"en-US\"}]}<\/script>\n<!-- \/ Yoast SEO plugin. -->","yoast_head_json":{"title":"Bicolour dress - gospel - Hemrex","description":"Bicolour gospel dress, choice of colors, matte or glossy material, first name imprint, logo, embroidered patch, custom two-tone dress.","robots":{"index":"index","follow":"follow","max-snippet":"max-snippet:-1","max-image-preview":"max-image-preview:large","max-video-preview":"max-video-preview:-1"},"canonical":"https:\/\/www.hemrex.com\/en\/produit\/bicolour-dress-gospel\/","og_locale":"en_US","og_type":"article","og_title":"Bicolour dress - gospel - Hemrex","og_description":"Bicolour gospel dress, choice of colors, matte or glossy material, first name imprint, logo, embroidered patch, custom two-tone dress.","og_url":"https:\/\/www.hemrex.com\/en\/produit\/bicolour-dress-gospel\/","article_modified_time":"2025-11-14T15:00:08+00:00","og_image":[{"width":595,"height":842,"url":"https:\/\/www.hemrex.com\/wp-content\/uploads\/2024\/08\/bleu-et-blanc.png","type":"image\/png"}],"twitter_card":"summary_large_image","schema":{"@context":"https:\/\/schema.org","@graph":[{"@type":"WebPage","@id":"https:\/\/www.hemrex.com\/en\/produit\/bicolour-dress-gospel\/","url":"https:\/\/www.hemrex.com\/en\/produit\/bicolour-dress-gospel\/","name":"Bicolour dress - gospel - Hemrex","isPartOf":{"@id":"https:\/\/www.hemrex.com\/#website"},"primaryImageOfPage":{"@id":"https:\/\/www.hemrex.com\/en\/produit\/bicolour-dress-gospel\/#primaryimage"},"image":{"@id":"https:\/\/www.hemrex.com\/en\/produit\/bicolour-dress-gospel\/#primaryimage"},"thumbnailUrl":"https:\/\/www.hemrex.com\/wp-content\/uploads\/2024\/08\/bleu-et-blanc.png","datePublished":"2024-10-14T13:58:40+00:00","dateModified":"2025-11-14T15:00:08+00:00","description":"Bicolour gospel dress, choice of colors, matte or glossy material, first name imprint, logo, embroidered patch, custom two-tone dress.","breadcrumb":{"@id":"https:\/\/www.hemrex.com\/en\/produit\/bicolour-dress-gospel\/#breadcrumb"},"inLanguage":"en-US","potentialAction":[{"@type":"ReadAction","target":["https:\/\/www.hemrex.com\/en\/produit\/bicolour-dress-gospel\/"]}]},{"@type":"ImageObject","inLanguage":"en-US","@id":"https:\/\/www.hemrex.com\/en\/produit\/bicolour-dress-gospel\/#primaryimage","url":"https:\/\/www.hemrex.com\/wp-content\/uploads\/2024\/08\/bleu-et-blanc.png","contentUrl":"https:\/\/www.hemrex.com\/wp-content\/uploads\/2024\/08\/bleu-et-blanc.png","width":595,"height":842,"caption":"toge bicolor blanche et bleue"},{"@type":"BreadcrumbList","@id":"https:\/\/www.hemrex.com\/en\/produit\/bicolour-dress-gospel\/#breadcrumb","itemListElement":[{"@type":"ListItem","position":1,"name":"Accueil","item":"https:\/\/www.hemrex.com\/en\/home-2\/"},{"@type":"ListItem","position":2,"name":"Our products","item":"https:\/\/www.hemrex.com\/en\/our-products\/"},{"@type":"ListItem","position":3,"name":"Bicolour dress &#8211; gospel"}]},{"@type":"WebSite","@id":"https:\/\/www.hemrex.com\/#website","url":"https:\/\/www.hemrex.com\/","name":"","description":"Tenues et accessoires pour les c\u00e9r\u00e9monies de remise des dipl\u00f4mes et objets promotionnels personnalis\u00e9s","potentialAction":[{"@type":"SearchAction","target":{"@type":"EntryPoint","urlTemplate":"https:\/\/www.hemrex.com\/?s={search_term_string}"},"query-input":{"@type":"PropertyValueSpecification","valueRequired":true,"valueName":"search_term_string"}}],"inLanguage":"en-US"}]}},"_links":{"self":[{"href":"https:\/\/www.hemrex.com\/en\/wp-json\/wp\/v2\/product\/6417"}],"collection":[{"href":"https:\/\/www.hemrex.com\/en\/wp-json\/wp\/v2\/product"}],"about":[{"href":"https:\/\/www.hemrex.com\/en\/wp-json\/wp\/v2\/types\/product"}],"replies":[{"embeddable":true,"href":"https:\/\/www.hemrex.com\/en\/wp-json\/wp\/v2\/comments?post=6417"}],"version-history":[{"count":4,"href":"https:\/\/www.hemrex.com\/en\/wp-json\/wp\/v2\/product\/6417\/revisions"}],"predecessor-version":[{"id":7765,"href":"https:\/\/www.hemrex.com\/en\/wp-json\/wp\/v2\/product\/6417\/revisions\/7765"}],"wp:featuredmedia":[{"embeddable":true,"href":"https:\/\/www.hemrex.com\/en\/wp-json\/wp\/v2\/media\/4022"}],"wp:attachment":[{"href":"https:\/\/www.hemrex.com\/en\/wp-json\/wp\/v2\/media?parent=6417"}],"wp:term":[{"taxonomy":"product_brand","embeddable":true,"href":"https:\/\/www.hemrex.com\/en\/wp-json\/wp\/v2\/product_brand?post=6417"},{"taxonomy":"product_cat","embeddable":true,"href":"https:\/\/www.hemrex.com\/en\/wp-json\/wp\/v2\/product_cat?post=6417"},{"taxonomy":"product_tag","embeddable":true,"href":"https:\/\/www.hemrex.com\/en\/wp-json\/wp\/v2\/product_tag?post=6417"}],"curies":[{"name":"wp","href":"https:\/\/api.w.org\/{rel}","templated":true}]}}