{"id":6399,"date":"2024-10-14T14:50:40","date_gmt":"2024-10-14T12:50:40","guid":{"rendered":"https:\/\/www.hemrex.com\/?post_type=product&#038;p=6399"},"modified":"2025-10-22T11:27:15","modified_gmt":"2025-10-22T09:27:15","slug":"dress-professor-of-letters-and-human-sciences-daffodil","status":"publish","type":"product","link":"https:\/\/www.hemrex.com\/en\/produit\/dress-professor-of-letters-and-human-sciences-daffodil\/","title":{"rendered":"Dress &#8211; Professor of Letters and Human Sciences &#8211; Daffodil"},"content":{"rendered":"","protected":false},"excerpt":{"rendered":"<p>* Rayon and cotton lapels and simarres<br \/>\n* Daffodil <a href=\"https:\/\/www.hemrex.com\/en\/produit\/traditional-epitoge\/\"><strong>epitoge<\/strong> <\/a>3 row fur<br \/>\n* Daffodil silk belt with gold fringes<br \/>\n* Pleated flap in cotton or lace jabot (Doyen)<\/p>\n<p>Option : <a href=\"https:\/\/www.hemrex.com\/en\/produit\/traditional-university-cap\/\"><strong>Daffodil ca<\/strong><\/a>p with one gold braid<br \/>\n100% rayon and cotton<br \/>\n<strong>Reference<\/strong> : Leshan<\/p>\n","protected":false},"featured_media":8484,"comment_status":"closed","ping_status":"closed","template":"","meta":[],"product_brand":[],"product_cat":[140],"product_tag":[],"class_list":{"0":"post-6399","1":"product","2":"type-product","3":"status-publish","4":"has-post-thumbnail","6":"product_cat-dresses-professors","8":"entry","9":"has-media","11":"first","12":"instock","13":"taxable","14":"shipping-taxable","15":"product-type-simple","16":"col","17":"span_1_of_3","18":"owp-content-center","19":"owp-thumbs-layout-horizontal","20":"owp-btn-normal","21":"owp-tabs-layout-horizontal","22":"has-no-thumbnails"},"yoast_head":"<!-- This site is optimized with the Yoast SEO plugin v25.5 - https:\/\/yoast.com\/wordpress\/plugins\/seo\/ -->\n<title>Dress - Professor of Letters and Human Sciences - Daffodil<\/title>\n<meta name=\"description\" content=\"The dress of Professor of Letters and Human Sciences is available to buy. Option: yellow cap with gold braid. Composition : 100% rayon and cotton.\" \/>\n<meta name=\"robots\" content=\"index, follow, max-snippet:-1, max-image-preview:large, max-video-preview:-1\" \/>\n<link rel=\"canonical\" href=\"https:\/\/www.hemrex.com\/en\/produit\/dress-professor-of-letters-and-human-sciences-daffodil\/\" \/>\n<meta property=\"og:locale\" content=\"en_US\" \/>\n<meta property=\"og:type\" content=\"article\" \/>\n<meta property=\"og:title\" content=\"Dress - Professor of Letters and Human Sciences - Daffodil\" \/>\n<meta property=\"og:description\" content=\"The dress of Professor of Letters and Human Sciences is available to buy. Option: yellow cap with gold braid. Composition : 100% rayon and cotton.\" \/>\n<meta property=\"og:url\" content=\"https:\/\/www.hemrex.com\/en\/produit\/dress-professor-of-letters-and-human-sciences-daffodil\/\" \/>\n<meta property=\"article:modified_time\" content=\"2025-10-22T09:27:15+00:00\" \/>\n<meta property=\"og:image\" content=\"https:\/\/www.hemrex.com\/wp-content\/uploads\/2024\/10\/robe-professeur-de-lettres-et-sciences-humaines_v2.png\" \/>\n\t<meta property=\"og:image:width\" content=\"595\" \/>\n\t<meta property=\"og:image:height\" content=\"842\" \/>\n\t<meta property=\"og:image:type\" content=\"image\/png\" \/>\n<meta name=\"twitter:card\" content=\"summary_large_image\" \/>\n<script type=\"application\/ld+json\" class=\"yoast-schema-graph\">{\"@context\":\"https:\/\/schema.org\",\"@graph\":[{\"@type\":\"WebPage\",\"@id\":\"https:\/\/www.hemrex.com\/en\/produit\/dress-professor-of-letters-and-human-sciences-daffodil\/\",\"url\":\"https:\/\/www.hemrex.com\/en\/produit\/dress-professor-of-letters-and-human-sciences-daffodil\/\",\"name\":\"Dress - Professor of Letters and Human Sciences - Daffodil\",\"isPartOf\":{\"@id\":\"https:\/\/www.hemrex.com\/#website\"},\"primaryImageOfPage\":{\"@id\":\"https:\/\/www.hemrex.com\/en\/produit\/dress-professor-of-letters-and-human-sciences-daffodil\/#primaryimage\"},\"image\":{\"@id\":\"https:\/\/www.hemrex.com\/en\/produit\/dress-professor-of-letters-and-human-sciences-daffodil\/#primaryimage\"},\"thumbnailUrl\":\"https:\/\/www.hemrex.com\/wp-content\/uploads\/2024\/10\/robe-professeur-de-lettres-et-sciences-humaines_v2.png\",\"datePublished\":\"2024-10-14T12:50:40+00:00\",\"dateModified\":\"2025-10-22T09:27:15+00:00\",\"description\":\"The dress of Professor of Letters and Human Sciences is available to buy. Option: yellow cap with gold braid. Composition : 100% rayon and cotton.\",\"breadcrumb\":{\"@id\":\"https:\/\/www.hemrex.com\/en\/produit\/dress-professor-of-letters-and-human-sciences-daffodil\/#breadcrumb\"},\"inLanguage\":\"en-US\",\"potentialAction\":[{\"@type\":\"ReadAction\",\"target\":[\"https:\/\/www.hemrex.com\/en\/produit\/dress-professor-of-letters-and-human-sciences-daffodil\/\"]}]},{\"@type\":\"ImageObject\",\"inLanguage\":\"en-US\",\"@id\":\"https:\/\/www.hemrex.com\/en\/produit\/dress-professor-of-letters-and-human-sciences-daffodil\/#primaryimage\",\"url\":\"https:\/\/www.hemrex.com\/wp-content\/uploads\/2024\/10\/robe-professeur-de-lettres-et-sciences-humaines_v2.png\",\"contentUrl\":\"https:\/\/www.hemrex.com\/wp-content\/uploads\/2024\/10\/robe-professeur-de-lettres-et-sciences-humaines_v2.png\",\"width\":595,\"height\":842},{\"@type\":\"BreadcrumbList\",\"@id\":\"https:\/\/www.hemrex.com\/en\/produit\/dress-professor-of-letters-and-human-sciences-daffodil\/#breadcrumb\",\"itemListElement\":[{\"@type\":\"ListItem\",\"position\":1,\"name\":\"Accueil\",\"item\":\"https:\/\/www.hemrex.com\/en\/home-2\/\"},{\"@type\":\"ListItem\",\"position\":2,\"name\":\"Our products\",\"item\":\"https:\/\/www.hemrex.com\/en\/our-products\/\"},{\"@type\":\"ListItem\",\"position\":3,\"name\":\"Dress &#8211; Professor of Letters and Human Sciences &#8211; Daffodil\"}]},{\"@type\":\"WebSite\",\"@id\":\"https:\/\/www.hemrex.com\/#website\",\"url\":\"https:\/\/www.hemrex.com\/\",\"name\":\"\",\"description\":\"Tenues et accessoires pour les c\u00e9r\u00e9monies de remise des dipl\u00f4mes et objets promotionnels personnalis\u00e9s\",\"potentialAction\":[{\"@type\":\"SearchAction\",\"target\":{\"@type\":\"EntryPoint\",\"urlTemplate\":\"https:\/\/www.hemrex.com\/?s={search_term_string}\"},\"query-input\":{\"@type\":\"PropertyValueSpecification\",\"valueRequired\":true,\"valueName\":\"search_term_string\"}}],\"inLanguage\":\"en-US\"}]}<\/script>\n<!-- \/ Yoast SEO plugin. -->","yoast_head_json":{"title":"Dress - Professor of Letters and Human Sciences - Daffodil","description":"The dress of Professor of Letters and Human Sciences is available to buy. Option: yellow cap with gold braid. Composition : 100% rayon and cotton.","robots":{"index":"index","follow":"follow","max-snippet":"max-snippet:-1","max-image-preview":"max-image-preview:large","max-video-preview":"max-video-preview:-1"},"canonical":"https:\/\/www.hemrex.com\/en\/produit\/dress-professor-of-letters-and-human-sciences-daffodil\/","og_locale":"en_US","og_type":"article","og_title":"Dress - Professor of Letters and Human Sciences - Daffodil","og_description":"The dress of Professor of Letters and Human Sciences is available to buy. Option: yellow cap with gold braid. Composition : 100% rayon and cotton.","og_url":"https:\/\/www.hemrex.com\/en\/produit\/dress-professor-of-letters-and-human-sciences-daffodil\/","article_modified_time":"2025-10-22T09:27:15+00:00","og_image":[{"width":595,"height":842,"url":"https:\/\/www.hemrex.com\/wp-content\/uploads\/2024\/10\/robe-professeur-de-lettres-et-sciences-humaines_v2.png","type":"image\/png"}],"twitter_card":"summary_large_image","schema":{"@context":"https:\/\/schema.org","@graph":[{"@type":"WebPage","@id":"https:\/\/www.hemrex.com\/en\/produit\/dress-professor-of-letters-and-human-sciences-daffodil\/","url":"https:\/\/www.hemrex.com\/en\/produit\/dress-professor-of-letters-and-human-sciences-daffodil\/","name":"Dress - Professor of Letters and Human Sciences - Daffodil","isPartOf":{"@id":"https:\/\/www.hemrex.com\/#website"},"primaryImageOfPage":{"@id":"https:\/\/www.hemrex.com\/en\/produit\/dress-professor-of-letters-and-human-sciences-daffodil\/#primaryimage"},"image":{"@id":"https:\/\/www.hemrex.com\/en\/produit\/dress-professor-of-letters-and-human-sciences-daffodil\/#primaryimage"},"thumbnailUrl":"https:\/\/www.hemrex.com\/wp-content\/uploads\/2024\/10\/robe-professeur-de-lettres-et-sciences-humaines_v2.png","datePublished":"2024-10-14T12:50:40+00:00","dateModified":"2025-10-22T09:27:15+00:00","description":"The dress of Professor of Letters and Human Sciences is available to buy. Option: yellow cap with gold braid. Composition : 100% rayon and cotton.","breadcrumb":{"@id":"https:\/\/www.hemrex.com\/en\/produit\/dress-professor-of-letters-and-human-sciences-daffodil\/#breadcrumb"},"inLanguage":"en-US","potentialAction":[{"@type":"ReadAction","target":["https:\/\/www.hemrex.com\/en\/produit\/dress-professor-of-letters-and-human-sciences-daffodil\/"]}]},{"@type":"ImageObject","inLanguage":"en-US","@id":"https:\/\/www.hemrex.com\/en\/produit\/dress-professor-of-letters-and-human-sciences-daffodil\/#primaryimage","url":"https:\/\/www.hemrex.com\/wp-content\/uploads\/2024\/10\/robe-professeur-de-lettres-et-sciences-humaines_v2.png","contentUrl":"https:\/\/www.hemrex.com\/wp-content\/uploads\/2024\/10\/robe-professeur-de-lettres-et-sciences-humaines_v2.png","width":595,"height":842},{"@type":"BreadcrumbList","@id":"https:\/\/www.hemrex.com\/en\/produit\/dress-professor-of-letters-and-human-sciences-daffodil\/#breadcrumb","itemListElement":[{"@type":"ListItem","position":1,"name":"Accueil","item":"https:\/\/www.hemrex.com\/en\/home-2\/"},{"@type":"ListItem","position":2,"name":"Our products","item":"https:\/\/www.hemrex.com\/en\/our-products\/"},{"@type":"ListItem","position":3,"name":"Dress &#8211; Professor of Letters and Human Sciences &#8211; Daffodil"}]},{"@type":"WebSite","@id":"https:\/\/www.hemrex.com\/#website","url":"https:\/\/www.hemrex.com\/","name":"","description":"Tenues et accessoires pour les c\u00e9r\u00e9monies de remise des dipl\u00f4mes et objets promotionnels personnalis\u00e9s","potentialAction":[{"@type":"SearchAction","target":{"@type":"EntryPoint","urlTemplate":"https:\/\/www.hemrex.com\/?s={search_term_string}"},"query-input":{"@type":"PropertyValueSpecification","valueRequired":true,"valueName":"search_term_string"}}],"inLanguage":"en-US"}]}},"_links":{"self":[{"href":"https:\/\/www.hemrex.com\/en\/wp-json\/wp\/v2\/product\/6399"}],"collection":[{"href":"https:\/\/www.hemrex.com\/en\/wp-json\/wp\/v2\/product"}],"about":[{"href":"https:\/\/www.hemrex.com\/en\/wp-json\/wp\/v2\/types\/product"}],"replies":[{"embeddable":true,"href":"https:\/\/www.hemrex.com\/en\/wp-json\/wp\/v2\/comments?post=6399"}],"version-history":[{"count":7,"href":"https:\/\/www.hemrex.com\/en\/wp-json\/wp\/v2\/product\/6399\/revisions"}],"predecessor-version":[{"id":7738,"href":"https:\/\/www.hemrex.com\/en\/wp-json\/wp\/v2\/product\/6399\/revisions\/7738"}],"wp:featuredmedia":[{"embeddable":true,"href":"https:\/\/www.hemrex.com\/en\/wp-json\/wp\/v2\/media\/8484"}],"wp:attachment":[{"href":"https:\/\/www.hemrex.com\/en\/wp-json\/wp\/v2\/media?parent=6399"}],"wp:term":[{"taxonomy":"product_brand","embeddable":true,"href":"https:\/\/www.hemrex.com\/en\/wp-json\/wp\/v2\/product_brand?post=6399"},{"taxonomy":"product_cat","embeddable":true,"href":"https:\/\/www.hemrex.com\/en\/wp-json\/wp\/v2\/product_cat?post=6399"},{"taxonomy":"product_tag","embeddable":true,"href":"https:\/\/www.hemrex.com\/en\/wp-json\/wp\/v2\/product_tag?post=6399"}],"curies":[{"name":"wp","href":"https:\/\/api.w.org\/{rel}","templated":true}]}}