{"id":6397,"date":"2024-10-14T14:43:45","date_gmt":"2024-10-14T12:43:45","guid":{"rendered":"https:\/\/www.hemrex.com\/?post_type=product&#038;p=6397"},"modified":"2025-10-22T11:29:59","modified_gmt":"2025-10-22T09:29:59","slug":"dress-science-professor-amaranth","status":"publish","type":"product","link":"https:\/\/www.hemrex.com\/en\/produit\/dress-science-professor-amaranth\/","title":{"rendered":"Dress &#8211; Science Professor &#8211; amaranth"},"content":{"rendered":"","protected":false},"excerpt":{"rendered":"<p>* Black wool<br \/>\n* Rayon and cotton lapels and simarres<br \/>\n* Amaranth <a href=\"https:\/\/www.hemrex.com\/en\/produit\/traditional-epitoge\/\"><strong>epitoge<\/strong> <\/a>with 3 rows of fur<br \/>\n* Amaranth silk belt with gold fringes<br \/>\n* Pleated flap in cotton or lace jabot (doyen)<\/p>\n<p>55% cotton and 45% viscose<br \/>\nOption: <a href=\"https:\/\/www.hemrex.com\/en\/produit\/traditional-university-cap\/\"><strong>amaranth cap<\/strong><\/a> with one gold braid<br \/>\n<strong>Reference<\/strong> : Tachkent<\/p>\n","protected":false},"featured_media":8486,"comment_status":"closed","ping_status":"closed","template":"","meta":[],"product_brand":[],"product_cat":[140],"product_tag":[],"class_list":{"0":"post-6397","1":"product","2":"type-product","3":"status-publish","4":"has-post-thumbnail","6":"product_cat-dresses-professors","8":"entry","9":"has-media","11":"first","12":"instock","13":"taxable","14":"shipping-taxable","15":"product-type-simple","16":"col","17":"span_1_of_3","18":"owp-content-center","19":"owp-thumbs-layout-horizontal","20":"owp-btn-normal","21":"owp-tabs-layout-horizontal","22":"has-no-thumbnails"},"yoast_head":"<!-- This site is optimized with the Yoast SEO plugin v25.5 - https:\/\/yoast.com\/wordpress\/plugins\/seo\/ -->\n<title>Dress - Science Professor - amaranth - Hemrex<\/title>\n<meta name=\"description\" content=\"The dress of Science Professor is available to buy. Composition : 55% cotton and 45% viscose. Option : amaranth cap with gold braid.\" \/>\n<meta name=\"robots\" content=\"index, follow, max-snippet:-1, max-image-preview:large, max-video-preview:-1\" \/>\n<link rel=\"canonical\" href=\"https:\/\/www.hemrex.com\/en\/produit\/dress-science-professor-amaranth\/\" \/>\n<meta property=\"og:locale\" content=\"en_US\" \/>\n<meta property=\"og:type\" content=\"article\" \/>\n<meta property=\"og:title\" content=\"Dress - Science Professor - amaranth - Hemrex\" \/>\n<meta property=\"og:description\" content=\"The dress of Science Professor is available to buy. Composition : 55% cotton and 45% viscose. Option : amaranth cap with gold braid.\" \/>\n<meta property=\"og:url\" content=\"https:\/\/www.hemrex.com\/en\/produit\/dress-science-professor-amaranth\/\" \/>\n<meta property=\"article:modified_time\" content=\"2025-10-22T09:29:59+00:00\" \/>\n<meta property=\"og:image\" content=\"https:\/\/www.hemrex.com\/wp-content\/uploads\/2024\/10\/robe-de-professeur-amarante-Sciences_v2.png\" \/>\n\t<meta property=\"og:image:width\" content=\"595\" \/>\n\t<meta property=\"og:image:height\" content=\"842\" \/>\n\t<meta property=\"og:image:type\" content=\"image\/png\" \/>\n<meta name=\"twitter:card\" content=\"summary_large_image\" \/>\n<script type=\"application\/ld+json\" class=\"yoast-schema-graph\">{\"@context\":\"https:\/\/schema.org\",\"@graph\":[{\"@type\":\"WebPage\",\"@id\":\"https:\/\/www.hemrex.com\/en\/produit\/dress-science-professor-amaranth\/\",\"url\":\"https:\/\/www.hemrex.com\/en\/produit\/dress-science-professor-amaranth\/\",\"name\":\"Dress - Science Professor - amaranth - Hemrex\",\"isPartOf\":{\"@id\":\"https:\/\/www.hemrex.com\/#website\"},\"primaryImageOfPage\":{\"@id\":\"https:\/\/www.hemrex.com\/en\/produit\/dress-science-professor-amaranth\/#primaryimage\"},\"image\":{\"@id\":\"https:\/\/www.hemrex.com\/en\/produit\/dress-science-professor-amaranth\/#primaryimage\"},\"thumbnailUrl\":\"https:\/\/www.hemrex.com\/wp-content\/uploads\/2024\/10\/robe-de-professeur-amarante-Sciences_v2.png\",\"datePublished\":\"2024-10-14T12:43:45+00:00\",\"dateModified\":\"2025-10-22T09:29:59+00:00\",\"description\":\"The dress of Science Professor is available to buy. Composition : 55% cotton and 45% viscose. Option : amaranth cap with gold braid.\",\"breadcrumb\":{\"@id\":\"https:\/\/www.hemrex.com\/en\/produit\/dress-science-professor-amaranth\/#breadcrumb\"},\"inLanguage\":\"en-US\",\"potentialAction\":[{\"@type\":\"ReadAction\",\"target\":[\"https:\/\/www.hemrex.com\/en\/produit\/dress-science-professor-amaranth\/\"]}]},{\"@type\":\"ImageObject\",\"inLanguage\":\"en-US\",\"@id\":\"https:\/\/www.hemrex.com\/en\/produit\/dress-science-professor-amaranth\/#primaryimage\",\"url\":\"https:\/\/www.hemrex.com\/wp-content\/uploads\/2024\/10\/robe-de-professeur-amarante-Sciences_v2.png\",\"contentUrl\":\"https:\/\/www.hemrex.com\/wp-content\/uploads\/2024\/10\/robe-de-professeur-amarante-Sciences_v2.png\",\"width\":595,\"height\":842},{\"@type\":\"BreadcrumbList\",\"@id\":\"https:\/\/www.hemrex.com\/en\/produit\/dress-science-professor-amaranth\/#breadcrumb\",\"itemListElement\":[{\"@type\":\"ListItem\",\"position\":1,\"name\":\"Accueil\",\"item\":\"https:\/\/www.hemrex.com\/en\/home-2\/\"},{\"@type\":\"ListItem\",\"position\":2,\"name\":\"Our products\",\"item\":\"https:\/\/www.hemrex.com\/en\/our-products\/\"},{\"@type\":\"ListItem\",\"position\":3,\"name\":\"Dress &#8211; Science Professor &#8211; amaranth\"}]},{\"@type\":\"WebSite\",\"@id\":\"https:\/\/www.hemrex.com\/#website\",\"url\":\"https:\/\/www.hemrex.com\/\",\"name\":\"\",\"description\":\"Tenues et accessoires pour les c\u00e9r\u00e9monies de remise des dipl\u00f4mes et objets promotionnels personnalis\u00e9s\",\"potentialAction\":[{\"@type\":\"SearchAction\",\"target\":{\"@type\":\"EntryPoint\",\"urlTemplate\":\"https:\/\/www.hemrex.com\/?s={search_term_string}\"},\"query-input\":{\"@type\":\"PropertyValueSpecification\",\"valueRequired\":true,\"valueName\":\"search_term_string\"}}],\"inLanguage\":\"en-US\"}]}<\/script>\n<!-- \/ Yoast SEO plugin. -->","yoast_head_json":{"title":"Dress - Science Professor - amaranth - Hemrex","description":"The dress of Science Professor is available to buy. Composition : 55% cotton and 45% viscose. Option : amaranth cap with gold braid.","robots":{"index":"index","follow":"follow","max-snippet":"max-snippet:-1","max-image-preview":"max-image-preview:large","max-video-preview":"max-video-preview:-1"},"canonical":"https:\/\/www.hemrex.com\/en\/produit\/dress-science-professor-amaranth\/","og_locale":"en_US","og_type":"article","og_title":"Dress - Science Professor - amaranth - Hemrex","og_description":"The dress of Science Professor is available to buy. Composition : 55% cotton and 45% viscose. Option : amaranth cap with gold braid.","og_url":"https:\/\/www.hemrex.com\/en\/produit\/dress-science-professor-amaranth\/","article_modified_time":"2025-10-22T09:29:59+00:00","og_image":[{"width":595,"height":842,"url":"https:\/\/www.hemrex.com\/wp-content\/uploads\/2024\/10\/robe-de-professeur-amarante-Sciences_v2.png","type":"image\/png"}],"twitter_card":"summary_large_image","schema":{"@context":"https:\/\/schema.org","@graph":[{"@type":"WebPage","@id":"https:\/\/www.hemrex.com\/en\/produit\/dress-science-professor-amaranth\/","url":"https:\/\/www.hemrex.com\/en\/produit\/dress-science-professor-amaranth\/","name":"Dress - Science Professor - amaranth - Hemrex","isPartOf":{"@id":"https:\/\/www.hemrex.com\/#website"},"primaryImageOfPage":{"@id":"https:\/\/www.hemrex.com\/en\/produit\/dress-science-professor-amaranth\/#primaryimage"},"image":{"@id":"https:\/\/www.hemrex.com\/en\/produit\/dress-science-professor-amaranth\/#primaryimage"},"thumbnailUrl":"https:\/\/www.hemrex.com\/wp-content\/uploads\/2024\/10\/robe-de-professeur-amarante-Sciences_v2.png","datePublished":"2024-10-14T12:43:45+00:00","dateModified":"2025-10-22T09:29:59+00:00","description":"The dress of Science Professor is available to buy. Composition : 55% cotton and 45% viscose. Option : amaranth cap with gold braid.","breadcrumb":{"@id":"https:\/\/www.hemrex.com\/en\/produit\/dress-science-professor-amaranth\/#breadcrumb"},"inLanguage":"en-US","potentialAction":[{"@type":"ReadAction","target":["https:\/\/www.hemrex.com\/en\/produit\/dress-science-professor-amaranth\/"]}]},{"@type":"ImageObject","inLanguage":"en-US","@id":"https:\/\/www.hemrex.com\/en\/produit\/dress-science-professor-amaranth\/#primaryimage","url":"https:\/\/www.hemrex.com\/wp-content\/uploads\/2024\/10\/robe-de-professeur-amarante-Sciences_v2.png","contentUrl":"https:\/\/www.hemrex.com\/wp-content\/uploads\/2024\/10\/robe-de-professeur-amarante-Sciences_v2.png","width":595,"height":842},{"@type":"BreadcrumbList","@id":"https:\/\/www.hemrex.com\/en\/produit\/dress-science-professor-amaranth\/#breadcrumb","itemListElement":[{"@type":"ListItem","position":1,"name":"Accueil","item":"https:\/\/www.hemrex.com\/en\/home-2\/"},{"@type":"ListItem","position":2,"name":"Our products","item":"https:\/\/www.hemrex.com\/en\/our-products\/"},{"@type":"ListItem","position":3,"name":"Dress &#8211; Science Professor &#8211; amaranth"}]},{"@type":"WebSite","@id":"https:\/\/www.hemrex.com\/#website","url":"https:\/\/www.hemrex.com\/","name":"","description":"Tenues et accessoires pour les c\u00e9r\u00e9monies de remise des dipl\u00f4mes et objets promotionnels personnalis\u00e9s","potentialAction":[{"@type":"SearchAction","target":{"@type":"EntryPoint","urlTemplate":"https:\/\/www.hemrex.com\/?s={search_term_string}"},"query-input":{"@type":"PropertyValueSpecification","valueRequired":true,"valueName":"search_term_string"}}],"inLanguage":"en-US"}]}},"_links":{"self":[{"href":"https:\/\/www.hemrex.com\/en\/wp-json\/wp\/v2\/product\/6397"}],"collection":[{"href":"https:\/\/www.hemrex.com\/en\/wp-json\/wp\/v2\/product"}],"about":[{"href":"https:\/\/www.hemrex.com\/en\/wp-json\/wp\/v2\/types\/product"}],"replies":[{"embeddable":true,"href":"https:\/\/www.hemrex.com\/en\/wp-json\/wp\/v2\/comments?post=6397"}],"version-history":[{"count":5,"href":"https:\/\/www.hemrex.com\/en\/wp-json\/wp\/v2\/product\/6397\/revisions"}],"predecessor-version":[{"id":7736,"href":"https:\/\/www.hemrex.com\/en\/wp-json\/wp\/v2\/product\/6397\/revisions\/7736"}],"wp:featuredmedia":[{"embeddable":true,"href":"https:\/\/www.hemrex.com\/en\/wp-json\/wp\/v2\/media\/8486"}],"wp:attachment":[{"href":"https:\/\/www.hemrex.com\/en\/wp-json\/wp\/v2\/media?parent=6397"}],"wp:term":[{"taxonomy":"product_brand","embeddable":true,"href":"https:\/\/www.hemrex.com\/en\/wp-json\/wp\/v2\/product_brand?post=6397"},{"taxonomy":"product_cat","embeddable":true,"href":"https:\/\/www.hemrex.com\/en\/wp-json\/wp\/v2\/product_cat?post=6397"},{"taxonomy":"product_tag","embeddable":true,"href":"https:\/\/www.hemrex.com\/en\/wp-json\/wp\/v2\/product_tag?post=6397"}],"curies":[{"name":"wp","href":"https:\/\/api.w.org\/{rel}","templated":true}]}}