{"id":6384,"date":"2024-10-14T13:54:13","date_gmt":"2024-10-14T11:54:13","guid":{"rendered":"https:\/\/www.hemrex.com\/?post_type=product&#038;p=6384"},"modified":"2025-08-08T10:47:51","modified_gmt":"2025-08-08T08:47:51","slug":"two-colors-stole","status":"publish","type":"product","link":"https:\/\/www.hemrex.com\/en\/produit\/two-colors-stole\/","title":{"rendered":"Two colors graduation stole"},"content":{"rendered":"","protected":false},"excerpt":{"rendered":"<p>* Standard or Pantone\u00ae colors<br \/>\n* Customization: printing, embroidery, badging<br \/>\n* Satin on both sides or satin and matte duo<br \/>\n* Match your stole with a <a href=\"https:\/\/www.hemrex.com\/en\/categorie-produit\/set-gowncaptassel\/\"><strong>gown<\/strong><\/a>, a <a href=\"https:\/\/www.hemrex.com\/en\/categorie-produit\/caps-tassels\/https:\/\/www.hemrex.com\/en\/categorie-produit\/caps-tassels\/\"><strong>cap, a tassel<\/strong><\/a> or an <a href=\"https:\/\/www.hemrex.com\/en\/categorie-produit\/accessories\/\"><strong>accessory<\/strong><\/a><\/p>\n<p>Size: Total length 152 cm &#8211; adjustable to your needs<br \/>\n100% satin polyester<br \/>\n<strong>Reference<\/strong> : Penang<br \/>\n<span style=\"color: #ff6600;\">Please note: some color shades may vary according to screens<\/span><\/p>\n","protected":false},"featured_media":4005,"comment_status":"closed","ping_status":"closed","template":"","meta":[],"product_brand":[],"product_cat":[92],"product_tag":[],"class_list":{"0":"post-6384","1":"product","2":"type-product","3":"status-publish","4":"has-post-thumbnail","6":"product_cat-graduation-stoles","8":"entry","9":"has-media","11":"first","12":"instock","13":"taxable","14":"shipping-taxable","15":"product-type-simple","16":"col","17":"span_1_of_3","18":"owp-content-center","19":"owp-thumbs-layout-horizontal","20":"owp-btn-normal","21":"owp-tabs-layout-horizontal"},"yoast_head":"<!-- This site is optimized with the Yoast SEO plugin v25.5 - https:\/\/yoast.com\/wordpress\/plugins\/seo\/ -->\n<title>Two colors graduation stole - Hemrex<\/title>\n<meta name=\"description\" content=\"Graduated two colors stole, choice of satin fabrics, customization with logo, promotion of the year in silkscreen, embroidery...\" \/>\n<meta name=\"robots\" content=\"index, follow, max-snippet:-1, max-image-preview:large, max-video-preview:-1\" \/>\n<link rel=\"canonical\" href=\"https:\/\/www.hemrex.com\/en\/produit\/two-colors-stole\/\" \/>\n<meta property=\"og:locale\" content=\"en_US\" \/>\n<meta property=\"og:type\" content=\"article\" \/>\n<meta property=\"og:title\" content=\"Two colors graduation stole - Hemrex\" \/>\n<meta property=\"og:description\" content=\"Graduated two colors stole, choice of satin fabrics, customization with logo, promotion of the year in silkscreen, embroidery...\" \/>\n<meta property=\"og:url\" content=\"https:\/\/www.hemrex.com\/en\/produit\/two-colors-stole\/\" \/>\n<meta property=\"article:modified_time\" content=\"2025-08-08T08:47:51+00:00\" \/>\n<meta property=\"og:image\" content=\"https:\/\/www.hemrex.com\/wp-content\/uploads\/2024\/08\/ECHARPE-2C-VERT-BLANC-sf.png\" \/>\n\t<meta property=\"og:image:width\" content=\"595\" \/>\n\t<meta property=\"og:image:height\" content=\"842\" \/>\n\t<meta property=\"og:image:type\" content=\"image\/png\" \/>\n<meta name=\"twitter:card\" content=\"summary_large_image\" \/>\n<script type=\"application\/ld+json\" class=\"yoast-schema-graph\">{\"@context\":\"https:\/\/schema.org\",\"@graph\":[{\"@type\":\"WebPage\",\"@id\":\"https:\/\/www.hemrex.com\/en\/produit\/two-colors-stole\/\",\"url\":\"https:\/\/www.hemrex.com\/en\/produit\/two-colors-stole\/\",\"name\":\"Two colors graduation stole - Hemrex\",\"isPartOf\":{\"@id\":\"https:\/\/www.hemrex.com\/#website\"},\"primaryImageOfPage\":{\"@id\":\"https:\/\/www.hemrex.com\/en\/produit\/two-colors-stole\/#primaryimage\"},\"image\":{\"@id\":\"https:\/\/www.hemrex.com\/en\/produit\/two-colors-stole\/#primaryimage\"},\"thumbnailUrl\":\"https:\/\/www.hemrex.com\/wp-content\/uploads\/2024\/08\/ECHARPE-2C-VERT-BLANC-sf.png\",\"datePublished\":\"2024-10-14T11:54:13+00:00\",\"dateModified\":\"2025-08-08T08:47:51+00:00\",\"description\":\"Graduated two colors stole, choice of satin fabrics, customization with logo, promotion of the year in silkscreen, embroidery...\",\"breadcrumb\":{\"@id\":\"https:\/\/www.hemrex.com\/en\/produit\/two-colors-stole\/#breadcrumb\"},\"inLanguage\":\"en-US\",\"potentialAction\":[{\"@type\":\"ReadAction\",\"target\":[\"https:\/\/www.hemrex.com\/en\/produit\/two-colors-stole\/\"]}]},{\"@type\":\"ImageObject\",\"inLanguage\":\"en-US\",\"@id\":\"https:\/\/www.hemrex.com\/en\/produit\/two-colors-stole\/#primaryimage\",\"url\":\"https:\/\/www.hemrex.com\/wp-content\/uploads\/2024\/08\/ECHARPE-2C-VERT-BLANC-sf.png\",\"contentUrl\":\"https:\/\/www.hemrex.com\/wp-content\/uploads\/2024\/08\/ECHARPE-2C-VERT-BLANC-sf.png\",\"width\":595,\"height\":842,\"caption\":\"echarpe bicolor vert et blanc remise de diplome\"},{\"@type\":\"BreadcrumbList\",\"@id\":\"https:\/\/www.hemrex.com\/en\/produit\/two-colors-stole\/#breadcrumb\",\"itemListElement\":[{\"@type\":\"ListItem\",\"position\":1,\"name\":\"Accueil\",\"item\":\"https:\/\/www.hemrex.com\/en\/home-2\/\"},{\"@type\":\"ListItem\",\"position\":2,\"name\":\"Our products\",\"item\":\"https:\/\/www.hemrex.com\/en\/our-products\/\"},{\"@type\":\"ListItem\",\"position\":3,\"name\":\"Two colors graduation stole\"}]},{\"@type\":\"WebSite\",\"@id\":\"https:\/\/www.hemrex.com\/#website\",\"url\":\"https:\/\/www.hemrex.com\/\",\"name\":\"\",\"description\":\"Tenues et accessoires pour les c\u00e9r\u00e9monies de remise des dipl\u00f4mes et objets promotionnels personnalis\u00e9s\",\"potentialAction\":[{\"@type\":\"SearchAction\",\"target\":{\"@type\":\"EntryPoint\",\"urlTemplate\":\"https:\/\/www.hemrex.com\/?s={search_term_string}\"},\"query-input\":{\"@type\":\"PropertyValueSpecification\",\"valueRequired\":true,\"valueName\":\"search_term_string\"}}],\"inLanguage\":\"en-US\"}]}<\/script>\n<!-- \/ Yoast SEO plugin. -->","yoast_head_json":{"title":"Two colors graduation stole - Hemrex","description":"Graduated two colors stole, choice of satin fabrics, customization with logo, promotion of the year in silkscreen, embroidery...","robots":{"index":"index","follow":"follow","max-snippet":"max-snippet:-1","max-image-preview":"max-image-preview:large","max-video-preview":"max-video-preview:-1"},"canonical":"https:\/\/www.hemrex.com\/en\/produit\/two-colors-stole\/","og_locale":"en_US","og_type":"article","og_title":"Two colors graduation stole - Hemrex","og_description":"Graduated two colors stole, choice of satin fabrics, customization with logo, promotion of the year in silkscreen, embroidery...","og_url":"https:\/\/www.hemrex.com\/en\/produit\/two-colors-stole\/","article_modified_time":"2025-08-08T08:47:51+00:00","og_image":[{"width":595,"height":842,"url":"https:\/\/www.hemrex.com\/wp-content\/uploads\/2024\/08\/ECHARPE-2C-VERT-BLANC-sf.png","type":"image\/png"}],"twitter_card":"summary_large_image","schema":{"@context":"https:\/\/schema.org","@graph":[{"@type":"WebPage","@id":"https:\/\/www.hemrex.com\/en\/produit\/two-colors-stole\/","url":"https:\/\/www.hemrex.com\/en\/produit\/two-colors-stole\/","name":"Two colors graduation stole - Hemrex","isPartOf":{"@id":"https:\/\/www.hemrex.com\/#website"},"primaryImageOfPage":{"@id":"https:\/\/www.hemrex.com\/en\/produit\/two-colors-stole\/#primaryimage"},"image":{"@id":"https:\/\/www.hemrex.com\/en\/produit\/two-colors-stole\/#primaryimage"},"thumbnailUrl":"https:\/\/www.hemrex.com\/wp-content\/uploads\/2024\/08\/ECHARPE-2C-VERT-BLANC-sf.png","datePublished":"2024-10-14T11:54:13+00:00","dateModified":"2025-08-08T08:47:51+00:00","description":"Graduated two colors stole, choice of satin fabrics, customization with logo, promotion of the year in silkscreen, embroidery...","breadcrumb":{"@id":"https:\/\/www.hemrex.com\/en\/produit\/two-colors-stole\/#breadcrumb"},"inLanguage":"en-US","potentialAction":[{"@type":"ReadAction","target":["https:\/\/www.hemrex.com\/en\/produit\/two-colors-stole\/"]}]},{"@type":"ImageObject","inLanguage":"en-US","@id":"https:\/\/www.hemrex.com\/en\/produit\/two-colors-stole\/#primaryimage","url":"https:\/\/www.hemrex.com\/wp-content\/uploads\/2024\/08\/ECHARPE-2C-VERT-BLANC-sf.png","contentUrl":"https:\/\/www.hemrex.com\/wp-content\/uploads\/2024\/08\/ECHARPE-2C-VERT-BLANC-sf.png","width":595,"height":842,"caption":"echarpe bicolor vert et blanc remise de diplome"},{"@type":"BreadcrumbList","@id":"https:\/\/www.hemrex.com\/en\/produit\/two-colors-stole\/#breadcrumb","itemListElement":[{"@type":"ListItem","position":1,"name":"Accueil","item":"https:\/\/www.hemrex.com\/en\/home-2\/"},{"@type":"ListItem","position":2,"name":"Our products","item":"https:\/\/www.hemrex.com\/en\/our-products\/"},{"@type":"ListItem","position":3,"name":"Two colors graduation stole"}]},{"@type":"WebSite","@id":"https:\/\/www.hemrex.com\/#website","url":"https:\/\/www.hemrex.com\/","name":"","description":"Tenues et accessoires pour les c\u00e9r\u00e9monies de remise des dipl\u00f4mes et objets promotionnels personnalis\u00e9s","potentialAction":[{"@type":"SearchAction","target":{"@type":"EntryPoint","urlTemplate":"https:\/\/www.hemrex.com\/?s={search_term_string}"},"query-input":{"@type":"PropertyValueSpecification","valueRequired":true,"valueName":"search_term_string"}}],"inLanguage":"en-US"}]}},"_links":{"self":[{"href":"https:\/\/www.hemrex.com\/en\/wp-json\/wp\/v2\/product\/6384"}],"collection":[{"href":"https:\/\/www.hemrex.com\/en\/wp-json\/wp\/v2\/product"}],"about":[{"href":"https:\/\/www.hemrex.com\/en\/wp-json\/wp\/v2\/types\/product"}],"replies":[{"embeddable":true,"href":"https:\/\/www.hemrex.com\/en\/wp-json\/wp\/v2\/comments?post=6384"}],"version-history":[{"count":7,"href":"https:\/\/www.hemrex.com\/en\/wp-json\/wp\/v2\/product\/6384\/revisions"}],"predecessor-version":[{"id":7709,"href":"https:\/\/www.hemrex.com\/en\/wp-json\/wp\/v2\/product\/6384\/revisions\/7709"}],"wp:featuredmedia":[{"embeddable":true,"href":"https:\/\/www.hemrex.com\/en\/wp-json\/wp\/v2\/media\/4005"}],"wp:attachment":[{"href":"https:\/\/www.hemrex.com\/en\/wp-json\/wp\/v2\/media?parent=6384"}],"wp:term":[{"taxonomy":"product_brand","embeddable":true,"href":"https:\/\/www.hemrex.com\/en\/wp-json\/wp\/v2\/product_brand?post=6384"},{"taxonomy":"product_cat","embeddable":true,"href":"https:\/\/www.hemrex.com\/en\/wp-json\/wp\/v2\/product_cat?post=6384"},{"taxonomy":"product_tag","embeddable":true,"href":"https:\/\/www.hemrex.com\/en\/wp-json\/wp\/v2\/product_tag?post=6384"}],"curies":[{"name":"wp","href":"https:\/\/api.w.org\/{rel}","templated":true}]}}