{"id":6352,"date":"2024-10-14T09:50:09","date_gmt":"2024-10-14T07:50:09","guid":{"rendered":"https:\/\/www.hemrex.com\/?post_type=product&#038;p=6352"},"modified":"2025-09-02T15:10:35","modified_gmt":"2025-09-02T13:10:35","slug":"plain-graduation-stole","status":"publish","type":"product","link":"https:\/\/www.hemrex.com\/en\/produit\/plain-graduation-stole\/","title":{"rendered":"Plain graduation stole"},"content":{"rendered":"","protected":false},"excerpt":{"rendered":"<p>* Standard or Pantone\u00ae colors<br \/>\n* Customization: printing, embroidery, badging<br \/>\n* Match your stole with a <a href=\"https:\/\/www.hemrex.com\/en\/categorie-produit\/set-gowncaptassel\/\"><strong>gown<\/strong><\/a>, a <a href=\"https:\/\/www.hemrex.com\/en\/categorie-produit\/caps-tassels\/https:\/\/www.hemrex.com\/en\/categorie-produit\/caps-tassels\/\"><strong>cap, a tassel<\/strong><\/a> or an <a href=\"https:\/\/www.hemrex.com\/en\/categorie-produit\/accessories\/\"><strong>accessory<\/strong><\/a>.<br \/>\n*\u00a0Point or straight finishes<\/p>\n<p>Size: Length 150 cm &#8211; adjustable to your needs<br \/>\n100% satin polyester<br \/>\n<strong>Reference<\/strong> : Lapu Lapu<\/p>\n<p><span style=\"color: #ff6600;\">Please note: some color shades may vary according to screens.<\/span><\/p>\n","protected":false},"featured_media":5372,"comment_status":"closed","ping_status":"closed","template":"","meta":[],"product_brand":[],"product_cat":[92],"product_tag":[],"class_list":{"0":"post-6352","1":"product","2":"type-product","3":"status-publish","4":"has-post-thumbnail","6":"product_cat-graduation-stoles","8":"entry","9":"has-media","11":"first","12":"instock","13":"taxable","14":"shipping-taxable","15":"product-type-simple","16":"col","17":"span_1_of_3","18":"owp-content-center","19":"owp-thumbs-layout-horizontal","20":"owp-btn-normal","21":"owp-tabs-layout-horizontal"},"yoast_head":"<!-- This site is optimized with the Yoast SEO plugin v25.5 - https:\/\/yoast.com\/wordpress\/plugins\/seo\/ -->\n<title>Plain graduation stole - Hemrex<\/title>\n<meta name=\"description\" content=\"Purchase of graduation stoles for your students, printing, embroidery, logo, year of graduation, even customization of the student&#039;s first name.\" \/>\n<meta name=\"robots\" content=\"index, follow, max-snippet:-1, max-image-preview:large, max-video-preview:-1\" \/>\n<link rel=\"canonical\" href=\"https:\/\/www.hemrex.com\/en\/produit\/plain-graduation-stole\/\" \/>\n<meta property=\"og:locale\" content=\"en_US\" \/>\n<meta property=\"og:type\" content=\"article\" \/>\n<meta property=\"og:title\" content=\"Plain graduation stole - Hemrex\" \/>\n<meta property=\"og:description\" content=\"Purchase of graduation stoles for your students, printing, embroidery, logo, year of graduation, even customization of the student&#039;s first name.\" \/>\n<meta property=\"og:url\" content=\"https:\/\/www.hemrex.com\/en\/produit\/plain-graduation-stole\/\" \/>\n<meta property=\"article:modified_time\" content=\"2025-09-02T13:10:35+00:00\" \/>\n<meta property=\"og:image\" content=\"https:\/\/www.hemrex.com\/wp-content\/uploads\/2024\/08\/echarpe-1.png\" \/>\n\t<meta property=\"og:image:width\" content=\"595\" \/>\n\t<meta property=\"og:image:height\" content=\"842\" \/>\n\t<meta property=\"og:image:type\" content=\"image\/png\" \/>\n<meta name=\"twitter:card\" content=\"summary_large_image\" \/>\n<script type=\"application\/ld+json\" class=\"yoast-schema-graph\">{\"@context\":\"https:\/\/schema.org\",\"@graph\":[{\"@type\":\"WebPage\",\"@id\":\"https:\/\/www.hemrex.com\/en\/produit\/plain-graduation-stole\/\",\"url\":\"https:\/\/www.hemrex.com\/en\/produit\/plain-graduation-stole\/\",\"name\":\"Plain graduation stole - Hemrex\",\"isPartOf\":{\"@id\":\"https:\/\/www.hemrex.com\/#website\"},\"primaryImageOfPage\":{\"@id\":\"https:\/\/www.hemrex.com\/en\/produit\/plain-graduation-stole\/#primaryimage\"},\"image\":{\"@id\":\"https:\/\/www.hemrex.com\/en\/produit\/plain-graduation-stole\/#primaryimage\"},\"thumbnailUrl\":\"https:\/\/www.hemrex.com\/wp-content\/uploads\/2024\/08\/echarpe-1.png\",\"datePublished\":\"2024-10-14T07:50:09+00:00\",\"dateModified\":\"2025-09-02T13:10:35+00:00\",\"description\":\"Purchase of graduation stoles for your students, printing, embroidery, logo, year of graduation, even customization of the student's first name.\",\"breadcrumb\":{\"@id\":\"https:\/\/www.hemrex.com\/en\/produit\/plain-graduation-stole\/#breadcrumb\"},\"inLanguage\":\"en-US\",\"potentialAction\":[{\"@type\":\"ReadAction\",\"target\":[\"https:\/\/www.hemrex.com\/en\/produit\/plain-graduation-stole\/\"]}]},{\"@type\":\"ImageObject\",\"inLanguage\":\"en-US\",\"@id\":\"https:\/\/www.hemrex.com\/en\/produit\/plain-graduation-stole\/#primaryimage\",\"url\":\"https:\/\/www.hemrex.com\/wp-content\/uploads\/2024\/08\/echarpe-1.png\",\"contentUrl\":\"https:\/\/www.hemrex.com\/wp-content\/uploads\/2024\/08\/echarpe-1.png\",\"width\":595,\"height\":842},{\"@type\":\"BreadcrumbList\",\"@id\":\"https:\/\/www.hemrex.com\/en\/produit\/plain-graduation-stole\/#breadcrumb\",\"itemListElement\":[{\"@type\":\"ListItem\",\"position\":1,\"name\":\"Accueil\",\"item\":\"https:\/\/www.hemrex.com\/en\/home-2\/\"},{\"@type\":\"ListItem\",\"position\":2,\"name\":\"Our products\",\"item\":\"https:\/\/www.hemrex.com\/en\/our-products\/\"},{\"@type\":\"ListItem\",\"position\":3,\"name\":\"Plain graduation stole\"}]},{\"@type\":\"WebSite\",\"@id\":\"https:\/\/www.hemrex.com\/#website\",\"url\":\"https:\/\/www.hemrex.com\/\",\"name\":\"\",\"description\":\"Tenues et accessoires pour les c\u00e9r\u00e9monies de remise des dipl\u00f4mes et objets promotionnels personnalis\u00e9s\",\"potentialAction\":[{\"@type\":\"SearchAction\",\"target\":{\"@type\":\"EntryPoint\",\"urlTemplate\":\"https:\/\/www.hemrex.com\/?s={search_term_string}\"},\"query-input\":{\"@type\":\"PropertyValueSpecification\",\"valueRequired\":true,\"valueName\":\"search_term_string\"}}],\"inLanguage\":\"en-US\"}]}<\/script>\n<!-- \/ Yoast SEO plugin. -->","yoast_head_json":{"title":"Plain graduation stole - Hemrex","description":"Purchase of graduation stoles for your students, printing, embroidery, logo, year of graduation, even customization of the student's first name.","robots":{"index":"index","follow":"follow","max-snippet":"max-snippet:-1","max-image-preview":"max-image-preview:large","max-video-preview":"max-video-preview:-1"},"canonical":"https:\/\/www.hemrex.com\/en\/produit\/plain-graduation-stole\/","og_locale":"en_US","og_type":"article","og_title":"Plain graduation stole - Hemrex","og_description":"Purchase of graduation stoles for your students, printing, embroidery, logo, year of graduation, even customization of the student's first name.","og_url":"https:\/\/www.hemrex.com\/en\/produit\/plain-graduation-stole\/","article_modified_time":"2025-09-02T13:10:35+00:00","og_image":[{"width":595,"height":842,"url":"https:\/\/www.hemrex.com\/wp-content\/uploads\/2024\/08\/echarpe-1.png","type":"image\/png"}],"twitter_card":"summary_large_image","schema":{"@context":"https:\/\/schema.org","@graph":[{"@type":"WebPage","@id":"https:\/\/www.hemrex.com\/en\/produit\/plain-graduation-stole\/","url":"https:\/\/www.hemrex.com\/en\/produit\/plain-graduation-stole\/","name":"Plain graduation stole - Hemrex","isPartOf":{"@id":"https:\/\/www.hemrex.com\/#website"},"primaryImageOfPage":{"@id":"https:\/\/www.hemrex.com\/en\/produit\/plain-graduation-stole\/#primaryimage"},"image":{"@id":"https:\/\/www.hemrex.com\/en\/produit\/plain-graduation-stole\/#primaryimage"},"thumbnailUrl":"https:\/\/www.hemrex.com\/wp-content\/uploads\/2024\/08\/echarpe-1.png","datePublished":"2024-10-14T07:50:09+00:00","dateModified":"2025-09-02T13:10:35+00:00","description":"Purchase of graduation stoles for your students, printing, embroidery, logo, year of graduation, even customization of the student's first name.","breadcrumb":{"@id":"https:\/\/www.hemrex.com\/en\/produit\/plain-graduation-stole\/#breadcrumb"},"inLanguage":"en-US","potentialAction":[{"@type":"ReadAction","target":["https:\/\/www.hemrex.com\/en\/produit\/plain-graduation-stole\/"]}]},{"@type":"ImageObject","inLanguage":"en-US","@id":"https:\/\/www.hemrex.com\/en\/produit\/plain-graduation-stole\/#primaryimage","url":"https:\/\/www.hemrex.com\/wp-content\/uploads\/2024\/08\/echarpe-1.png","contentUrl":"https:\/\/www.hemrex.com\/wp-content\/uploads\/2024\/08\/echarpe-1.png","width":595,"height":842},{"@type":"BreadcrumbList","@id":"https:\/\/www.hemrex.com\/en\/produit\/plain-graduation-stole\/#breadcrumb","itemListElement":[{"@type":"ListItem","position":1,"name":"Accueil","item":"https:\/\/www.hemrex.com\/en\/home-2\/"},{"@type":"ListItem","position":2,"name":"Our products","item":"https:\/\/www.hemrex.com\/en\/our-products\/"},{"@type":"ListItem","position":3,"name":"Plain graduation stole"}]},{"@type":"WebSite","@id":"https:\/\/www.hemrex.com\/#website","url":"https:\/\/www.hemrex.com\/","name":"","description":"Tenues et accessoires pour les c\u00e9r\u00e9monies de remise des dipl\u00f4mes et objets promotionnels personnalis\u00e9s","potentialAction":[{"@type":"SearchAction","target":{"@type":"EntryPoint","urlTemplate":"https:\/\/www.hemrex.com\/?s={search_term_string}"},"query-input":{"@type":"PropertyValueSpecification","valueRequired":true,"valueName":"search_term_string"}}],"inLanguage":"en-US"}]}},"_links":{"self":[{"href":"https:\/\/www.hemrex.com\/en\/wp-json\/wp\/v2\/product\/6352"}],"collection":[{"href":"https:\/\/www.hemrex.com\/en\/wp-json\/wp\/v2\/product"}],"about":[{"href":"https:\/\/www.hemrex.com\/en\/wp-json\/wp\/v2\/types\/product"}],"replies":[{"embeddable":true,"href":"https:\/\/www.hemrex.com\/en\/wp-json\/wp\/v2\/comments?post=6352"}],"version-history":[{"count":5,"href":"https:\/\/www.hemrex.com\/en\/wp-json\/wp\/v2\/product\/6352\/revisions"}],"predecessor-version":[{"id":7708,"href":"https:\/\/www.hemrex.com\/en\/wp-json\/wp\/v2\/product\/6352\/revisions\/7708"}],"wp:featuredmedia":[{"embeddable":true,"href":"https:\/\/www.hemrex.com\/en\/wp-json\/wp\/v2\/media\/5372"}],"wp:attachment":[{"href":"https:\/\/www.hemrex.com\/en\/wp-json\/wp\/v2\/media?parent=6352"}],"wp:term":[{"taxonomy":"product_brand","embeddable":true,"href":"https:\/\/www.hemrex.com\/en\/wp-json\/wp\/v2\/product_brand?post=6352"},{"taxonomy":"product_cat","embeddable":true,"href":"https:\/\/www.hemrex.com\/en\/wp-json\/wp\/v2\/product_cat?post=6352"},{"taxonomy":"product_tag","embeddable":true,"href":"https:\/\/www.hemrex.com\/en\/wp-json\/wp\/v2\/product_tag?post=6352"}],"curies":[{"name":"wp","href":"https:\/\/api.w.org\/{rel}","templated":true}]}}