{"id":6335,"date":"2024-10-10T10:23:31","date_gmt":"2024-10-10T08:23:31","guid":{"rendered":"https:\/\/www.hemrex.com\/?post_type=product&#038;p=6335"},"modified":"2026-01-15T12:00:23","modified_gmt":"2026-01-15T11:00:23","slug":"valuing-and-securing-sensitive-documents","status":"publish","type":"product","link":"https:\/\/www.hemrex.com\/en\/produit\/valuing-and-securing-sensitive-documents\/","title":{"rendered":"Valuing and securing sensitive documents"},"content":{"rendered":"","protected":false},"excerpt":{"rendered":"<p>Holograms authenticate and protect against counterfeiting<\/p>\n<p>* Watermarked Paper<br \/>\n* Holographic Overlay<br \/>\n* Seal Hologram Label<br \/>\n* Copy-proof Paper<\/p>\n<div class=\"elementor-element elementor-element-37c092c elementor-widget elementor-widget-wl-single-product-short-description\" data-id=\"37c092c\" data-element_type=\"widget\" data-widget_type=\"wl-single-product-short-description.default\">\n<div class=\"elementor-widget-container\">\n<div class=\"woocommerce-product-details__short-description\">\n<p><strong>Reference <\/strong>: Mandalay<\/p>\n<\/div>\n<\/div>\n<\/div>\n","protected":false},"featured_media":8451,"comment_status":"closed","ping_status":"closed","template":"","meta":[],"product_brand":[],"product_cat":[98],"product_tag":[],"class_list":{"0":"post-6335","1":"product","2":"type-product","3":"status-publish","4":"has-post-thumbnail","6":"product_cat-accessories","8":"entry","9":"has-media","11":"first","12":"instock","13":"taxable","14":"shipping-taxable","15":"product-type-simple","16":"col","17":"span_1_of_3","18":"owp-content-center","19":"owp-thumbs-layout-horizontal","20":"owp-btn-normal","21":"owp-tabs-layout-horizontal"},"yoast_head":"<!-- This site is optimized with the Yoast SEO plugin v25.5 - https:\/\/yoast.com\/wordpress\/plugins\/seo\/ -->\n<title>Valuing and securing sensitive documents - Hemrex<\/title>\n<meta name=\"description\" content=\"Valuing and securing sensitive documents - Watermarked Paper * Holographic Overlay* Seal Hologram Label* Copy-proof Paper\" \/>\n<meta name=\"robots\" content=\"index, follow, max-snippet:-1, max-image-preview:large, max-video-preview:-1\" \/>\n<link rel=\"canonical\" href=\"https:\/\/www.hemrex.com\/en\/produit\/valuing-and-securing-sensitive-documents\/\" \/>\n<meta property=\"og:locale\" content=\"en_US\" \/>\n<meta property=\"og:type\" content=\"article\" \/>\n<meta property=\"og:title\" content=\"Valuing and securing sensitive documents - Hemrex\" \/>\n<meta property=\"og:description\" content=\"Valuing and securing sensitive documents - Watermarked Paper * Holographic Overlay* Seal Hologram Label* Copy-proof Paper\" \/>\n<meta property=\"og:url\" content=\"https:\/\/www.hemrex.com\/en\/produit\/valuing-and-securing-sensitive-documents\/\" \/>\n<meta property=\"article:modified_time\" content=\"2026-01-15T11:00:23+00:00\" \/>\n<meta property=\"og:image\" content=\"https:\/\/www.hemrex.com\/wp-content\/uploads\/2024\/08\/Diplome-securise-TOGO_avec-filigrane.png\" \/>\n\t<meta property=\"og:image:width\" content=\"595\" \/>\n\t<meta property=\"og:image:height\" content=\"842\" \/>\n\t<meta property=\"og:image:type\" content=\"image\/png\" \/>\n<meta name=\"twitter:card\" content=\"summary_large_image\" \/>\n<script type=\"application\/ld+json\" class=\"yoast-schema-graph\">{\"@context\":\"https:\/\/schema.org\",\"@graph\":[{\"@type\":\"WebPage\",\"@id\":\"https:\/\/www.hemrex.com\/en\/produit\/valuing-and-securing-sensitive-documents\/\",\"url\":\"https:\/\/www.hemrex.com\/en\/produit\/valuing-and-securing-sensitive-documents\/\",\"name\":\"Valuing and securing sensitive documents - Hemrex\",\"isPartOf\":{\"@id\":\"https:\/\/www.hemrex.com\/#website\"},\"primaryImageOfPage\":{\"@id\":\"https:\/\/www.hemrex.com\/en\/produit\/valuing-and-securing-sensitive-documents\/#primaryimage\"},\"image\":{\"@id\":\"https:\/\/www.hemrex.com\/en\/produit\/valuing-and-securing-sensitive-documents\/#primaryimage\"},\"thumbnailUrl\":\"https:\/\/www.hemrex.com\/wp-content\/uploads\/2024\/08\/Diplome-securise-TOGO_avec-filigrane.png\",\"datePublished\":\"2024-10-10T08:23:31+00:00\",\"dateModified\":\"2026-01-15T11:00:23+00:00\",\"description\":\"Valuing and securing sensitive documents - Watermarked Paper * Holographic Overlay* Seal Hologram Label* Copy-proof Paper\",\"breadcrumb\":{\"@id\":\"https:\/\/www.hemrex.com\/en\/produit\/valuing-and-securing-sensitive-documents\/#breadcrumb\"},\"inLanguage\":\"en-US\",\"potentialAction\":[{\"@type\":\"ReadAction\",\"target\":[\"https:\/\/www.hemrex.com\/en\/produit\/valuing-and-securing-sensitive-documents\/\"]}]},{\"@type\":\"ImageObject\",\"inLanguage\":\"en-US\",\"@id\":\"https:\/\/www.hemrex.com\/en\/produit\/valuing-and-securing-sensitive-documents\/#primaryimage\",\"url\":\"https:\/\/www.hemrex.com\/wp-content\/uploads\/2024\/08\/Diplome-securise-TOGO_avec-filigrane.png\",\"contentUrl\":\"https:\/\/www.hemrex.com\/wp-content\/uploads\/2024\/08\/Diplome-securise-TOGO_avec-filigrane.png\",\"width\":595,\"height\":842},{\"@type\":\"BreadcrumbList\",\"@id\":\"https:\/\/www.hemrex.com\/en\/produit\/valuing-and-securing-sensitive-documents\/#breadcrumb\",\"itemListElement\":[{\"@type\":\"ListItem\",\"position\":1,\"name\":\"Accueil\",\"item\":\"https:\/\/www.hemrex.com\/en\/home-2\/\"},{\"@type\":\"ListItem\",\"position\":2,\"name\":\"Our products\",\"item\":\"https:\/\/www.hemrex.com\/en\/our-products\/\"},{\"@type\":\"ListItem\",\"position\":3,\"name\":\"Valuing and securing sensitive documents\"}]},{\"@type\":\"WebSite\",\"@id\":\"https:\/\/www.hemrex.com\/#website\",\"url\":\"https:\/\/www.hemrex.com\/\",\"name\":\"\",\"description\":\"Tenues et accessoires pour les c\u00e9r\u00e9monies de remise des dipl\u00f4mes et objets promotionnels personnalis\u00e9s\",\"potentialAction\":[{\"@type\":\"SearchAction\",\"target\":{\"@type\":\"EntryPoint\",\"urlTemplate\":\"https:\/\/www.hemrex.com\/?s={search_term_string}\"},\"query-input\":{\"@type\":\"PropertyValueSpecification\",\"valueRequired\":true,\"valueName\":\"search_term_string\"}}],\"inLanguage\":\"en-US\"}]}<\/script>\n<!-- \/ Yoast SEO plugin. -->","yoast_head_json":{"title":"Valuing and securing sensitive documents - Hemrex","description":"Valuing and securing sensitive documents - Watermarked Paper * Holographic Overlay* Seal Hologram Label* Copy-proof Paper","robots":{"index":"index","follow":"follow","max-snippet":"max-snippet:-1","max-image-preview":"max-image-preview:large","max-video-preview":"max-video-preview:-1"},"canonical":"https:\/\/www.hemrex.com\/en\/produit\/valuing-and-securing-sensitive-documents\/","og_locale":"en_US","og_type":"article","og_title":"Valuing and securing sensitive documents - Hemrex","og_description":"Valuing and securing sensitive documents - Watermarked Paper * Holographic Overlay* Seal Hologram Label* Copy-proof Paper","og_url":"https:\/\/www.hemrex.com\/en\/produit\/valuing-and-securing-sensitive-documents\/","article_modified_time":"2026-01-15T11:00:23+00:00","og_image":[{"width":595,"height":842,"url":"https:\/\/www.hemrex.com\/wp-content\/uploads\/2024\/08\/Diplome-securise-TOGO_avec-filigrane.png","type":"image\/png"}],"twitter_card":"summary_large_image","schema":{"@context":"https:\/\/schema.org","@graph":[{"@type":"WebPage","@id":"https:\/\/www.hemrex.com\/en\/produit\/valuing-and-securing-sensitive-documents\/","url":"https:\/\/www.hemrex.com\/en\/produit\/valuing-and-securing-sensitive-documents\/","name":"Valuing and securing sensitive documents - Hemrex","isPartOf":{"@id":"https:\/\/www.hemrex.com\/#website"},"primaryImageOfPage":{"@id":"https:\/\/www.hemrex.com\/en\/produit\/valuing-and-securing-sensitive-documents\/#primaryimage"},"image":{"@id":"https:\/\/www.hemrex.com\/en\/produit\/valuing-and-securing-sensitive-documents\/#primaryimage"},"thumbnailUrl":"https:\/\/www.hemrex.com\/wp-content\/uploads\/2024\/08\/Diplome-securise-TOGO_avec-filigrane.png","datePublished":"2024-10-10T08:23:31+00:00","dateModified":"2026-01-15T11:00:23+00:00","description":"Valuing and securing sensitive documents - Watermarked Paper * Holographic Overlay* Seal Hologram Label* Copy-proof Paper","breadcrumb":{"@id":"https:\/\/www.hemrex.com\/en\/produit\/valuing-and-securing-sensitive-documents\/#breadcrumb"},"inLanguage":"en-US","potentialAction":[{"@type":"ReadAction","target":["https:\/\/www.hemrex.com\/en\/produit\/valuing-and-securing-sensitive-documents\/"]}]},{"@type":"ImageObject","inLanguage":"en-US","@id":"https:\/\/www.hemrex.com\/en\/produit\/valuing-and-securing-sensitive-documents\/#primaryimage","url":"https:\/\/www.hemrex.com\/wp-content\/uploads\/2024\/08\/Diplome-securise-TOGO_avec-filigrane.png","contentUrl":"https:\/\/www.hemrex.com\/wp-content\/uploads\/2024\/08\/Diplome-securise-TOGO_avec-filigrane.png","width":595,"height":842},{"@type":"BreadcrumbList","@id":"https:\/\/www.hemrex.com\/en\/produit\/valuing-and-securing-sensitive-documents\/#breadcrumb","itemListElement":[{"@type":"ListItem","position":1,"name":"Accueil","item":"https:\/\/www.hemrex.com\/en\/home-2\/"},{"@type":"ListItem","position":2,"name":"Our products","item":"https:\/\/www.hemrex.com\/en\/our-products\/"},{"@type":"ListItem","position":3,"name":"Valuing and securing sensitive documents"}]},{"@type":"WebSite","@id":"https:\/\/www.hemrex.com\/#website","url":"https:\/\/www.hemrex.com\/","name":"","description":"Tenues et accessoires pour les c\u00e9r\u00e9monies de remise des dipl\u00f4mes et objets promotionnels personnalis\u00e9s","potentialAction":[{"@type":"SearchAction","target":{"@type":"EntryPoint","urlTemplate":"https:\/\/www.hemrex.com\/?s={search_term_string}"},"query-input":{"@type":"PropertyValueSpecification","valueRequired":true,"valueName":"search_term_string"}}],"inLanguage":"en-US"}]}},"_links":{"self":[{"href":"https:\/\/www.hemrex.com\/en\/wp-json\/wp\/v2\/product\/6335"}],"collection":[{"href":"https:\/\/www.hemrex.com\/en\/wp-json\/wp\/v2\/product"}],"about":[{"href":"https:\/\/www.hemrex.com\/en\/wp-json\/wp\/v2\/types\/product"}],"replies":[{"embeddable":true,"href":"https:\/\/www.hemrex.com\/en\/wp-json\/wp\/v2\/comments?post=6335"}],"version-history":[{"count":2,"href":"https:\/\/www.hemrex.com\/en\/wp-json\/wp\/v2\/product\/6335\/revisions"}],"predecessor-version":[{"id":7761,"href":"https:\/\/www.hemrex.com\/en\/wp-json\/wp\/v2\/product\/6335\/revisions\/7761"}],"wp:featuredmedia":[{"embeddable":true,"href":"https:\/\/www.hemrex.com\/en\/wp-json\/wp\/v2\/media\/8451"}],"wp:attachment":[{"href":"https:\/\/www.hemrex.com\/en\/wp-json\/wp\/v2\/media?parent=6335"}],"wp:term":[{"taxonomy":"product_brand","embeddable":true,"href":"https:\/\/www.hemrex.com\/en\/wp-json\/wp\/v2\/product_brand?post=6335"},{"taxonomy":"product_cat","embeddable":true,"href":"https:\/\/www.hemrex.com\/en\/wp-json\/wp\/v2\/product_cat?post=6335"},{"taxonomy":"product_tag","embeddable":true,"href":"https:\/\/www.hemrex.com\/en\/wp-json\/wp\/v2\/product_tag?post=6335"}],"curies":[{"name":"wp","href":"https:\/\/api.w.org\/{rel}","templated":true}]}}