{"id":6329,"date":"2024-10-09T15:59:45","date_gmt":"2024-10-09T13:59:45","guid":{"rendered":"https:\/\/www.hemrex.com\/?post_type=product&#038;p=6329"},"modified":"2025-10-15T15:30:39","modified_gmt":"2025-10-15T13:30:39","slug":"cardboard-diploma-cover","status":"publish","type":"product","link":"https:\/\/www.hemrex.com\/en\/produit\/cardboard-diploma-cover\/","title":{"rendered":"Cardboard diploma cover"},"content":{"rendered":"","protected":false},"excerpt":{"rendered":"<p>* Printed on one sides<br \/>\n* Certificate cardboard diploma cover for A4 and US size<br \/>\n* Finishing : 2 or 4 notches on the inside<br \/>\n* Minimum 25 units<br \/>\n* Your cardboard diploma cover can go along with a <a href=\"https:\/\/www.hemrex.com\/en\/categorie-produit\/set-gowncaptassel\/\"><b><strong>gown<\/strong><\/b><\/a><b><strong>,<\/strong><\/b> <a href=\"https:\/\/www.hemrex.com\/en\/categorie-produit\/caps-tassels\/\"><b><strong>cap<\/strong><\/b> and <b><strong>tassel<\/strong><\/b><\/a><b><strong>, <\/strong><\/b>and <a href=\"https:\/\/www.hemrex.com\/en\/categorie-produit\/graduation-stoles\/\"><b><strong>stole<\/strong><\/b><\/a>.<\/p>\n<p>100% Made in France<\/p>\n<p>300gr satin coated paper<br \/>\n<strong>R\u00e9f\u00e9rence<\/strong> : Hong Kong<\/p>\n","protected":false},"featured_media":4166,"comment_status":"closed","ping_status":"closed","template":"","meta":[],"product_brand":[],"product_cat":[98],"product_tag":[],"class_list":{"0":"post-6329","1":"product","2":"type-product","3":"status-publish","4":"has-post-thumbnail","6":"product_cat-accessories","8":"entry","9":"has-media","11":"first","12":"instock","13":"taxable","14":"shipping-taxable","15":"product-type-simple","16":"col","17":"span_1_of_3","18":"owp-content-center","19":"owp-thumbs-layout-horizontal","20":"owp-btn-normal","21":"owp-tabs-layout-horizontal"},"yoast_head":"<!-- This site is optimized with the Yoast SEO plugin v25.5 - https:\/\/yoast.com\/wordpress\/plugins\/seo\/ -->\n<title>Cardboard diploma cover<\/title>\n<meta name=\"description\" content=\"Diploma Cover hardback - 350gr satin coated paper; Printed on both sides; Size 45x31 open; Finishing : 2 or 4 notches on the inside\" \/>\n<meta name=\"robots\" content=\"index, follow, max-snippet:-1, max-image-preview:large, max-video-preview:-1\" \/>\n<link rel=\"canonical\" href=\"https:\/\/www.hemrex.com\/en\/produit\/cardboard-diploma-cover\/\" \/>\n<meta property=\"og:locale\" content=\"en_US\" \/>\n<meta property=\"og:type\" content=\"article\" \/>\n<meta property=\"og:title\" content=\"Cardboard diploma cover\" \/>\n<meta property=\"og:description\" content=\"Diploma Cover hardback - 350gr satin coated paper; Printed on both sides; Size 45x31 open; Finishing : 2 or 4 notches on the inside\" \/>\n<meta property=\"og:url\" content=\"https:\/\/www.hemrex.com\/en\/produit\/cardboard-diploma-cover\/\" \/>\n<meta property=\"article:modified_time\" content=\"2025-10-15T13:30:39+00:00\" \/>\n<meta property=\"og:image\" content=\"https:\/\/www.hemrex.com\/wp-content\/uploads\/2024\/08\/PORTE-DIPLOME-CARTONNE.png\" \/>\n\t<meta property=\"og:image:width\" content=\"595\" \/>\n\t<meta property=\"og:image:height\" content=\"842\" \/>\n\t<meta property=\"og:image:type\" content=\"image\/png\" \/>\n<meta name=\"twitter:card\" content=\"summary_large_image\" \/>\n<script type=\"application\/ld+json\" class=\"yoast-schema-graph\">{\"@context\":\"https:\/\/schema.org\",\"@graph\":[{\"@type\":\"WebPage\",\"@id\":\"https:\/\/www.hemrex.com\/en\/produit\/cardboard-diploma-cover\/\",\"url\":\"https:\/\/www.hemrex.com\/en\/produit\/cardboard-diploma-cover\/\",\"name\":\"Cardboard diploma cover\",\"isPartOf\":{\"@id\":\"https:\/\/www.hemrex.com\/#website\"},\"primaryImageOfPage\":{\"@id\":\"https:\/\/www.hemrex.com\/en\/produit\/cardboard-diploma-cover\/#primaryimage\"},\"image\":{\"@id\":\"https:\/\/www.hemrex.com\/en\/produit\/cardboard-diploma-cover\/#primaryimage\"},\"thumbnailUrl\":\"https:\/\/www.hemrex.com\/wp-content\/uploads\/2024\/08\/PORTE-DIPLOME-CARTONNE.png\",\"datePublished\":\"2024-10-09T13:59:45+00:00\",\"dateModified\":\"2025-10-15T13:30:39+00:00\",\"description\":\"Diploma Cover hardback - 350gr satin coated paper; Printed on both sides; Size 45x31 open; Finishing : 2 or 4 notches on the inside\",\"breadcrumb\":{\"@id\":\"https:\/\/www.hemrex.com\/en\/produit\/cardboard-diploma-cover\/#breadcrumb\"},\"inLanguage\":\"en-US\",\"potentialAction\":[{\"@type\":\"ReadAction\",\"target\":[\"https:\/\/www.hemrex.com\/en\/produit\/cardboard-diploma-cover\/\"]}]},{\"@type\":\"ImageObject\",\"inLanguage\":\"en-US\",\"@id\":\"https:\/\/www.hemrex.com\/en\/produit\/cardboard-diploma-cover\/#primaryimage\",\"url\":\"https:\/\/www.hemrex.com\/wp-content\/uploads\/2024\/08\/PORTE-DIPLOME-CARTONNE.png\",\"contentUrl\":\"https:\/\/www.hemrex.com\/wp-content\/uploads\/2024\/08\/PORTE-DIPLOME-CARTONNE.png\",\"width\":595,\"height\":842,\"caption\":\"porte diplome cartonn\u00e9 remise de diplome hemrex\"},{\"@type\":\"BreadcrumbList\",\"@id\":\"https:\/\/www.hemrex.com\/en\/produit\/cardboard-diploma-cover\/#breadcrumb\",\"itemListElement\":[{\"@type\":\"ListItem\",\"position\":1,\"name\":\"Accueil\",\"item\":\"https:\/\/www.hemrex.com\/en\/home-2\/\"},{\"@type\":\"ListItem\",\"position\":2,\"name\":\"Our products\",\"item\":\"https:\/\/www.hemrex.com\/en\/our-products\/\"},{\"@type\":\"ListItem\",\"position\":3,\"name\":\"Cardboard diploma cover\"}]},{\"@type\":\"WebSite\",\"@id\":\"https:\/\/www.hemrex.com\/#website\",\"url\":\"https:\/\/www.hemrex.com\/\",\"name\":\"\",\"description\":\"Tenues et accessoires pour les c\u00e9r\u00e9monies de remise des dipl\u00f4mes et objets promotionnels personnalis\u00e9s\",\"potentialAction\":[{\"@type\":\"SearchAction\",\"target\":{\"@type\":\"EntryPoint\",\"urlTemplate\":\"https:\/\/www.hemrex.com\/?s={search_term_string}\"},\"query-input\":{\"@type\":\"PropertyValueSpecification\",\"valueRequired\":true,\"valueName\":\"search_term_string\"}}],\"inLanguage\":\"en-US\"}]}<\/script>\n<!-- \/ Yoast SEO plugin. -->","yoast_head_json":{"title":"Cardboard diploma cover","description":"Diploma Cover hardback - 350gr satin coated paper; Printed on both sides; Size 45x31 open; Finishing : 2 or 4 notches on the inside","robots":{"index":"index","follow":"follow","max-snippet":"max-snippet:-1","max-image-preview":"max-image-preview:large","max-video-preview":"max-video-preview:-1"},"canonical":"https:\/\/www.hemrex.com\/en\/produit\/cardboard-diploma-cover\/","og_locale":"en_US","og_type":"article","og_title":"Cardboard diploma cover","og_description":"Diploma Cover hardback - 350gr satin coated paper; Printed on both sides; Size 45x31 open; Finishing : 2 or 4 notches on the inside","og_url":"https:\/\/www.hemrex.com\/en\/produit\/cardboard-diploma-cover\/","article_modified_time":"2025-10-15T13:30:39+00:00","og_image":[{"width":595,"height":842,"url":"https:\/\/www.hemrex.com\/wp-content\/uploads\/2024\/08\/PORTE-DIPLOME-CARTONNE.png","type":"image\/png"}],"twitter_card":"summary_large_image","schema":{"@context":"https:\/\/schema.org","@graph":[{"@type":"WebPage","@id":"https:\/\/www.hemrex.com\/en\/produit\/cardboard-diploma-cover\/","url":"https:\/\/www.hemrex.com\/en\/produit\/cardboard-diploma-cover\/","name":"Cardboard diploma cover","isPartOf":{"@id":"https:\/\/www.hemrex.com\/#website"},"primaryImageOfPage":{"@id":"https:\/\/www.hemrex.com\/en\/produit\/cardboard-diploma-cover\/#primaryimage"},"image":{"@id":"https:\/\/www.hemrex.com\/en\/produit\/cardboard-diploma-cover\/#primaryimage"},"thumbnailUrl":"https:\/\/www.hemrex.com\/wp-content\/uploads\/2024\/08\/PORTE-DIPLOME-CARTONNE.png","datePublished":"2024-10-09T13:59:45+00:00","dateModified":"2025-10-15T13:30:39+00:00","description":"Diploma Cover hardback - 350gr satin coated paper; Printed on both sides; Size 45x31 open; Finishing : 2 or 4 notches on the inside","breadcrumb":{"@id":"https:\/\/www.hemrex.com\/en\/produit\/cardboard-diploma-cover\/#breadcrumb"},"inLanguage":"en-US","potentialAction":[{"@type":"ReadAction","target":["https:\/\/www.hemrex.com\/en\/produit\/cardboard-diploma-cover\/"]}]},{"@type":"ImageObject","inLanguage":"en-US","@id":"https:\/\/www.hemrex.com\/en\/produit\/cardboard-diploma-cover\/#primaryimage","url":"https:\/\/www.hemrex.com\/wp-content\/uploads\/2024\/08\/PORTE-DIPLOME-CARTONNE.png","contentUrl":"https:\/\/www.hemrex.com\/wp-content\/uploads\/2024\/08\/PORTE-DIPLOME-CARTONNE.png","width":595,"height":842,"caption":"porte diplome cartonn\u00e9 remise de diplome hemrex"},{"@type":"BreadcrumbList","@id":"https:\/\/www.hemrex.com\/en\/produit\/cardboard-diploma-cover\/#breadcrumb","itemListElement":[{"@type":"ListItem","position":1,"name":"Accueil","item":"https:\/\/www.hemrex.com\/en\/home-2\/"},{"@type":"ListItem","position":2,"name":"Our products","item":"https:\/\/www.hemrex.com\/en\/our-products\/"},{"@type":"ListItem","position":3,"name":"Cardboard diploma cover"}]},{"@type":"WebSite","@id":"https:\/\/www.hemrex.com\/#website","url":"https:\/\/www.hemrex.com\/","name":"","description":"Tenues et accessoires pour les c\u00e9r\u00e9monies de remise des dipl\u00f4mes et objets promotionnels personnalis\u00e9s","potentialAction":[{"@type":"SearchAction","target":{"@type":"EntryPoint","urlTemplate":"https:\/\/www.hemrex.com\/?s={search_term_string}"},"query-input":{"@type":"PropertyValueSpecification","valueRequired":true,"valueName":"search_term_string"}}],"inLanguage":"en-US"}]}},"_links":{"self":[{"href":"https:\/\/www.hemrex.com\/en\/wp-json\/wp\/v2\/product\/6329"}],"collection":[{"href":"https:\/\/www.hemrex.com\/en\/wp-json\/wp\/v2\/product"}],"about":[{"href":"https:\/\/www.hemrex.com\/en\/wp-json\/wp\/v2\/types\/product"}],"replies":[{"embeddable":true,"href":"https:\/\/www.hemrex.com\/en\/wp-json\/wp\/v2\/comments?post=6329"}],"version-history":[{"count":11,"href":"https:\/\/www.hemrex.com\/en\/wp-json\/wp\/v2\/product\/6329\/revisions"}],"predecessor-version":[{"id":8409,"href":"https:\/\/www.hemrex.com\/en\/wp-json\/wp\/v2\/product\/6329\/revisions\/8409"}],"wp:featuredmedia":[{"embeddable":true,"href":"https:\/\/www.hemrex.com\/en\/wp-json\/wp\/v2\/media\/4166"}],"wp:attachment":[{"href":"https:\/\/www.hemrex.com\/en\/wp-json\/wp\/v2\/media?parent=6329"}],"wp:term":[{"taxonomy":"product_brand","embeddable":true,"href":"https:\/\/www.hemrex.com\/en\/wp-json\/wp\/v2\/product_brand?post=6329"},{"taxonomy":"product_cat","embeddable":true,"href":"https:\/\/www.hemrex.com\/en\/wp-json\/wp\/v2\/product_cat?post=6329"},{"taxonomy":"product_tag","embeddable":true,"href":"https:\/\/www.hemrex.com\/en\/wp-json\/wp\/v2\/product_tag?post=6329"}],"curies":[{"name":"wp","href":"https:\/\/api.w.org\/{rel}","templated":true}]}}