{"id":6327,"date":"2024-10-09T15:55:40","date_gmt":"2024-10-09T13:55:40","guid":{"rendered":"https:\/\/www.hemrex.com\/?post_type=product&#038;p=6327"},"modified":"2025-09-18T11:07:47","modified_gmt":"2025-09-18T09:07:47","slug":"certificate-diploma-tube","status":"publish","type":"product","link":"https:\/\/www.hemrex.com\/en\/produit\/certificate-diploma-tube\/","title":{"rendered":"Diploma tube"},"content":{"rendered":"","protected":false},"excerpt":{"rendered":"<p>* Customization : logo printed, tube color<br \/>\n* Certificate tubes for A4 ans US size<br \/>\n* Your diploma tube can go along with a <a href=\"https:\/\/www.hemrex.com\/en\/categorie-produit\/caps-tassels\/\"><strong>cap and tassel<\/strong><\/a>, a <a href=\"https:\/\/www.hemrex.com\/en\/categorie-produit\/set-gowncaptassel\/\"><strong>gown<\/strong><\/a>, a <a href=\"https:\/\/www.hemrex.com\/en\/categorie-produit\/hoods\/\"><strong>hood<\/strong><\/a>, an <a href=\"https:\/\/www.hemrex.com\/en\/categorie-produit\/accessories\/\"><strong>accessory<\/strong><\/a><\/p>\n<p>100% paper and cardboard<br \/>\n<strong>Reference\u00a0<\/strong>: Kalaw<\/p>\n","protected":false},"featured_media":3580,"comment_status":"closed","ping_status":"closed","template":"","meta":[],"product_brand":[],"product_cat":[98],"product_tag":[],"class_list":{"0":"post-6327","1":"product","2":"type-product","3":"status-publish","4":"has-post-thumbnail","6":"product_cat-accessories","8":"entry","9":"has-media","11":"first","12":"instock","13":"taxable","14":"shipping-taxable","15":"product-type-simple","16":"col","17":"span_1_of_3","18":"owp-content-center","19":"owp-thumbs-layout-horizontal","20":"owp-btn-normal","21":"owp-tabs-layout-horizontal","22":"has-no-thumbnails"},"yoast_head":"<!-- This site is optimized with the Yoast SEO plugin v25.5 - https:\/\/yoast.com\/wordpress\/plugins\/seo\/ -->\n<title>Certificate diploma tube<\/title>\n<meta name=\"description\" content=\"Our certificate diploma tube is the best accessory to preserve your diploma. Custom made product, choose your color, size... (MOQ required)\" \/>\n<meta name=\"robots\" content=\"index, follow, max-snippet:-1, max-image-preview:large, max-video-preview:-1\" \/>\n<link rel=\"canonical\" href=\"https:\/\/www.hemrex.com\/en\/produit\/certificate-diploma-tube\/\" \/>\n<meta property=\"og:locale\" content=\"en_US\" \/>\n<meta property=\"og:type\" content=\"article\" \/>\n<meta property=\"og:title\" content=\"Certificate diploma tube\" \/>\n<meta property=\"og:description\" content=\"Our certificate diploma tube is the best accessory to preserve your diploma. Custom made product, choose your color, size... (MOQ required)\" \/>\n<meta property=\"og:url\" content=\"https:\/\/www.hemrex.com\/en\/produit\/certificate-diploma-tube\/\" \/>\n<meta property=\"article:modified_time\" content=\"2025-09-18T09:07:47+00:00\" \/>\n<meta property=\"og:image\" content=\"https:\/\/www.hemrex.com\/wp-content\/uploads\/2022\/05\/GRAND-TUBE-PORTE-DIPLOME-ok.png\" \/>\n\t<meta property=\"og:image:width\" content=\"595\" \/>\n\t<meta property=\"og:image:height\" content=\"842\" \/>\n\t<meta property=\"og:image:type\" content=\"image\/png\" \/>\n<meta name=\"twitter:card\" content=\"summary_large_image\" \/>\n<script type=\"application\/ld+json\" class=\"yoast-schema-graph\">{\"@context\":\"https:\/\/schema.org\",\"@graph\":[{\"@type\":\"WebPage\",\"@id\":\"https:\/\/www.hemrex.com\/en\/produit\/certificate-diploma-tube\/\",\"url\":\"https:\/\/www.hemrex.com\/en\/produit\/certificate-diploma-tube\/\",\"name\":\"Certificate diploma tube\",\"isPartOf\":{\"@id\":\"https:\/\/www.hemrex.com\/#website\"},\"primaryImageOfPage\":{\"@id\":\"https:\/\/www.hemrex.com\/en\/produit\/certificate-diploma-tube\/#primaryimage\"},\"image\":{\"@id\":\"https:\/\/www.hemrex.com\/en\/produit\/certificate-diploma-tube\/#primaryimage\"},\"thumbnailUrl\":\"https:\/\/www.hemrex.com\/wp-content\/uploads\/2022\/05\/GRAND-TUBE-PORTE-DIPLOME-ok.png\",\"datePublished\":\"2024-10-09T13:55:40+00:00\",\"dateModified\":\"2025-09-18T09:07:47+00:00\",\"description\":\"Our certificate diploma tube is the best accessory to preserve your diploma. Custom made product, choose your color, size... (MOQ required)\",\"breadcrumb\":{\"@id\":\"https:\/\/www.hemrex.com\/en\/produit\/certificate-diploma-tube\/#breadcrumb\"},\"inLanguage\":\"en-US\",\"potentialAction\":[{\"@type\":\"ReadAction\",\"target\":[\"https:\/\/www.hemrex.com\/en\/produit\/certificate-diploma-tube\/\"]}]},{\"@type\":\"ImageObject\",\"inLanguage\":\"en-US\",\"@id\":\"https:\/\/www.hemrex.com\/en\/produit\/certificate-diploma-tube\/#primaryimage\",\"url\":\"https:\/\/www.hemrex.com\/wp-content\/uploads\/2022\/05\/GRAND-TUBE-PORTE-DIPLOME-ok.png\",\"contentUrl\":\"https:\/\/www.hemrex.com\/wp-content\/uploads\/2022\/05\/GRAND-TUBE-PORTE-DIPLOME-ok.png\",\"width\":595,\"height\":842,\"caption\":\"Grand tube porte documents pour format A4 en similicuir\"},{\"@type\":\"BreadcrumbList\",\"@id\":\"https:\/\/www.hemrex.com\/en\/produit\/certificate-diploma-tube\/#breadcrumb\",\"itemListElement\":[{\"@type\":\"ListItem\",\"position\":1,\"name\":\"Accueil\",\"item\":\"https:\/\/www.hemrex.com\/en\/home-2\/\"},{\"@type\":\"ListItem\",\"position\":2,\"name\":\"Our products\",\"item\":\"https:\/\/www.hemrex.com\/en\/our-products\/\"},{\"@type\":\"ListItem\",\"position\":3,\"name\":\"Diploma tube\"}]},{\"@type\":\"WebSite\",\"@id\":\"https:\/\/www.hemrex.com\/#website\",\"url\":\"https:\/\/www.hemrex.com\/\",\"name\":\"\",\"description\":\"Tenues et accessoires pour les c\u00e9r\u00e9monies de remise des dipl\u00f4mes et objets promotionnels personnalis\u00e9s\",\"potentialAction\":[{\"@type\":\"SearchAction\",\"target\":{\"@type\":\"EntryPoint\",\"urlTemplate\":\"https:\/\/www.hemrex.com\/?s={search_term_string}\"},\"query-input\":{\"@type\":\"PropertyValueSpecification\",\"valueRequired\":true,\"valueName\":\"search_term_string\"}}],\"inLanguage\":\"en-US\"}]}<\/script>\n<!-- \/ Yoast SEO plugin. -->","yoast_head_json":{"title":"Certificate diploma tube","description":"Our certificate diploma tube is the best accessory to preserve your diploma. Custom made product, choose your color, size... (MOQ required)","robots":{"index":"index","follow":"follow","max-snippet":"max-snippet:-1","max-image-preview":"max-image-preview:large","max-video-preview":"max-video-preview:-1"},"canonical":"https:\/\/www.hemrex.com\/en\/produit\/certificate-diploma-tube\/","og_locale":"en_US","og_type":"article","og_title":"Certificate diploma tube","og_description":"Our certificate diploma tube is the best accessory to preserve your diploma. Custom made product, choose your color, size... (MOQ required)","og_url":"https:\/\/www.hemrex.com\/en\/produit\/certificate-diploma-tube\/","article_modified_time":"2025-09-18T09:07:47+00:00","og_image":[{"width":595,"height":842,"url":"https:\/\/www.hemrex.com\/wp-content\/uploads\/2022\/05\/GRAND-TUBE-PORTE-DIPLOME-ok.png","type":"image\/png"}],"twitter_card":"summary_large_image","schema":{"@context":"https:\/\/schema.org","@graph":[{"@type":"WebPage","@id":"https:\/\/www.hemrex.com\/en\/produit\/certificate-diploma-tube\/","url":"https:\/\/www.hemrex.com\/en\/produit\/certificate-diploma-tube\/","name":"Certificate diploma tube","isPartOf":{"@id":"https:\/\/www.hemrex.com\/#website"},"primaryImageOfPage":{"@id":"https:\/\/www.hemrex.com\/en\/produit\/certificate-diploma-tube\/#primaryimage"},"image":{"@id":"https:\/\/www.hemrex.com\/en\/produit\/certificate-diploma-tube\/#primaryimage"},"thumbnailUrl":"https:\/\/www.hemrex.com\/wp-content\/uploads\/2022\/05\/GRAND-TUBE-PORTE-DIPLOME-ok.png","datePublished":"2024-10-09T13:55:40+00:00","dateModified":"2025-09-18T09:07:47+00:00","description":"Our certificate diploma tube is the best accessory to preserve your diploma. Custom made product, choose your color, size... (MOQ required)","breadcrumb":{"@id":"https:\/\/www.hemrex.com\/en\/produit\/certificate-diploma-tube\/#breadcrumb"},"inLanguage":"en-US","potentialAction":[{"@type":"ReadAction","target":["https:\/\/www.hemrex.com\/en\/produit\/certificate-diploma-tube\/"]}]},{"@type":"ImageObject","inLanguage":"en-US","@id":"https:\/\/www.hemrex.com\/en\/produit\/certificate-diploma-tube\/#primaryimage","url":"https:\/\/www.hemrex.com\/wp-content\/uploads\/2022\/05\/GRAND-TUBE-PORTE-DIPLOME-ok.png","contentUrl":"https:\/\/www.hemrex.com\/wp-content\/uploads\/2022\/05\/GRAND-TUBE-PORTE-DIPLOME-ok.png","width":595,"height":842,"caption":"Grand tube porte documents pour format A4 en similicuir"},{"@type":"BreadcrumbList","@id":"https:\/\/www.hemrex.com\/en\/produit\/certificate-diploma-tube\/#breadcrumb","itemListElement":[{"@type":"ListItem","position":1,"name":"Accueil","item":"https:\/\/www.hemrex.com\/en\/home-2\/"},{"@type":"ListItem","position":2,"name":"Our products","item":"https:\/\/www.hemrex.com\/en\/our-products\/"},{"@type":"ListItem","position":3,"name":"Diploma tube"}]},{"@type":"WebSite","@id":"https:\/\/www.hemrex.com\/#website","url":"https:\/\/www.hemrex.com\/","name":"","description":"Tenues et accessoires pour les c\u00e9r\u00e9monies de remise des dipl\u00f4mes et objets promotionnels personnalis\u00e9s","potentialAction":[{"@type":"SearchAction","target":{"@type":"EntryPoint","urlTemplate":"https:\/\/www.hemrex.com\/?s={search_term_string}"},"query-input":{"@type":"PropertyValueSpecification","valueRequired":true,"valueName":"search_term_string"}}],"inLanguage":"en-US"}]}},"_links":{"self":[{"href":"https:\/\/www.hemrex.com\/en\/wp-json\/wp\/v2\/product\/6327"}],"collection":[{"href":"https:\/\/www.hemrex.com\/en\/wp-json\/wp\/v2\/product"}],"about":[{"href":"https:\/\/www.hemrex.com\/en\/wp-json\/wp\/v2\/types\/product"}],"replies":[{"embeddable":true,"href":"https:\/\/www.hemrex.com\/en\/wp-json\/wp\/v2\/comments?post=6327"}],"version-history":[{"count":8,"href":"https:\/\/www.hemrex.com\/en\/wp-json\/wp\/v2\/product\/6327\/revisions"}],"predecessor-version":[{"id":8378,"href":"https:\/\/www.hemrex.com\/en\/wp-json\/wp\/v2\/product\/6327\/revisions\/8378"}],"wp:featuredmedia":[{"embeddable":true,"href":"https:\/\/www.hemrex.com\/en\/wp-json\/wp\/v2\/media\/3580"}],"wp:attachment":[{"href":"https:\/\/www.hemrex.com\/en\/wp-json\/wp\/v2\/media?parent=6327"}],"wp:term":[{"taxonomy":"product_brand","embeddable":true,"href":"https:\/\/www.hemrex.com\/en\/wp-json\/wp\/v2\/product_brand?post=6327"},{"taxonomy":"product_cat","embeddable":true,"href":"https:\/\/www.hemrex.com\/en\/wp-json\/wp\/v2\/product_cat?post=6327"},{"taxonomy":"product_tag","embeddable":true,"href":"https:\/\/www.hemrex.com\/en\/wp-json\/wp\/v2\/product_tag?post=6327"}],"curies":[{"name":"wp","href":"https:\/\/api.w.org\/{rel}","templated":true}]}}