{"id":6259,"date":"2024-10-09T15:37:57","date_gmt":"2024-10-09T13:37:57","guid":{"rendered":"https:\/\/www.hemrex.com\/?post_type=product&#038;p=6259"},"modified":"2025-08-07T17:05:26","modified_gmt":"2025-08-07T15:05:26","slug":"doctoral-phd-gown","status":"publish","type":"product","link":"https:\/\/www.hemrex.com\/en\/produit\/doctoral-phd-gown\/","title":{"rendered":"Doctoral \/ PhD gown"},"content":{"rendered":"","protected":false},"excerpt":{"rendered":"<p>* Standard colors or Pantone\u00ae<br \/>\n* Tone-on-tone zipper<br \/>\n* Customization : imprinted, embroidery, patch<br \/>\n* Velvet on the sleeves and on the front<br \/>\n* Complete customization of the gown (polyester color, velvet color, piping color)<br \/>\n* Pleated around the shoulders, braided rope and fabric covered button on back<br \/>\n* The gown can go along with a tam <a href=\"https:\/\/www.hemrex.com\/en\/produit\/graduation-tam-4-sided\/\"><strong>4 sided<\/strong><\/a>, <a href=\"https:\/\/www.hemrex.com\/en\/produit\/graduation-tam-6-sided\/\"><strong>6 sided<\/strong><\/a> or<a href=\"https:\/\/www.hemrex.com\/en\/produit\/graduation-tam-8-sided\/\"><strong> 8 sided<\/strong><\/a>,\u00a0 a <a href=\"https:\/\/www.hemrex.com\/en\/categorie-produit\/hoods\/\"><strong>hood<\/strong><\/a>, an <a href=\"https:\/\/www.hemrex.com\/en\/categorie-produit\/accessories\/\"><strong>accessory<\/strong><\/a><\/p>\n<p>100% velvet and matte finish polyester<br \/>\n<strong>Reference<\/strong> : Kowloon<\/p>\n","protected":false},"featured_media":3529,"comment_status":"closed","ping_status":"closed","template":"","meta":[],"product_brand":[],"product_cat":[93],"product_tag":[],"class_list":{"0":"post-6259","1":"product","2":"type-product","3":"status-publish","4":"has-post-thumbnail","6":"product_cat-set-gowncaptassel","8":"entry","9":"has-media","11":"first","12":"instock","13":"taxable","14":"shipping-taxable","15":"product-type-simple","16":"col","17":"span_1_of_3","18":"owp-content-center","19":"owp-thumbs-layout-horizontal","20":"owp-btn-normal","21":"owp-tabs-layout-horizontal"},"yoast_head":"<!-- This site is optimized with the Yoast SEO plugin v25.5 - https:\/\/yoast.com\/wordpress\/plugins\/seo\/ -->\n<title>Doctoral \/ PhD gown - Hemrex<\/title>\n<meta name=\"description\" content=\"The doctoral \/ PhD gown can be cutomized with the choice between different polyester color, velvet color, piping and we can embroidered...\" \/>\n<meta name=\"robots\" content=\"index, follow, max-snippet:-1, max-image-preview:large, max-video-preview:-1\" \/>\n<link rel=\"canonical\" href=\"https:\/\/www.hemrex.com\/en\/produit\/doctoral-phd-gown\/\" \/>\n<meta property=\"og:locale\" content=\"en_US\" \/>\n<meta property=\"og:type\" content=\"article\" \/>\n<meta property=\"og:title\" content=\"Doctoral \/ PhD gown - Hemrex\" \/>\n<meta property=\"og:description\" content=\"The doctoral \/ PhD gown can be cutomized with the choice between different polyester color, velvet color, piping and we can embroidered...\" \/>\n<meta property=\"og:url\" content=\"https:\/\/www.hemrex.com\/en\/produit\/doctoral-phd-gown\/\" \/>\n<meta property=\"article:modified_time\" content=\"2025-08-07T15:05:26+00:00\" \/>\n<meta property=\"og:image\" content=\"https:\/\/www.hemrex.com\/wp-content\/uploads\/2024\/08\/ensemble-toge-doctorale.png\" \/>\n\t<meta property=\"og:image:width\" content=\"595\" \/>\n\t<meta property=\"og:image:height\" content=\"842\" \/>\n\t<meta property=\"og:image:type\" content=\"image\/png\" \/>\n<meta name=\"twitter:card\" content=\"summary_large_image\" \/>\n<script type=\"application\/ld+json\" class=\"yoast-schema-graph\">{\"@context\":\"https:\/\/schema.org\",\"@graph\":[{\"@type\":\"WebPage\",\"@id\":\"https:\/\/www.hemrex.com\/en\/produit\/doctoral-phd-gown\/\",\"url\":\"https:\/\/www.hemrex.com\/en\/produit\/doctoral-phd-gown\/\",\"name\":\"Doctoral \/ PhD gown - Hemrex\",\"isPartOf\":{\"@id\":\"https:\/\/www.hemrex.com\/#website\"},\"primaryImageOfPage\":{\"@id\":\"https:\/\/www.hemrex.com\/en\/produit\/doctoral-phd-gown\/#primaryimage\"},\"image\":{\"@id\":\"https:\/\/www.hemrex.com\/en\/produit\/doctoral-phd-gown\/#primaryimage\"},\"thumbnailUrl\":\"https:\/\/www.hemrex.com\/wp-content\/uploads\/2024\/08\/ensemble-toge-doctorale.png\",\"datePublished\":\"2024-10-09T13:37:57+00:00\",\"dateModified\":\"2025-08-07T15:05:26+00:00\",\"description\":\"The doctoral \/ PhD gown can be cutomized with the choice between different polyester color, velvet color, piping and we can embroidered...\",\"breadcrumb\":{\"@id\":\"https:\/\/www.hemrex.com\/en\/produit\/doctoral-phd-gown\/#breadcrumb\"},\"inLanguage\":\"en-US\",\"potentialAction\":[{\"@type\":\"ReadAction\",\"target\":[\"https:\/\/www.hemrex.com\/en\/produit\/doctoral-phd-gown\/\"]}]},{\"@type\":\"ImageObject\",\"inLanguage\":\"en-US\",\"@id\":\"https:\/\/www.hemrex.com\/en\/produit\/doctoral-phd-gown\/#primaryimage\",\"url\":\"https:\/\/www.hemrex.com\/wp-content\/uploads\/2024\/08\/ensemble-toge-doctorale.png\",\"contentUrl\":\"https:\/\/www.hemrex.com\/wp-content\/uploads\/2024\/08\/ensemble-toge-doctorale.png\",\"width\":595,\"height\":842,\"caption\":\"ensemble toges doctorale, capuchon et toque\"},{\"@type\":\"BreadcrumbList\",\"@id\":\"https:\/\/www.hemrex.com\/en\/produit\/doctoral-phd-gown\/#breadcrumb\",\"itemListElement\":[{\"@type\":\"ListItem\",\"position\":1,\"name\":\"Accueil\",\"item\":\"https:\/\/www.hemrex.com\/en\/home-2\/\"},{\"@type\":\"ListItem\",\"position\":2,\"name\":\"Our products\",\"item\":\"https:\/\/www.hemrex.com\/en\/our-products\/\"},{\"@type\":\"ListItem\",\"position\":3,\"name\":\"Doctoral \/ PhD gown\"}]},{\"@type\":\"WebSite\",\"@id\":\"https:\/\/www.hemrex.com\/#website\",\"url\":\"https:\/\/www.hemrex.com\/\",\"name\":\"\",\"description\":\"Tenues et accessoires pour les c\u00e9r\u00e9monies de remise des dipl\u00f4mes et objets promotionnels personnalis\u00e9s\",\"potentialAction\":[{\"@type\":\"SearchAction\",\"target\":{\"@type\":\"EntryPoint\",\"urlTemplate\":\"https:\/\/www.hemrex.com\/?s={search_term_string}\"},\"query-input\":{\"@type\":\"PropertyValueSpecification\",\"valueRequired\":true,\"valueName\":\"search_term_string\"}}],\"inLanguage\":\"en-US\"}]}<\/script>\n<!-- \/ Yoast SEO plugin. -->","yoast_head_json":{"title":"Doctoral \/ PhD gown - Hemrex","description":"The doctoral \/ PhD gown can be cutomized with the choice between different polyester color, velvet color, piping and we can embroidered...","robots":{"index":"index","follow":"follow","max-snippet":"max-snippet:-1","max-image-preview":"max-image-preview:large","max-video-preview":"max-video-preview:-1"},"canonical":"https:\/\/www.hemrex.com\/en\/produit\/doctoral-phd-gown\/","og_locale":"en_US","og_type":"article","og_title":"Doctoral \/ PhD gown - Hemrex","og_description":"The doctoral \/ PhD gown can be cutomized with the choice between different polyester color, velvet color, piping and we can embroidered...","og_url":"https:\/\/www.hemrex.com\/en\/produit\/doctoral-phd-gown\/","article_modified_time":"2025-08-07T15:05:26+00:00","og_image":[{"width":595,"height":842,"url":"https:\/\/www.hemrex.com\/wp-content\/uploads\/2024\/08\/ensemble-toge-doctorale.png","type":"image\/png"}],"twitter_card":"summary_large_image","schema":{"@context":"https:\/\/schema.org","@graph":[{"@type":"WebPage","@id":"https:\/\/www.hemrex.com\/en\/produit\/doctoral-phd-gown\/","url":"https:\/\/www.hemrex.com\/en\/produit\/doctoral-phd-gown\/","name":"Doctoral \/ PhD gown - Hemrex","isPartOf":{"@id":"https:\/\/www.hemrex.com\/#website"},"primaryImageOfPage":{"@id":"https:\/\/www.hemrex.com\/en\/produit\/doctoral-phd-gown\/#primaryimage"},"image":{"@id":"https:\/\/www.hemrex.com\/en\/produit\/doctoral-phd-gown\/#primaryimage"},"thumbnailUrl":"https:\/\/www.hemrex.com\/wp-content\/uploads\/2024\/08\/ensemble-toge-doctorale.png","datePublished":"2024-10-09T13:37:57+00:00","dateModified":"2025-08-07T15:05:26+00:00","description":"The doctoral \/ PhD gown can be cutomized with the choice between different polyester color, velvet color, piping and we can embroidered...","breadcrumb":{"@id":"https:\/\/www.hemrex.com\/en\/produit\/doctoral-phd-gown\/#breadcrumb"},"inLanguage":"en-US","potentialAction":[{"@type":"ReadAction","target":["https:\/\/www.hemrex.com\/en\/produit\/doctoral-phd-gown\/"]}]},{"@type":"ImageObject","inLanguage":"en-US","@id":"https:\/\/www.hemrex.com\/en\/produit\/doctoral-phd-gown\/#primaryimage","url":"https:\/\/www.hemrex.com\/wp-content\/uploads\/2024\/08\/ensemble-toge-doctorale.png","contentUrl":"https:\/\/www.hemrex.com\/wp-content\/uploads\/2024\/08\/ensemble-toge-doctorale.png","width":595,"height":842,"caption":"ensemble toges doctorale, capuchon et toque"},{"@type":"BreadcrumbList","@id":"https:\/\/www.hemrex.com\/en\/produit\/doctoral-phd-gown\/#breadcrumb","itemListElement":[{"@type":"ListItem","position":1,"name":"Accueil","item":"https:\/\/www.hemrex.com\/en\/home-2\/"},{"@type":"ListItem","position":2,"name":"Our products","item":"https:\/\/www.hemrex.com\/en\/our-products\/"},{"@type":"ListItem","position":3,"name":"Doctoral \/ PhD gown"}]},{"@type":"WebSite","@id":"https:\/\/www.hemrex.com\/#website","url":"https:\/\/www.hemrex.com\/","name":"","description":"Tenues et accessoires pour les c\u00e9r\u00e9monies de remise des dipl\u00f4mes et objets promotionnels personnalis\u00e9s","potentialAction":[{"@type":"SearchAction","target":{"@type":"EntryPoint","urlTemplate":"https:\/\/www.hemrex.com\/?s={search_term_string}"},"query-input":{"@type":"PropertyValueSpecification","valueRequired":true,"valueName":"search_term_string"}}],"inLanguage":"en-US"}]}},"_links":{"self":[{"href":"https:\/\/www.hemrex.com\/en\/wp-json\/wp\/v2\/product\/6259"}],"collection":[{"href":"https:\/\/www.hemrex.com\/en\/wp-json\/wp\/v2\/product"}],"about":[{"href":"https:\/\/www.hemrex.com\/en\/wp-json\/wp\/v2\/types\/product"}],"replies":[{"embeddable":true,"href":"https:\/\/www.hemrex.com\/en\/wp-json\/wp\/v2\/comments?post=6259"}],"version-history":[{"count":3,"href":"https:\/\/www.hemrex.com\/en\/wp-json\/wp\/v2\/product\/6259\/revisions"}],"predecessor-version":[{"id":7702,"href":"https:\/\/www.hemrex.com\/en\/wp-json\/wp\/v2\/product\/6259\/revisions\/7702"}],"wp:featuredmedia":[{"embeddable":true,"href":"https:\/\/www.hemrex.com\/en\/wp-json\/wp\/v2\/media\/3529"}],"wp:attachment":[{"href":"https:\/\/www.hemrex.com\/en\/wp-json\/wp\/v2\/media?parent=6259"}],"wp:term":[{"taxonomy":"product_brand","embeddable":true,"href":"https:\/\/www.hemrex.com\/en\/wp-json\/wp\/v2\/product_brand?post=6259"},{"taxonomy":"product_cat","embeddable":true,"href":"https:\/\/www.hemrex.com\/en\/wp-json\/wp\/v2\/product_cat?post=6259"},{"taxonomy":"product_tag","embeddable":true,"href":"https:\/\/www.hemrex.com\/en\/wp-json\/wp\/v2\/product_tag?post=6259"}],"curies":[{"name":"wp","href":"https:\/\/api.w.org\/{rel}","templated":true}]}}