{"id":6208,"date":"2024-10-09T12:18:43","date_gmt":"2024-10-09T10:18:43","guid":{"rendered":"https:\/\/www.hemrex.com\/?post_type=product&#038;p=6208"},"modified":"2025-08-08T11:14:55","modified_gmt":"2025-08-08T09:14:55","slug":"graduation-tam-4-sided","status":"publish","type":"product","link":"https:\/\/www.hemrex.com\/en\/produit\/graduation-tam-4-sided\/","title":{"rendered":"Graduation tam 4 sided"},"content":{"rendered":"","protected":false},"excerpt":{"rendered":"<p>* Standard velvet colors (black, red, navy blue) or Pantone\u00ae<br \/>\n* Gold bullion tassel attached<br \/>\n* Pair your tam with a <a href=\"https:\/\/www.hemrex.com\/en\/produit\/doctoral-phd-gown\/\"><strong>PhD gown<\/strong><\/a>, a <strong><a href=\"https:\/\/www.hemrex.com\/en\/categorie-produit\/graduation-stoles\/\">stole<\/a>,<\/strong> a <strong><a href=\"https:\/\/www.hemrex.com\/en\/categorie-produit\/hoods\/\">hood<\/a>,<\/strong> an <a href=\"https:\/\/www.hemrex.com\/en\/categorie-produit\/accessories\/\"><strong>accessory<\/strong><\/a><\/p>\n<p>100% velvet<br \/>\n<strong>Reference\u00a0<\/strong>: Luang Prabang<\/p>\n","protected":false},"featured_media":3546,"comment_status":"closed","ping_status":"closed","template":"","meta":[],"product_brand":[],"product_cat":[94],"product_tag":[],"class_list":{"0":"post-6208","1":"product","2":"type-product","3":"status-publish","4":"has-post-thumbnail","6":"product_cat-caps-tassels","8":"entry","9":"has-media","11":"first","12":"instock","13":"taxable","14":"shipping-taxable","15":"product-type-simple","16":"col","17":"span_1_of_3","18":"owp-content-center","19":"owp-thumbs-layout-horizontal","20":"owp-btn-normal","21":"owp-tabs-layout-horizontal"},"yoast_head":"<!-- This site is optimized with the Yoast SEO plugin v25.5 - https:\/\/yoast.com\/wordpress\/plugins\/seo\/ -->\n<title>Graduation tam 4 sided with gold in velvet bullion tassel<\/title>\n<meta name=\"description\" content=\"Graduation tam 4 sided is made in 100% velvet, colors : black, red, navy blue, custom colors are available. the tam comes with a gold bullion\" \/>\n<meta name=\"robots\" content=\"index, follow, max-snippet:-1, max-image-preview:large, max-video-preview:-1\" \/>\n<link rel=\"canonical\" href=\"https:\/\/www.hemrex.com\/en\/produit\/graduation-tam-4-sided\/\" \/>\n<meta property=\"og:locale\" content=\"en_US\" \/>\n<meta property=\"og:type\" content=\"article\" \/>\n<meta property=\"og:title\" content=\"Graduation tam 4 sided with gold in velvet bullion tassel\" \/>\n<meta property=\"og:description\" content=\"Graduation tam 4 sided is made in 100% velvet, colors : black, red, navy blue, custom colors are available. the tam comes with a gold bullion\" \/>\n<meta property=\"og:url\" content=\"https:\/\/www.hemrex.com\/en\/produit\/graduation-tam-4-sided\/\" \/>\n<meta property=\"article:modified_time\" content=\"2025-08-08T09:14:55+00:00\" \/>\n<meta property=\"og:image\" content=\"https:\/\/www.hemrex.com\/wp-content\/uploads\/2024\/08\/beret-4-COTE-bleu.png\" \/>\n\t<meta property=\"og:image:width\" content=\"595\" \/>\n\t<meta property=\"og:image:height\" content=\"842\" \/>\n\t<meta property=\"og:image:type\" content=\"image\/png\" \/>\n<meta name=\"twitter:card\" content=\"summary_large_image\" \/>\n<script type=\"application\/ld+json\" class=\"yoast-schema-graph\">{\"@context\":\"https:\/\/schema.org\",\"@graph\":[{\"@type\":\"WebPage\",\"@id\":\"https:\/\/www.hemrex.com\/en\/produit\/graduation-tam-4-sided\/\",\"url\":\"https:\/\/www.hemrex.com\/en\/produit\/graduation-tam-4-sided\/\",\"name\":\"Graduation tam 4 sided with gold in velvet bullion tassel\",\"isPartOf\":{\"@id\":\"https:\/\/www.hemrex.com\/#website\"},\"primaryImageOfPage\":{\"@id\":\"https:\/\/www.hemrex.com\/en\/produit\/graduation-tam-4-sided\/#primaryimage\"},\"image\":{\"@id\":\"https:\/\/www.hemrex.com\/en\/produit\/graduation-tam-4-sided\/#primaryimage\"},\"thumbnailUrl\":\"https:\/\/www.hemrex.com\/wp-content\/uploads\/2024\/08\/beret-4-COTE-bleu.png\",\"datePublished\":\"2024-10-09T10:18:43+00:00\",\"dateModified\":\"2025-08-08T09:14:55+00:00\",\"description\":\"Graduation tam 4 sided is made in 100% velvet, colors : black, red, navy blue, custom colors are available. the tam comes with a gold bullion\",\"breadcrumb\":{\"@id\":\"https:\/\/www.hemrex.com\/en\/produit\/graduation-tam-4-sided\/#breadcrumb\"},\"inLanguage\":\"en-US\",\"potentialAction\":[{\"@type\":\"ReadAction\",\"target\":[\"https:\/\/www.hemrex.com\/en\/produit\/graduation-tam-4-sided\/\"]}]},{\"@type\":\"ImageObject\",\"inLanguage\":\"en-US\",\"@id\":\"https:\/\/www.hemrex.com\/en\/produit\/graduation-tam-4-sided\/#primaryimage\",\"url\":\"https:\/\/www.hemrex.com\/wp-content\/uploads\/2024\/08\/beret-4-COTE-bleu.png\",\"contentUrl\":\"https:\/\/www.hemrex.com\/wp-content\/uploads\/2024\/08\/beret-4-COTE-bleu.png\",\"width\":595,\"height\":842,\"caption\":\"toque 4 c\u00f4t\u00e9s\"},{\"@type\":\"BreadcrumbList\",\"@id\":\"https:\/\/www.hemrex.com\/en\/produit\/graduation-tam-4-sided\/#breadcrumb\",\"itemListElement\":[{\"@type\":\"ListItem\",\"position\":1,\"name\":\"Accueil\",\"item\":\"https:\/\/www.hemrex.com\/en\/home-2\/\"},{\"@type\":\"ListItem\",\"position\":2,\"name\":\"Our products\",\"item\":\"https:\/\/www.hemrex.com\/en\/our-products\/\"},{\"@type\":\"ListItem\",\"position\":3,\"name\":\"Graduation tam 4 sided\"}]},{\"@type\":\"WebSite\",\"@id\":\"https:\/\/www.hemrex.com\/#website\",\"url\":\"https:\/\/www.hemrex.com\/\",\"name\":\"\",\"description\":\"Tenues et accessoires pour les c\u00e9r\u00e9monies de remise des dipl\u00f4mes et objets promotionnels personnalis\u00e9s\",\"potentialAction\":[{\"@type\":\"SearchAction\",\"target\":{\"@type\":\"EntryPoint\",\"urlTemplate\":\"https:\/\/www.hemrex.com\/?s={search_term_string}\"},\"query-input\":{\"@type\":\"PropertyValueSpecification\",\"valueRequired\":true,\"valueName\":\"search_term_string\"}}],\"inLanguage\":\"en-US\"}]}<\/script>\n<!-- \/ Yoast SEO plugin. -->","yoast_head_json":{"title":"Graduation tam 4 sided with gold in velvet bullion tassel","description":"Graduation tam 4 sided is made in 100% velvet, colors : black, red, navy blue, custom colors are available. the tam comes with a gold bullion","robots":{"index":"index","follow":"follow","max-snippet":"max-snippet:-1","max-image-preview":"max-image-preview:large","max-video-preview":"max-video-preview:-1"},"canonical":"https:\/\/www.hemrex.com\/en\/produit\/graduation-tam-4-sided\/","og_locale":"en_US","og_type":"article","og_title":"Graduation tam 4 sided with gold in velvet bullion tassel","og_description":"Graduation tam 4 sided is made in 100% velvet, colors : black, red, navy blue, custom colors are available. the tam comes with a gold bullion","og_url":"https:\/\/www.hemrex.com\/en\/produit\/graduation-tam-4-sided\/","article_modified_time":"2025-08-08T09:14:55+00:00","og_image":[{"width":595,"height":842,"url":"https:\/\/www.hemrex.com\/wp-content\/uploads\/2024\/08\/beret-4-COTE-bleu.png","type":"image\/png"}],"twitter_card":"summary_large_image","schema":{"@context":"https:\/\/schema.org","@graph":[{"@type":"WebPage","@id":"https:\/\/www.hemrex.com\/en\/produit\/graduation-tam-4-sided\/","url":"https:\/\/www.hemrex.com\/en\/produit\/graduation-tam-4-sided\/","name":"Graduation tam 4 sided with gold in velvet bullion tassel","isPartOf":{"@id":"https:\/\/www.hemrex.com\/#website"},"primaryImageOfPage":{"@id":"https:\/\/www.hemrex.com\/en\/produit\/graduation-tam-4-sided\/#primaryimage"},"image":{"@id":"https:\/\/www.hemrex.com\/en\/produit\/graduation-tam-4-sided\/#primaryimage"},"thumbnailUrl":"https:\/\/www.hemrex.com\/wp-content\/uploads\/2024\/08\/beret-4-COTE-bleu.png","datePublished":"2024-10-09T10:18:43+00:00","dateModified":"2025-08-08T09:14:55+00:00","description":"Graduation tam 4 sided is made in 100% velvet, colors : black, red, navy blue, custom colors are available. the tam comes with a gold bullion","breadcrumb":{"@id":"https:\/\/www.hemrex.com\/en\/produit\/graduation-tam-4-sided\/#breadcrumb"},"inLanguage":"en-US","potentialAction":[{"@type":"ReadAction","target":["https:\/\/www.hemrex.com\/en\/produit\/graduation-tam-4-sided\/"]}]},{"@type":"ImageObject","inLanguage":"en-US","@id":"https:\/\/www.hemrex.com\/en\/produit\/graduation-tam-4-sided\/#primaryimage","url":"https:\/\/www.hemrex.com\/wp-content\/uploads\/2024\/08\/beret-4-COTE-bleu.png","contentUrl":"https:\/\/www.hemrex.com\/wp-content\/uploads\/2024\/08\/beret-4-COTE-bleu.png","width":595,"height":842,"caption":"toque 4 c\u00f4t\u00e9s"},{"@type":"BreadcrumbList","@id":"https:\/\/www.hemrex.com\/en\/produit\/graduation-tam-4-sided\/#breadcrumb","itemListElement":[{"@type":"ListItem","position":1,"name":"Accueil","item":"https:\/\/www.hemrex.com\/en\/home-2\/"},{"@type":"ListItem","position":2,"name":"Our products","item":"https:\/\/www.hemrex.com\/en\/our-products\/"},{"@type":"ListItem","position":3,"name":"Graduation tam 4 sided"}]},{"@type":"WebSite","@id":"https:\/\/www.hemrex.com\/#website","url":"https:\/\/www.hemrex.com\/","name":"","description":"Tenues et accessoires pour les c\u00e9r\u00e9monies de remise des dipl\u00f4mes et objets promotionnels personnalis\u00e9s","potentialAction":[{"@type":"SearchAction","target":{"@type":"EntryPoint","urlTemplate":"https:\/\/www.hemrex.com\/?s={search_term_string}"},"query-input":{"@type":"PropertyValueSpecification","valueRequired":true,"valueName":"search_term_string"}}],"inLanguage":"en-US"}]}},"_links":{"self":[{"href":"https:\/\/www.hemrex.com\/en\/wp-json\/wp\/v2\/product\/6208"}],"collection":[{"href":"https:\/\/www.hemrex.com\/en\/wp-json\/wp\/v2\/product"}],"about":[{"href":"https:\/\/www.hemrex.com\/en\/wp-json\/wp\/v2\/types\/product"}],"replies":[{"embeddable":true,"href":"https:\/\/www.hemrex.com\/en\/wp-json\/wp\/v2\/comments?post=6208"}],"version-history":[{"count":3,"href":"https:\/\/www.hemrex.com\/en\/wp-json\/wp\/v2\/product\/6208\/revisions"}],"predecessor-version":[{"id":7720,"href":"https:\/\/www.hemrex.com\/en\/wp-json\/wp\/v2\/product\/6208\/revisions\/7720"}],"wp:featuredmedia":[{"embeddable":true,"href":"https:\/\/www.hemrex.com\/en\/wp-json\/wp\/v2\/media\/3546"}],"wp:attachment":[{"href":"https:\/\/www.hemrex.com\/en\/wp-json\/wp\/v2\/media?parent=6208"}],"wp:term":[{"taxonomy":"product_brand","embeddable":true,"href":"https:\/\/www.hemrex.com\/en\/wp-json\/wp\/v2\/product_brand?post=6208"},{"taxonomy":"product_cat","embeddable":true,"href":"https:\/\/www.hemrex.com\/en\/wp-json\/wp\/v2\/product_cat?post=6208"},{"taxonomy":"product_tag","embeddable":true,"href":"https:\/\/www.hemrex.com\/en\/wp-json\/wp\/v2\/product_tag?post=6208"}],"curies":[{"name":"wp","href":"https:\/\/api.w.org\/{rel}","templated":true}]}}