{"id":6202,"date":"2024-10-09T11:57:43","date_gmt":"2024-10-09T09:57:43","guid":{"rendered":"https:\/\/www.hemrex.com\/?post_type=product&#038;p=6202"},"modified":"2026-01-27T14:28:28","modified_gmt":"2026-01-27T13:28:28","slug":"graduation-2-colors-tassel","status":"publish","type":"product","link":"https:\/\/www.hemrex.com\/en\/produit\/graduation-2-colors-tassel\/","title":{"rendered":"Graduation tassel 2 colors"},"content":{"rendered":"","protected":false},"excerpt":{"rendered":"<p>* Standard or Pantone\u00ae colors<br \/>\n* Pair your 2 colors tassel with a <a href=\"https:\/\/www.hemrex.com\/en\/categorie-produit\/caps-tassels\/\"><strong>cap,<\/strong><\/a> a <a href=\"https:\/\/www.hemrex.com\/en\/categorie-produit\/set-gowncaptassel\/\"><strong>gown,<\/strong><\/a> an <a href=\"https:\/\/www.hemrex.com\/en\/categorie-produit\/accessories\/\"><strong>accessory<\/strong><\/a><\/p>\n<p>100% polyester<br \/>\nOption : gold signet year charm<br \/>\n<strong>Reference<\/strong>\u00a0: Sanya<\/p>\n","protected":false},"featured_media":9032,"comment_status":"closed","ping_status":"closed","template":"","meta":[],"product_brand":[],"product_cat":[94],"product_tag":[],"class_list":{"0":"post-6202","1":"product","2":"type-product","3":"status-publish","4":"has-post-thumbnail","6":"product_cat-caps-tassels","8":"entry","9":"has-media","11":"first","12":"instock","13":"taxable","14":"shipping-taxable","15":"product-type-simple","16":"col","17":"span_1_of_3","18":"owp-content-center","19":"owp-thumbs-layout-horizontal","20":"owp-btn-normal","21":"owp-tabs-layout-horizontal","22":"has-no-thumbnails"},"yoast_head":"<!-- This site is optimized with the Yoast SEO plugin v25.5 - https:\/\/yoast.com\/wordpress\/plugins\/seo\/ -->\n<title>Graduation tassel 2 colors - Graduation<\/title>\n<meta name=\"description\" content=\"Tassel for cap, 2 colors for your graduation. You can choose 2 or 3 differents colors. The tassel will complete your graduation outfit in your school colors\" \/>\n<meta name=\"robots\" content=\"index, follow, max-snippet:-1, max-image-preview:large, max-video-preview:-1\" \/>\n<link rel=\"canonical\" href=\"https:\/\/www.hemrex.com\/en\/produit\/graduation-2-colors-tassel\/\" \/>\n<meta property=\"og:locale\" content=\"en_US\" \/>\n<meta property=\"og:type\" content=\"article\" \/>\n<meta property=\"og:title\" content=\"Graduation tassel 2 colors - Graduation\" \/>\n<meta property=\"og:description\" content=\"Tassel for cap, 2 colors for your graduation. You can choose 2 or 3 differents colors. The tassel will complete your graduation outfit in your school colors\" \/>\n<meta property=\"og:url\" content=\"https:\/\/www.hemrex.com\/en\/produit\/graduation-2-colors-tassel\/\" \/>\n<meta property=\"article:modified_time\" content=\"2026-01-27T13:28:28+00:00\" \/>\n<meta property=\"og:image\" content=\"https:\/\/www.hemrex.com\/wp-content\/uploads\/2024\/08\/Bi-color.png\" \/>\n\t<meta property=\"og:image:width\" content=\"595\" \/>\n\t<meta property=\"og:image:height\" content=\"842\" \/>\n\t<meta property=\"og:image:type\" content=\"image\/png\" \/>\n<meta name=\"twitter:card\" content=\"summary_large_image\" \/>\n<script type=\"application\/ld+json\" class=\"yoast-schema-graph\">{\"@context\":\"https:\/\/schema.org\",\"@graph\":[{\"@type\":\"WebPage\",\"@id\":\"https:\/\/www.hemrex.com\/en\/produit\/graduation-2-colors-tassel\/\",\"url\":\"https:\/\/www.hemrex.com\/en\/produit\/graduation-2-colors-tassel\/\",\"name\":\"Graduation tassel 2 colors - Graduation\",\"isPartOf\":{\"@id\":\"https:\/\/www.hemrex.com\/#website\"},\"primaryImageOfPage\":{\"@id\":\"https:\/\/www.hemrex.com\/en\/produit\/graduation-2-colors-tassel\/#primaryimage\"},\"image\":{\"@id\":\"https:\/\/www.hemrex.com\/en\/produit\/graduation-2-colors-tassel\/#primaryimage\"},\"thumbnailUrl\":\"https:\/\/www.hemrex.com\/wp-content\/uploads\/2024\/08\/Bi-color.png\",\"datePublished\":\"2024-10-09T09:57:43+00:00\",\"dateModified\":\"2026-01-27T13:28:28+00:00\",\"description\":\"Tassel for cap, 2 colors for your graduation. You can choose 2 or 3 differents colors. The tassel will complete your graduation outfit in your school colors\",\"breadcrumb\":{\"@id\":\"https:\/\/www.hemrex.com\/en\/produit\/graduation-2-colors-tassel\/#breadcrumb\"},\"inLanguage\":\"en-US\",\"potentialAction\":[{\"@type\":\"ReadAction\",\"target\":[\"https:\/\/www.hemrex.com\/en\/produit\/graduation-2-colors-tassel\/\"]}]},{\"@type\":\"ImageObject\",\"inLanguage\":\"en-US\",\"@id\":\"https:\/\/www.hemrex.com\/en\/produit\/graduation-2-colors-tassel\/#primaryimage\",\"url\":\"https:\/\/www.hemrex.com\/wp-content\/uploads\/2024\/08\/Bi-color.png\",\"contentUrl\":\"https:\/\/www.hemrex.com\/wp-content\/uploads\/2024\/08\/Bi-color.png\",\"width\":595,\"height\":842},{\"@type\":\"BreadcrumbList\",\"@id\":\"https:\/\/www.hemrex.com\/en\/produit\/graduation-2-colors-tassel\/#breadcrumb\",\"itemListElement\":[{\"@type\":\"ListItem\",\"position\":1,\"name\":\"Accueil\",\"item\":\"https:\/\/www.hemrex.com\/en\/home-2\/\"},{\"@type\":\"ListItem\",\"position\":2,\"name\":\"Our products\",\"item\":\"https:\/\/www.hemrex.com\/en\/our-products\/\"},{\"@type\":\"ListItem\",\"position\":3,\"name\":\"Graduation tassel 2 colors\"}]},{\"@type\":\"WebSite\",\"@id\":\"https:\/\/www.hemrex.com\/#website\",\"url\":\"https:\/\/www.hemrex.com\/\",\"name\":\"\",\"description\":\"Tenues et accessoires pour les c\u00e9r\u00e9monies de remise des dipl\u00f4mes et objets promotionnels personnalis\u00e9s\",\"potentialAction\":[{\"@type\":\"SearchAction\",\"target\":{\"@type\":\"EntryPoint\",\"urlTemplate\":\"https:\/\/www.hemrex.com\/?s={search_term_string}\"},\"query-input\":{\"@type\":\"PropertyValueSpecification\",\"valueRequired\":true,\"valueName\":\"search_term_string\"}}],\"inLanguage\":\"en-US\"}]}<\/script>\n<!-- \/ Yoast SEO plugin. -->","yoast_head_json":{"title":"Graduation tassel 2 colors - Graduation","description":"Tassel for cap, 2 colors for your graduation. You can choose 2 or 3 differents colors. The tassel will complete your graduation outfit in your school colors","robots":{"index":"index","follow":"follow","max-snippet":"max-snippet:-1","max-image-preview":"max-image-preview:large","max-video-preview":"max-video-preview:-1"},"canonical":"https:\/\/www.hemrex.com\/en\/produit\/graduation-2-colors-tassel\/","og_locale":"en_US","og_type":"article","og_title":"Graduation tassel 2 colors - Graduation","og_description":"Tassel for cap, 2 colors for your graduation. You can choose 2 or 3 differents colors. The tassel will complete your graduation outfit in your school colors","og_url":"https:\/\/www.hemrex.com\/en\/produit\/graduation-2-colors-tassel\/","article_modified_time":"2026-01-27T13:28:28+00:00","og_image":[{"width":595,"height":842,"url":"https:\/\/www.hemrex.com\/wp-content\/uploads\/2024\/08\/Bi-color.png","type":"image\/png"}],"twitter_card":"summary_large_image","schema":{"@context":"https:\/\/schema.org","@graph":[{"@type":"WebPage","@id":"https:\/\/www.hemrex.com\/en\/produit\/graduation-2-colors-tassel\/","url":"https:\/\/www.hemrex.com\/en\/produit\/graduation-2-colors-tassel\/","name":"Graduation tassel 2 colors - Graduation","isPartOf":{"@id":"https:\/\/www.hemrex.com\/#website"},"primaryImageOfPage":{"@id":"https:\/\/www.hemrex.com\/en\/produit\/graduation-2-colors-tassel\/#primaryimage"},"image":{"@id":"https:\/\/www.hemrex.com\/en\/produit\/graduation-2-colors-tassel\/#primaryimage"},"thumbnailUrl":"https:\/\/www.hemrex.com\/wp-content\/uploads\/2024\/08\/Bi-color.png","datePublished":"2024-10-09T09:57:43+00:00","dateModified":"2026-01-27T13:28:28+00:00","description":"Tassel for cap, 2 colors for your graduation. You can choose 2 or 3 differents colors. The tassel will complete your graduation outfit in your school colors","breadcrumb":{"@id":"https:\/\/www.hemrex.com\/en\/produit\/graduation-2-colors-tassel\/#breadcrumb"},"inLanguage":"en-US","potentialAction":[{"@type":"ReadAction","target":["https:\/\/www.hemrex.com\/en\/produit\/graduation-2-colors-tassel\/"]}]},{"@type":"ImageObject","inLanguage":"en-US","@id":"https:\/\/www.hemrex.com\/en\/produit\/graduation-2-colors-tassel\/#primaryimage","url":"https:\/\/www.hemrex.com\/wp-content\/uploads\/2024\/08\/Bi-color.png","contentUrl":"https:\/\/www.hemrex.com\/wp-content\/uploads\/2024\/08\/Bi-color.png","width":595,"height":842},{"@type":"BreadcrumbList","@id":"https:\/\/www.hemrex.com\/en\/produit\/graduation-2-colors-tassel\/#breadcrumb","itemListElement":[{"@type":"ListItem","position":1,"name":"Accueil","item":"https:\/\/www.hemrex.com\/en\/home-2\/"},{"@type":"ListItem","position":2,"name":"Our products","item":"https:\/\/www.hemrex.com\/en\/our-products\/"},{"@type":"ListItem","position":3,"name":"Graduation tassel 2 colors"}]},{"@type":"WebSite","@id":"https:\/\/www.hemrex.com\/#website","url":"https:\/\/www.hemrex.com\/","name":"","description":"Tenues et accessoires pour les c\u00e9r\u00e9monies de remise des dipl\u00f4mes et objets promotionnels personnalis\u00e9s","potentialAction":[{"@type":"SearchAction","target":{"@type":"EntryPoint","urlTemplate":"https:\/\/www.hemrex.com\/?s={search_term_string}"},"query-input":{"@type":"PropertyValueSpecification","valueRequired":true,"valueName":"search_term_string"}}],"inLanguage":"en-US"}]}},"_links":{"self":[{"href":"https:\/\/www.hemrex.com\/en\/wp-json\/wp\/v2\/product\/6202"}],"collection":[{"href":"https:\/\/www.hemrex.com\/en\/wp-json\/wp\/v2\/product"}],"about":[{"href":"https:\/\/www.hemrex.com\/en\/wp-json\/wp\/v2\/types\/product"}],"replies":[{"embeddable":true,"href":"https:\/\/www.hemrex.com\/en\/wp-json\/wp\/v2\/comments?post=6202"}],"version-history":[{"count":6,"href":"https:\/\/www.hemrex.com\/en\/wp-json\/wp\/v2\/product\/6202\/revisions"}],"predecessor-version":[{"id":7719,"href":"https:\/\/www.hemrex.com\/en\/wp-json\/wp\/v2\/product\/6202\/revisions\/7719"}],"wp:featuredmedia":[{"embeddable":true,"href":"https:\/\/www.hemrex.com\/en\/wp-json\/wp\/v2\/media\/9032"}],"wp:attachment":[{"href":"https:\/\/www.hemrex.com\/en\/wp-json\/wp\/v2\/media?parent=6202"}],"wp:term":[{"taxonomy":"product_brand","embeddable":true,"href":"https:\/\/www.hemrex.com\/en\/wp-json\/wp\/v2\/product_brand?post=6202"},{"taxonomy":"product_cat","embeddable":true,"href":"https:\/\/www.hemrex.com\/en\/wp-json\/wp\/v2\/product_cat?post=6202"},{"taxonomy":"product_tag","embeddable":true,"href":"https:\/\/www.hemrex.com\/en\/wp-json\/wp\/v2\/product_tag?post=6202"}],"curies":[{"name":"wp","href":"https:\/\/api.w.org\/{rel}","templated":true}]}}