{"id":6162,"date":"2024-10-09T11:43:17","date_gmt":"2024-10-09T09:43:17","guid":{"rendered":"https:\/\/www.hemrex.com\/?post_type=product&#038;p=6162"},"modified":"2025-11-07T11:20:23","modified_gmt":"2025-11-07T10:20:23","slug":"bachelor-hood","status":"publish","type":"product","link":"https:\/\/www.hemrex.com\/en\/produit\/bachelor-hood\/","title":{"rendered":"Bachelor hood"},"content":{"rendered":"","protected":false},"excerpt":{"rendered":"<p>* Standard colors or Pantone\u00ae<br \/>\n* Customized according to your degree and your school&#8217;s color &#8211; or create your own look<br \/>\n* Pair your bachelor hood with a <strong><a href=\"https:\/\/www.hemrex.com\/en\/produit\/bachelor-gown\/\">bachelor gown<\/a>,<\/strong> a <a href=\"https:\/\/www.hemrex.com\/en\/categorie-produit\/caps-tassels\/\"><strong>cap<\/strong> and <\/a><strong>tassel,<\/strong> an <a href=\"https:\/\/www.hemrex.com\/en\/categorie-produit\/accessories\/\"><strong>accessory<\/strong><\/a><\/p>\n<p>Size : 87 cm long<br \/>\n100% polyester and velvet<br \/>\n<strong>Reference\u00a0<\/strong>: Lantau<\/p>\n","protected":false},"featured_media":3994,"comment_status":"closed","ping_status":"closed","template":"","meta":[],"product_brand":[],"product_cat":[100],"product_tag":[],"class_list":{"0":"post-6162","1":"product","2":"type-product","3":"status-publish","4":"has-post-thumbnail","6":"product_cat-hoods","8":"entry","9":"has-media","11":"first","12":"instock","13":"taxable","14":"shipping-taxable","15":"product-type-simple","16":"col","17":"span_1_of_3","18":"owp-content-center","19":"owp-thumbs-layout-horizontal","20":"owp-btn-normal","21":"owp-tabs-layout-horizontal"},"yoast_head":"<!-- This site is optimized with the Yoast SEO plugin v25.5 - https:\/\/yoast.com\/wordpress\/plugins\/seo\/ -->\n<title>Bachelor hood - Hemrex<\/title>\n<meta name=\"description\" content=\"Bachelor hood are likely to be worn with our bachelor gown. Wear the traditional hood with your degree &amp; school colors or create your own look\" \/>\n<meta name=\"robots\" content=\"index, follow, max-snippet:-1, max-image-preview:large, max-video-preview:-1\" \/>\n<link rel=\"canonical\" href=\"https:\/\/www.hemrex.com\/en\/produit\/bachelor-hood\/\" \/>\n<meta property=\"og:locale\" content=\"en_US\" \/>\n<meta property=\"og:type\" content=\"article\" \/>\n<meta property=\"og:title\" content=\"Bachelor hood - Hemrex\" \/>\n<meta property=\"og:description\" content=\"Bachelor hood are likely to be worn with our bachelor gown. Wear the traditional hood with your degree &amp; school colors or create your own look\" \/>\n<meta property=\"og:url\" content=\"https:\/\/www.hemrex.com\/en\/produit\/bachelor-hood\/\" \/>\n<meta property=\"article:modified_time\" content=\"2025-11-07T10:20:23+00:00\" \/>\n<meta property=\"og:image\" content=\"https:\/\/www.hemrex.com\/wp-content\/uploads\/2024\/08\/BACHELOR-sf.png\" \/>\n\t<meta property=\"og:image:width\" content=\"595\" \/>\n\t<meta property=\"og:image:height\" content=\"842\" \/>\n\t<meta property=\"og:image:type\" content=\"image\/png\" \/>\n<meta name=\"twitter:card\" content=\"summary_large_image\" \/>\n<script type=\"application\/ld+json\" class=\"yoast-schema-graph\">{\"@context\":\"https:\/\/schema.org\",\"@graph\":[{\"@type\":\"WebPage\",\"@id\":\"https:\/\/www.hemrex.com\/en\/produit\/bachelor-hood\/\",\"url\":\"https:\/\/www.hemrex.com\/en\/produit\/bachelor-hood\/\",\"name\":\"Bachelor hood - Hemrex\",\"isPartOf\":{\"@id\":\"https:\/\/www.hemrex.com\/#website\"},\"primaryImageOfPage\":{\"@id\":\"https:\/\/www.hemrex.com\/en\/produit\/bachelor-hood\/#primaryimage\"},\"image\":{\"@id\":\"https:\/\/www.hemrex.com\/en\/produit\/bachelor-hood\/#primaryimage\"},\"thumbnailUrl\":\"https:\/\/www.hemrex.com\/wp-content\/uploads\/2024\/08\/BACHELOR-sf.png\",\"datePublished\":\"2024-10-09T09:43:17+00:00\",\"dateModified\":\"2025-11-07T10:20:23+00:00\",\"description\":\"Bachelor hood are likely to be worn with our bachelor gown. Wear the traditional hood with your degree & school colors or create your own look\",\"breadcrumb\":{\"@id\":\"https:\/\/www.hemrex.com\/en\/produit\/bachelor-hood\/#breadcrumb\"},\"inLanguage\":\"en-US\",\"potentialAction\":[{\"@type\":\"ReadAction\",\"target\":[\"https:\/\/www.hemrex.com\/en\/produit\/bachelor-hood\/\"]}]},{\"@type\":\"ImageObject\",\"inLanguage\":\"en-US\",\"@id\":\"https:\/\/www.hemrex.com\/en\/produit\/bachelor-hood\/#primaryimage\",\"url\":\"https:\/\/www.hemrex.com\/wp-content\/uploads\/2024\/08\/BACHELOR-sf.png\",\"contentUrl\":\"https:\/\/www.hemrex.com\/wp-content\/uploads\/2024\/08\/BACHELOR-sf.png\",\"width\":595,\"height\":842,\"caption\":\"capuchon bachelor\"},{\"@type\":\"BreadcrumbList\",\"@id\":\"https:\/\/www.hemrex.com\/en\/produit\/bachelor-hood\/#breadcrumb\",\"itemListElement\":[{\"@type\":\"ListItem\",\"position\":1,\"name\":\"Accueil\",\"item\":\"https:\/\/www.hemrex.com\/en\/home-2\/\"},{\"@type\":\"ListItem\",\"position\":2,\"name\":\"Our products\",\"item\":\"https:\/\/www.hemrex.com\/en\/our-products\/\"},{\"@type\":\"ListItem\",\"position\":3,\"name\":\"Bachelor hood\"}]},{\"@type\":\"WebSite\",\"@id\":\"https:\/\/www.hemrex.com\/#website\",\"url\":\"https:\/\/www.hemrex.com\/\",\"name\":\"\",\"description\":\"Tenues et accessoires pour les c\u00e9r\u00e9monies de remise des dipl\u00f4mes et objets promotionnels personnalis\u00e9s\",\"potentialAction\":[{\"@type\":\"SearchAction\",\"target\":{\"@type\":\"EntryPoint\",\"urlTemplate\":\"https:\/\/www.hemrex.com\/?s={search_term_string}\"},\"query-input\":{\"@type\":\"PropertyValueSpecification\",\"valueRequired\":true,\"valueName\":\"search_term_string\"}}],\"inLanguage\":\"en-US\"}]}<\/script>\n<!-- \/ Yoast SEO plugin. -->","yoast_head_json":{"title":"Bachelor hood - Hemrex","description":"Bachelor hood are likely to be worn with our bachelor gown. Wear the traditional hood with your degree & school colors or create your own look","robots":{"index":"index","follow":"follow","max-snippet":"max-snippet:-1","max-image-preview":"max-image-preview:large","max-video-preview":"max-video-preview:-1"},"canonical":"https:\/\/www.hemrex.com\/en\/produit\/bachelor-hood\/","og_locale":"en_US","og_type":"article","og_title":"Bachelor hood - Hemrex","og_description":"Bachelor hood are likely to be worn with our bachelor gown. Wear the traditional hood with your degree & school colors or create your own look","og_url":"https:\/\/www.hemrex.com\/en\/produit\/bachelor-hood\/","article_modified_time":"2025-11-07T10:20:23+00:00","og_image":[{"width":595,"height":842,"url":"https:\/\/www.hemrex.com\/wp-content\/uploads\/2024\/08\/BACHELOR-sf.png","type":"image\/png"}],"twitter_card":"summary_large_image","schema":{"@context":"https:\/\/schema.org","@graph":[{"@type":"WebPage","@id":"https:\/\/www.hemrex.com\/en\/produit\/bachelor-hood\/","url":"https:\/\/www.hemrex.com\/en\/produit\/bachelor-hood\/","name":"Bachelor hood - Hemrex","isPartOf":{"@id":"https:\/\/www.hemrex.com\/#website"},"primaryImageOfPage":{"@id":"https:\/\/www.hemrex.com\/en\/produit\/bachelor-hood\/#primaryimage"},"image":{"@id":"https:\/\/www.hemrex.com\/en\/produit\/bachelor-hood\/#primaryimage"},"thumbnailUrl":"https:\/\/www.hemrex.com\/wp-content\/uploads\/2024\/08\/BACHELOR-sf.png","datePublished":"2024-10-09T09:43:17+00:00","dateModified":"2025-11-07T10:20:23+00:00","description":"Bachelor hood are likely to be worn with our bachelor gown. Wear the traditional hood with your degree & school colors or create your own look","breadcrumb":{"@id":"https:\/\/www.hemrex.com\/en\/produit\/bachelor-hood\/#breadcrumb"},"inLanguage":"en-US","potentialAction":[{"@type":"ReadAction","target":["https:\/\/www.hemrex.com\/en\/produit\/bachelor-hood\/"]}]},{"@type":"ImageObject","inLanguage":"en-US","@id":"https:\/\/www.hemrex.com\/en\/produit\/bachelor-hood\/#primaryimage","url":"https:\/\/www.hemrex.com\/wp-content\/uploads\/2024\/08\/BACHELOR-sf.png","contentUrl":"https:\/\/www.hemrex.com\/wp-content\/uploads\/2024\/08\/BACHELOR-sf.png","width":595,"height":842,"caption":"capuchon bachelor"},{"@type":"BreadcrumbList","@id":"https:\/\/www.hemrex.com\/en\/produit\/bachelor-hood\/#breadcrumb","itemListElement":[{"@type":"ListItem","position":1,"name":"Accueil","item":"https:\/\/www.hemrex.com\/en\/home-2\/"},{"@type":"ListItem","position":2,"name":"Our products","item":"https:\/\/www.hemrex.com\/en\/our-products\/"},{"@type":"ListItem","position":3,"name":"Bachelor hood"}]},{"@type":"WebSite","@id":"https:\/\/www.hemrex.com\/#website","url":"https:\/\/www.hemrex.com\/","name":"","description":"Tenues et accessoires pour les c\u00e9r\u00e9monies de remise des dipl\u00f4mes et objets promotionnels personnalis\u00e9s","potentialAction":[{"@type":"SearchAction","target":{"@type":"EntryPoint","urlTemplate":"https:\/\/www.hemrex.com\/?s={search_term_string}"},"query-input":{"@type":"PropertyValueSpecification","valueRequired":true,"valueName":"search_term_string"}}],"inLanguage":"en-US"}]}},"_links":{"self":[{"href":"https:\/\/www.hemrex.com\/en\/wp-json\/wp\/v2\/product\/6162"}],"collection":[{"href":"https:\/\/www.hemrex.com\/en\/wp-json\/wp\/v2\/product"}],"about":[{"href":"https:\/\/www.hemrex.com\/en\/wp-json\/wp\/v2\/types\/product"}],"replies":[{"embeddable":true,"href":"https:\/\/www.hemrex.com\/en\/wp-json\/wp\/v2\/comments?post=6162"}],"version-history":[{"count":5,"href":"https:\/\/www.hemrex.com\/en\/wp-json\/wp\/v2\/product\/6162\/revisions"}],"predecessor-version":[{"id":8579,"href":"https:\/\/www.hemrex.com\/en\/wp-json\/wp\/v2\/product\/6162\/revisions\/8579"}],"wp:featuredmedia":[{"embeddable":true,"href":"https:\/\/www.hemrex.com\/en\/wp-json\/wp\/v2\/media\/3994"}],"wp:attachment":[{"href":"https:\/\/www.hemrex.com\/en\/wp-json\/wp\/v2\/media?parent=6162"}],"wp:term":[{"taxonomy":"product_brand","embeddable":true,"href":"https:\/\/www.hemrex.com\/en\/wp-json\/wp\/v2\/product_brand?post=6162"},{"taxonomy":"product_cat","embeddable":true,"href":"https:\/\/www.hemrex.com\/en\/wp-json\/wp\/v2\/product_cat?post=6162"},{"taxonomy":"product_tag","embeddable":true,"href":"https:\/\/www.hemrex.com\/en\/wp-json\/wp\/v2\/product_tag?post=6162"}],"curies":[{"name":"wp","href":"https:\/\/api.w.org\/{rel}","templated":true}]}}