{"id":2463,"date":"2022-04-24T19:07:19","date_gmt":"2022-04-24T17:07:19","guid":{"rendered":"https:\/\/www.hemrex.com\/?post_type=product&#038;p=2463"},"modified":"2025-08-22T14:11:44","modified_gmt":"2025-08-22T12:11:44","slug":"beefeater","status":"publish","type":"product","link":"https:\/\/www.hemrex.com\/en\/produit\/beefeater\/","title":{"rendered":"Graduation beefeater (tudor bonnet)"},"content":{"rendered":"<div class=\"nm-product-summary-inner-col col-lg-12 col-xs-6\"><\/div>\n<div class=\"nm-product-summary-inner-col col-lg-12 col-xs-6\">\n<div class=\"product-short-description\">\n<p>&nbsp;<\/p>\n<\/div>\n<\/div>\n","protected":false},"excerpt":{"rendered":"<div class=\"nm-product-summary-inner-col col-lg-12 col-xs-6\">\n<div class=\"product-short-description\">\n<p>* Standard color (black, red, navy blue), Pantone\u00ae, or any other color upon request<br \/>\n* Customization\u00a0 with your logo, your name<br \/>\n* Cord with bullion attached &#8211; color upon request<br \/>\n* Stiff Brim<br \/>\n* The beefeater looks amazing with all of our <strong><a href=\"https:\/\/www.hemrex.com\/en\/produit\/doctoral-phd-gown\/\">doctorate gowns<\/a>, <a href=\"https:\/\/www.hemrex.com\/en\/categorie-produit\/hoods\/\">hoods<\/a><\/strong> and <a href=\"https:\/\/www.hemrex.com\/en\/categorie-produit\/accessories\/\"><strong>accessories<\/strong><\/a><\/p>\n<p>100% black Plush Velvet<br \/>\n<strong>Reference<\/strong> : Olhuveli<\/p>\n<\/div>\n<\/div>\n","protected":false},"featured_media":5595,"comment_status":"closed","ping_status":"closed","template":"","meta":[],"product_brand":[],"product_cat":[94],"product_tag":[],"class_list":{"0":"post-2463","1":"product","2":"type-product","3":"status-publish","4":"has-post-thumbnail","6":"product_cat-caps-tassels","8":"entry","9":"has-media","11":"first","12":"instock","13":"taxable","14":"shipping-taxable","15":"product-type-simple","16":"col","17":"span_1_of_3","18":"owp-content-center","19":"owp-thumbs-layout-horizontal","20":"owp-btn-normal","21":"owp-tabs-layout-horizontal","22":"has-no-thumbnails"},"yoast_head":"<!-- This site is optimized with the Yoast SEO plugin v25.5 - https:\/\/yoast.com\/wordpress\/plugins\/seo\/ -->\n<title>Beefeater for doctoral faculty members<\/title>\n<meta name=\"description\" content=\"Beefeater is a black velvet cap wear by doctoral faculty members or high-ranking officials, it comes with a cord in gold with tassels\" \/>\n<meta name=\"robots\" content=\"index, follow, max-snippet:-1, max-image-preview:large, max-video-preview:-1\" \/>\n<link rel=\"canonical\" href=\"https:\/\/www.hemrex.com\/en\/produit\/beefeater\/\" \/>\n<meta property=\"og:locale\" content=\"en_US\" \/>\n<meta property=\"og:type\" content=\"article\" \/>\n<meta property=\"og:title\" content=\"Beefeater for doctoral faculty members\" \/>\n<meta property=\"og:description\" content=\"Beefeater is a black velvet cap wear by doctoral faculty members or high-ranking officials, it comes with a cord in gold with tassels\" \/>\n<meta property=\"og:url\" content=\"https:\/\/www.hemrex.com\/en\/produit\/beefeater\/\" \/>\n<meta property=\"article:modified_time\" content=\"2025-08-22T12:11:44+00:00\" \/>\n<meta property=\"og:image\" content=\"https:\/\/www.hemrex.com\/wp-content\/uploads\/2022\/04\/beefeater.png\" \/>\n\t<meta property=\"og:image:width\" content=\"595\" \/>\n\t<meta property=\"og:image:height\" content=\"842\" \/>\n\t<meta property=\"og:image:type\" content=\"image\/png\" \/>\n<meta name=\"twitter:card\" content=\"summary_large_image\" \/>\n<meta name=\"twitter:label1\" content=\"Est. reading time\" \/>\n\t<meta name=\"twitter:data1\" content=\"1 minute\" \/>\n<script type=\"application\/ld+json\" class=\"yoast-schema-graph\">{\"@context\":\"https:\/\/schema.org\",\"@graph\":[{\"@type\":\"WebPage\",\"@id\":\"https:\/\/www.hemrex.com\/en\/produit\/beefeater\/\",\"url\":\"https:\/\/www.hemrex.com\/en\/produit\/beefeater\/\",\"name\":\"Beefeater for doctoral faculty members\",\"isPartOf\":{\"@id\":\"https:\/\/www.hemrex.com\/#website\"},\"primaryImageOfPage\":{\"@id\":\"https:\/\/www.hemrex.com\/en\/produit\/beefeater\/#primaryimage\"},\"image\":{\"@id\":\"https:\/\/www.hemrex.com\/en\/produit\/beefeater\/#primaryimage\"},\"thumbnailUrl\":\"https:\/\/www.hemrex.com\/wp-content\/uploads\/2022\/04\/beefeater.png\",\"datePublished\":\"2022-04-24T17:07:19+00:00\",\"dateModified\":\"2025-08-22T12:11:44+00:00\",\"description\":\"Beefeater is a black velvet cap wear by doctoral faculty members or high-ranking officials, it comes with a cord in gold with tassels\",\"breadcrumb\":{\"@id\":\"https:\/\/www.hemrex.com\/en\/produit\/beefeater\/#breadcrumb\"},\"inLanguage\":\"en-US\",\"potentialAction\":[{\"@type\":\"ReadAction\",\"target\":[\"https:\/\/www.hemrex.com\/en\/produit\/beefeater\/\"]}]},{\"@type\":\"ImageObject\",\"inLanguage\":\"en-US\",\"@id\":\"https:\/\/www.hemrex.com\/en\/produit\/beefeater\/#primaryimage\",\"url\":\"https:\/\/www.hemrex.com\/wp-content\/uploads\/2022\/04\/beefeater.png\",\"contentUrl\":\"https:\/\/www.hemrex.com\/wp-content\/uploads\/2022\/04\/beefeater.png\",\"width\":595,\"height\":842,\"caption\":\"beefeater\"},{\"@type\":\"BreadcrumbList\",\"@id\":\"https:\/\/www.hemrex.com\/en\/produit\/beefeater\/#breadcrumb\",\"itemListElement\":[{\"@type\":\"ListItem\",\"position\":1,\"name\":\"Accueil\",\"item\":\"https:\/\/www.hemrex.com\/en\/home-2\/\"},{\"@type\":\"ListItem\",\"position\":2,\"name\":\"Our products\",\"item\":\"https:\/\/www.hemrex.com\/en\/our-products\/\"},{\"@type\":\"ListItem\",\"position\":3,\"name\":\"Graduation beefeater (tudor bonnet)\"}]},{\"@type\":\"WebSite\",\"@id\":\"https:\/\/www.hemrex.com\/#website\",\"url\":\"https:\/\/www.hemrex.com\/\",\"name\":\"\",\"description\":\"Tenues et accessoires pour les c\u00e9r\u00e9monies de remise des dipl\u00f4mes et objets promotionnels personnalis\u00e9s\",\"potentialAction\":[{\"@type\":\"SearchAction\",\"target\":{\"@type\":\"EntryPoint\",\"urlTemplate\":\"https:\/\/www.hemrex.com\/?s={search_term_string}\"},\"query-input\":{\"@type\":\"PropertyValueSpecification\",\"valueRequired\":true,\"valueName\":\"search_term_string\"}}],\"inLanguage\":\"en-US\"}]}<\/script>\n<!-- \/ Yoast SEO plugin. -->","yoast_head_json":{"title":"Beefeater for doctoral faculty members","description":"Beefeater is a black velvet cap wear by doctoral faculty members or high-ranking officials, it comes with a cord in gold with tassels","robots":{"index":"index","follow":"follow","max-snippet":"max-snippet:-1","max-image-preview":"max-image-preview:large","max-video-preview":"max-video-preview:-1"},"canonical":"https:\/\/www.hemrex.com\/en\/produit\/beefeater\/","og_locale":"en_US","og_type":"article","og_title":"Beefeater for doctoral faculty members","og_description":"Beefeater is a black velvet cap wear by doctoral faculty members or high-ranking officials, it comes with a cord in gold with tassels","og_url":"https:\/\/www.hemrex.com\/en\/produit\/beefeater\/","article_modified_time":"2025-08-22T12:11:44+00:00","og_image":[{"width":595,"height":842,"url":"https:\/\/www.hemrex.com\/wp-content\/uploads\/2022\/04\/beefeater.png","type":"image\/png"}],"twitter_card":"summary_large_image","twitter_misc":{"Est. reading time":"1 minute"},"schema":{"@context":"https:\/\/schema.org","@graph":[{"@type":"WebPage","@id":"https:\/\/www.hemrex.com\/en\/produit\/beefeater\/","url":"https:\/\/www.hemrex.com\/en\/produit\/beefeater\/","name":"Beefeater for doctoral faculty members","isPartOf":{"@id":"https:\/\/www.hemrex.com\/#website"},"primaryImageOfPage":{"@id":"https:\/\/www.hemrex.com\/en\/produit\/beefeater\/#primaryimage"},"image":{"@id":"https:\/\/www.hemrex.com\/en\/produit\/beefeater\/#primaryimage"},"thumbnailUrl":"https:\/\/www.hemrex.com\/wp-content\/uploads\/2022\/04\/beefeater.png","datePublished":"2022-04-24T17:07:19+00:00","dateModified":"2025-08-22T12:11:44+00:00","description":"Beefeater is a black velvet cap wear by doctoral faculty members or high-ranking officials, it comes with a cord in gold with tassels","breadcrumb":{"@id":"https:\/\/www.hemrex.com\/en\/produit\/beefeater\/#breadcrumb"},"inLanguage":"en-US","potentialAction":[{"@type":"ReadAction","target":["https:\/\/www.hemrex.com\/en\/produit\/beefeater\/"]}]},{"@type":"ImageObject","inLanguage":"en-US","@id":"https:\/\/www.hemrex.com\/en\/produit\/beefeater\/#primaryimage","url":"https:\/\/www.hemrex.com\/wp-content\/uploads\/2022\/04\/beefeater.png","contentUrl":"https:\/\/www.hemrex.com\/wp-content\/uploads\/2022\/04\/beefeater.png","width":595,"height":842,"caption":"beefeater"},{"@type":"BreadcrumbList","@id":"https:\/\/www.hemrex.com\/en\/produit\/beefeater\/#breadcrumb","itemListElement":[{"@type":"ListItem","position":1,"name":"Accueil","item":"https:\/\/www.hemrex.com\/en\/home-2\/"},{"@type":"ListItem","position":2,"name":"Our products","item":"https:\/\/www.hemrex.com\/en\/our-products\/"},{"@type":"ListItem","position":3,"name":"Graduation beefeater (tudor bonnet)"}]},{"@type":"WebSite","@id":"https:\/\/www.hemrex.com\/#website","url":"https:\/\/www.hemrex.com\/","name":"","description":"Tenues et accessoires pour les c\u00e9r\u00e9monies de remise des dipl\u00f4mes et objets promotionnels personnalis\u00e9s","potentialAction":[{"@type":"SearchAction","target":{"@type":"EntryPoint","urlTemplate":"https:\/\/www.hemrex.com\/?s={search_term_string}"},"query-input":{"@type":"PropertyValueSpecification","valueRequired":true,"valueName":"search_term_string"}}],"inLanguage":"en-US"}]}},"_links":{"self":[{"href":"https:\/\/www.hemrex.com\/en\/wp-json\/wp\/v2\/product\/2463"}],"collection":[{"href":"https:\/\/www.hemrex.com\/en\/wp-json\/wp\/v2\/product"}],"about":[{"href":"https:\/\/www.hemrex.com\/en\/wp-json\/wp\/v2\/types\/product"}],"replies":[{"embeddable":true,"href":"https:\/\/www.hemrex.com\/en\/wp-json\/wp\/v2\/comments?post=2463"}],"version-history":[{"count":6,"href":"https:\/\/www.hemrex.com\/en\/wp-json\/wp\/v2\/product\/2463\/revisions"}],"predecessor-version":[{"id":8104,"href":"https:\/\/www.hemrex.com\/en\/wp-json\/wp\/v2\/product\/2463\/revisions\/8104"}],"wp:featuredmedia":[{"embeddable":true,"href":"https:\/\/www.hemrex.com\/en\/wp-json\/wp\/v2\/media\/5595"}],"wp:attachment":[{"href":"https:\/\/www.hemrex.com\/en\/wp-json\/wp\/v2\/media?parent=2463"}],"wp:term":[{"taxonomy":"product_brand","embeddable":true,"href":"https:\/\/www.hemrex.com\/en\/wp-json\/wp\/v2\/product_brand?post=2463"},{"taxonomy":"product_cat","embeddable":true,"href":"https:\/\/www.hemrex.com\/en\/wp-json\/wp\/v2\/product_cat?post=2463"},{"taxonomy":"product_tag","embeddable":true,"href":"https:\/\/www.hemrex.com\/en\/wp-json\/wp\/v2\/product_tag?post=2463"}],"curies":[{"name":"wp","href":"https:\/\/api.w.org\/{rel}","templated":true}]}}