{"id":6543,"date":"2024-10-21T09:56:42","date_gmt":"2024-10-21T07:56:42","guid":{"rendered":"https:\/\/www.hemrex.com\/?page_id=6543"},"modified":"2025-08-22T10:56:16","modified_gmt":"2025-08-22T08:56:16","slug":"legal-notice","status":"publish","type":"page","link":"https:\/\/www.hemrex.com\/en\/legal-notice\/","title":{"rendered":"Legal notice"},"content":{"rendered":"\t\t<div data-elementor-type=\"wp-page\" data-elementor-id=\"6543\" class=\"elementor elementor-6543 elementor-3083\">\n\t\t\t\t<div class=\"elementor-element elementor-element-ab4f238 e-flex e-con-boxed e-con e-parent\" data-id=\"ab4f238\" data-element_type=\"container\" data-e-type=\"container\">\n\t\t\t\t\t<div class=\"e-con-inner\">\n\t\t\t\t<div class=\"elementor-element elementor-element-8b5a794 elementor-widget elementor-widget-heading\" data-id=\"8b5a794\" data-element_type=\"widget\" data-e-type=\"widget\" data-widget_type=\"heading.default\">\n\t\t\t\t<div class=\"elementor-widget-container\">\n\t\t\t\t\t<h2 class=\"elementor-heading-title elementor-size-default\">Legal notice<\/h2>\t\t\t\t<\/div>\n\t\t\t\t<\/div>\n\t\t\t\t<div class=\"elementor-element elementor-element-f38413e elementor-widget elementor-widget-text-editor\" data-id=\"f38413e\" data-element_type=\"widget\" data-e-type=\"widget\" data-widget_type=\"text-editor.default\">\n\t\t\t\t<div class=\"elementor-widget-container\">\n\t\t\t\t\t\t\t\t\t<p>HEMREX is a limited liability company with capital of \u20ac30,150.00, registered in the PARIS under trade register under number 531 697 753, with registered office at 13 rue de Bellefond, 75009 PARIS. Its VAT number is FR 51531697753. Its EORI number is FR53169775300030. Its SIRET number is 53169775300030<br>This site is produced and edited by HEMREX.<\/p>\t\t\t\t\t\t\t\t<\/div>\n\t\t\t\t<\/div>\n\t\t\t\t<div class=\"elementor-element elementor-element-f6b20e8 elementor-widget-divider--view-line elementor-widget elementor-widget-divider\" data-id=\"f6b20e8\" data-element_type=\"widget\" data-e-type=\"widget\" data-widget_type=\"divider.default\">\n\t\t\t\t<div class=\"elementor-widget-container\">\n\t\t\t\t\t\t\t<div class=\"elementor-divider\">\n\t\t\t<span class=\"elementor-divider-separator\">\n\t\t\t\t\t\t<\/span>\n\t\t<\/div>\n\t\t\t\t\t\t<\/div>\n\t\t\t\t<\/div>\n\t\t\t\t\t<\/div>\n\t\t\t\t<\/div>\n\t\t<div class=\"elementor-element elementor-element-df358c5 e-flex e-con-boxed e-con e-parent\" data-id=\"df358c5\" data-element_type=\"container\" data-e-type=\"container\">\n\t\t\t\t\t<div class=\"e-con-inner\">\n\t\t\t\t<div class=\"elementor-element elementor-element-4f7ca67 elementor-widget elementor-widget-heading\" data-id=\"4f7ca67\" data-element_type=\"widget\" data-e-type=\"widget\" data-widget_type=\"heading.default\">\n\t\t\t\t<div class=\"elementor-widget-container\">\n\t\t\t\t\t<h2 class=\"elementor-heading-title elementor-size-default\">Credits<\/h2>\t\t\t\t<\/div>\n\t\t\t\t<\/div>\n\t\t\t\t<div class=\"elementor-element elementor-element-841ff76 elementor-widget elementor-widget-text-editor\" data-id=\"841ff76\" data-element_type=\"widget\" data-e-type=\"widget\" data-widget_type=\"text-editor.default\">\n\t\t\t\t<div class=\"elementor-widget-container\">\n\t\t\t\t\t\t\t\t\t<div class=\"wpb_text_column wpb_content_element \"><div class=\"wpb_wrapper\"><p>Hemrex \u2013\u00a0\u00a0<a href=\"http:\/\/www.freepik.com\/free-photo\/joyful-guy-with-his-diploma_857669.htm\">Designed by Freepik<\/a>\u00a0\u2013\u00a0<a href=\"http:\/\/www.pexels.com\/\" target=\"_blank\" rel=\"noopener\">www.pexels.com<\/a><\/p><\/div><\/div>\t\t\t\t\t\t\t\t<\/div>\n\t\t\t\t<\/div>\n\t\t\t\t<div class=\"elementor-element elementor-element-04d8ccd elementor-widget-divider--view-line elementor-widget elementor-widget-divider\" data-id=\"04d8ccd\" data-element_type=\"widget\" data-e-type=\"widget\" data-widget_type=\"divider.default\">\n\t\t\t\t<div class=\"elementor-widget-container\">\n\t\t\t\t\t\t\t<div class=\"elementor-divider\">\n\t\t\t<span class=\"elementor-divider-separator\">\n\t\t\t\t\t\t<\/span>\n\t\t<\/div>\n\t\t\t\t\t\t<\/div>\n\t\t\t\t<\/div>\n\t\t\t\t\t<\/div>\n\t\t\t\t<\/div>\n\t\t<div class=\"elementor-element elementor-element-b019236 e-flex e-con-boxed e-con e-parent\" data-id=\"b019236\" data-element_type=\"container\" data-e-type=\"container\">\n\t\t\t\t\t<div class=\"e-con-inner\">\n\t\t\t\t<div class=\"elementor-element elementor-element-d59c13c elementor-widget elementor-widget-heading\" data-id=\"d59c13c\" data-element_type=\"widget\" data-e-type=\"widget\" data-widget_type=\"heading.default\">\n\t\t\t\t<div class=\"elementor-widget-container\">\n\t\t\t\t\t<h2 class=\"elementor-heading-title elementor-size-default\">Site terms and conditions<\/h2>\t\t\t\t<\/div>\n\t\t\t\t<\/div>\n\t\t\t\t<div class=\"elementor-element elementor-element-bb76644 elementor-widget elementor-widget-text-editor\" data-id=\"bb76644\" data-element_type=\"widget\" data-e-type=\"widget\" data-widget_type=\"text-editor.default\">\n\t\t\t\t<div class=\"elementor-widget-container\">\n\t\t\t\t\t\t\t\t\t<p>1) This site and all its contents (including photos, logos, trademarks and information of any kind) are protected by copyright. HEMREX (hereinafter referred to as the \u201cpublisher\u201d) grants Internet users simple authorization to view this site, which excludes in particular the reuse of all or part of its content for any purpose whatsoever. Authorization for reproduction is granted only in digital form on the computer used to consult the site, for the purpose of viewing pages consulted by the Internet user&#8217;s browser software. All reproduction rights are reserved, including for downloadable documents (logos, photos, information of any kind, etc.). Downloadable documents are also protected by copyright; the limits on the use of these documents are specified on the relevant pages of the site.<\/p><p>2) The creation of a hypertext link to the site is authorized without frame and exclusively to the site&#8217;s home page, unless expressly authorized in advance by the publisher. Under no circumstances may the publisher be held responsible for information published on sites to which hypertext links have been installed.<\/p><p>3) Any use of this site that does not comply with the above points, unless otherwise specified on the site or expressly authorized in advance by the publisher, is prohibited and renders the author liable.<br \/>4) In accordance with current legislation, users have the right to access, modify, rectify and delete data concerning them. Through our intermediary, you may receive proposals from other companies or associations. If you do not wish to receive such offers, simply write to us and request that they not be circulated.<br \/>5) By using this site, the user accepts the present conditions of use described above. Any dispute arising from the use of this site or the distribution of the information it contains will be subject to the exclusive jurisdiction of the Paris courts, applying French law.<\/p>\t\t\t\t\t\t\t\t<\/div>\n\t\t\t\t<\/div>\n\t\t\t\t\t<\/div>\n\t\t\t\t<\/div>\n\t\t\t\t<\/div>\n\t\t","protected":false},"excerpt":{"rendered":"<p>Legal notice HEMREX is a limited liability company with capital of \u20ac30,150.00, registered in the PARIS under trade register under number 531 697 753, with registered office at 13 rue de Bellefond, 75009 PARIS. Its VAT number is FR 51531697753. Its EORI number is FR53169775300030. Its SIRET number is 53169775300030This site is produced and edited [&hellip;]<\/p>\n","protected":false},"author":2,"featured_media":0,"parent":0,"menu_order":0,"comment_status":"closed","ping_status":"closed","template":"","meta":{"footnotes":""},"class_list":["post-6543","page","type-page","status-publish","hentry","entry","owp-thumbs-layout-horizontal","owp-btn-normal","owp-tabs-layout-horizontal","has-no-thumbnails"],"yoast_head":"<!-- This site is optimized with the Yoast SEO plugin v25.5 - https:\/\/yoast.com\/wordpress\/plugins\/seo\/ -->\n<title>Legal notice - Hemrex<\/title>\n<meta name=\"description\" content=\"Click on the link to access Hemrex&#039;s legal information - specialized in graduation outfits, gospel outfits and goodies bespoke, standard\" \/>\n<meta name=\"robots\" content=\"index, follow, max-snippet:-1, max-image-preview:large, max-video-preview:-1\" \/>\n<link rel=\"canonical\" href=\"https:\/\/www.hemrex.com\/en\/legal-notice\/\" \/>\n<meta property=\"og:locale\" content=\"en_US\" \/>\n<meta property=\"og:type\" content=\"article\" \/>\n<meta property=\"og:title\" content=\"Legal notice - Hemrex\" \/>\n<meta property=\"og:description\" content=\"Click on the link to access Hemrex&#039;s legal information - specialized in graduation outfits, gospel outfits and goodies bespoke, standard\" \/>\n<meta property=\"og:url\" content=\"https:\/\/www.hemrex.com\/en\/legal-notice\/\" \/>\n<meta property=\"article:modified_time\" content=\"2025-08-22T08:56:16+00:00\" \/>\n<meta name=\"twitter:card\" content=\"summary_large_image\" \/>\n<meta name=\"twitter:label1\" content=\"Est. reading time\" \/>\n\t<meta name=\"twitter:data1\" content=\"2 minutes\" \/>\n<script type=\"application\/ld+json\" class=\"yoast-schema-graph\">{\"@context\":\"https:\/\/schema.org\",\"@graph\":[{\"@type\":\"WebPage\",\"@id\":\"https:\/\/www.hemrex.com\/en\/legal-notice\/\",\"url\":\"https:\/\/www.hemrex.com\/en\/legal-notice\/\",\"name\":\"Legal notice - Hemrex\",\"isPartOf\":{\"@id\":\"https:\/\/www.hemrex.com\/#website\"},\"datePublished\":\"2024-10-21T07:56:42+00:00\",\"dateModified\":\"2025-08-22T08:56:16+00:00\",\"description\":\"Click on the link to access Hemrex's legal information - specialized in graduation outfits, gospel outfits and goodies bespoke, standard\",\"breadcrumb\":{\"@id\":\"https:\/\/www.hemrex.com\/en\/legal-notice\/#breadcrumb\"},\"inLanguage\":\"en-US\",\"potentialAction\":[{\"@type\":\"ReadAction\",\"target\":[\"https:\/\/www.hemrex.com\/en\/legal-notice\/\"]}]},{\"@type\":\"BreadcrumbList\",\"@id\":\"https:\/\/www.hemrex.com\/en\/legal-notice\/#breadcrumb\",\"itemListElement\":[{\"@type\":\"ListItem\",\"position\":1,\"name\":\"Accueil\",\"item\":\"https:\/\/www.hemrex.com\/en\/home-2\/\"},{\"@type\":\"ListItem\",\"position\":2,\"name\":\"Legal notice\"}]},{\"@type\":\"WebSite\",\"@id\":\"https:\/\/www.hemrex.com\/#website\",\"url\":\"https:\/\/www.hemrex.com\/\",\"name\":\"\",\"description\":\"Tenues et accessoires pour les c\u00e9r\u00e9monies de remise des dipl\u00f4mes et objets promotionnels personnalis\u00e9s\",\"potentialAction\":[{\"@type\":\"SearchAction\",\"target\":{\"@type\":\"EntryPoint\",\"urlTemplate\":\"https:\/\/www.hemrex.com\/?s={search_term_string}\"},\"query-input\":{\"@type\":\"PropertyValueSpecification\",\"valueRequired\":true,\"valueName\":\"search_term_string\"}}],\"inLanguage\":\"en-US\"}]}<\/script>\n<!-- \/ Yoast SEO plugin. -->","yoast_head_json":{"title":"Legal notice - Hemrex","description":"Click on the link to access Hemrex's legal information - specialized in graduation outfits, gospel outfits and goodies bespoke, standard","robots":{"index":"index","follow":"follow","max-snippet":"max-snippet:-1","max-image-preview":"max-image-preview:large","max-video-preview":"max-video-preview:-1"},"canonical":"https:\/\/www.hemrex.com\/en\/legal-notice\/","og_locale":"en_US","og_type":"article","og_title":"Legal notice - Hemrex","og_description":"Click on the link to access Hemrex's legal information - specialized in graduation outfits, gospel outfits and goodies bespoke, standard","og_url":"https:\/\/www.hemrex.com\/en\/legal-notice\/","article_modified_time":"2025-08-22T08:56:16+00:00","twitter_card":"summary_large_image","twitter_misc":{"Est. reading time":"2 minutes"},"schema":{"@context":"https:\/\/schema.org","@graph":[{"@type":"WebPage","@id":"https:\/\/www.hemrex.com\/en\/legal-notice\/","url":"https:\/\/www.hemrex.com\/en\/legal-notice\/","name":"Legal notice - Hemrex","isPartOf":{"@id":"https:\/\/www.hemrex.com\/#website"},"datePublished":"2024-10-21T07:56:42+00:00","dateModified":"2025-08-22T08:56:16+00:00","description":"Click on the link to access Hemrex's legal information - specialized in graduation outfits, gospel outfits and goodies bespoke, standard","breadcrumb":{"@id":"https:\/\/www.hemrex.com\/en\/legal-notice\/#breadcrumb"},"inLanguage":"en-US","potentialAction":[{"@type":"ReadAction","target":["https:\/\/www.hemrex.com\/en\/legal-notice\/"]}]},{"@type":"BreadcrumbList","@id":"https:\/\/www.hemrex.com\/en\/legal-notice\/#breadcrumb","itemListElement":[{"@type":"ListItem","position":1,"name":"Accueil","item":"https:\/\/www.hemrex.com\/en\/home-2\/"},{"@type":"ListItem","position":2,"name":"Legal notice"}]},{"@type":"WebSite","@id":"https:\/\/www.hemrex.com\/#website","url":"https:\/\/www.hemrex.com\/","name":"","description":"Tenues et accessoires pour les c\u00e9r\u00e9monies de remise des dipl\u00f4mes et objets promotionnels personnalis\u00e9s","potentialAction":[{"@type":"SearchAction","target":{"@type":"EntryPoint","urlTemplate":"https:\/\/www.hemrex.com\/?s={search_term_string}"},"query-input":{"@type":"PropertyValueSpecification","valueRequired":true,"valueName":"search_term_string"}}],"inLanguage":"en-US"}]}},"_links":{"self":[{"href":"https:\/\/www.hemrex.com\/en\/wp-json\/wp\/v2\/pages\/6543"}],"collection":[{"href":"https:\/\/www.hemrex.com\/en\/wp-json\/wp\/v2\/pages"}],"about":[{"href":"https:\/\/www.hemrex.com\/en\/wp-json\/wp\/v2\/types\/page"}],"author":[{"embeddable":true,"href":"https:\/\/www.hemrex.com\/en\/wp-json\/wp\/v2\/users\/2"}],"replies":[{"embeddable":true,"href":"https:\/\/www.hemrex.com\/en\/wp-json\/wp\/v2\/comments?post=6543"}],"version-history":[{"count":7,"href":"https:\/\/www.hemrex.com\/en\/wp-json\/wp\/v2\/pages\/6543\/revisions"}],"predecessor-version":[{"id":8064,"href":"https:\/\/www.hemrex.com\/en\/wp-json\/wp\/v2\/pages\/6543\/revisions\/8064"}],"wp:attachment":[{"href":"https:\/\/www.hemrex.com\/en\/wp-json\/wp\/v2\/media?parent=6543"}],"curies":[{"name":"wp","href":"https:\/\/api.w.org\/{rel}","templated":true}]}}