{"id":6512,"date":"2024-10-18T11:19:19","date_gmt":"2024-10-18T09:19:19","guid":{"rendered":"https:\/\/www.hemrex.com\/?page_id=6512"},"modified":"2025-11-17T10:44:07","modified_gmt":"2025-11-17T09:44:07","slug":"gospel-attire-bespoke","status":"publish","type":"page","link":"https:\/\/www.hemrex.com\/en\/gospel-attire-bespoke\/","title":{"rendered":"Gospel attire &#8211; bespoke"},"content":{"rendered":"\t\t<div data-elementor-type=\"wp-page\" data-elementor-id=\"6512\" class=\"elementor elementor-6512 elementor-5312\">\n\t\t\t\t<div class=\"elementor-element elementor-element-3a37ee4 e-flex e-con-boxed e-con e-parent\" data-id=\"3a37ee4\" data-element_type=\"container\" data-e-type=\"container\">\n\t\t\t\t\t<div class=\"e-con-inner\">\n\t\t\t\t<div class=\"elementor-element elementor-element-dfe1bb6 elementor-widget elementor-widget-heading\" data-id=\"dfe1bb6\" data-element_type=\"widget\" data-e-type=\"widget\" data-widget_type=\"heading.default\">\n\t\t\t\t<div class=\"elementor-widget-container\">\n\t\t\t\t\t<h2 class=\"elementor-heading-title elementor-size-default\">Your tailor-made Gospel dress<\/h2>\t\t\t\t<\/div>\n\t\t\t\t<\/div>\n\t\t\t\t<div class=\"elementor-element elementor-element-9162352 elementor-widget elementor-widget-text-editor\" data-id=\"9162352\" data-element_type=\"widget\" data-e-type=\"widget\" data-widget_type=\"text-editor.default\">\n\t\t\t\t<div class=\"elementor-widget-container\">\n\t\t\t\t\t\t\t\t\t<p><strong>Gospel<\/strong> choirs have a very special place in religious ceremonies and community events. Beyond the music, they are a <strong>symbol of unity<\/strong>, <strong>faith<\/strong> and <strong>collective expression<\/strong>. The visual appearance of the choristers is just as important as their musical performance, and a <strong>made-to-measure gospel dress<\/strong> can sublimate this moment of communion. With this in mind, we offer customized creations that reflect the spirit of your group, while ensuring perfect harmony during your performances.<\/p>\t\t\t\t\t\t\t\t<\/div>\n\t\t\t\t<\/div>\n\t\t\t\t<div class=\"elementor-element elementor-element-9cbbed0 elementor-widget-divider--view-line elementor-widget elementor-widget-divider\" data-id=\"9cbbed0\" data-element_type=\"widget\" data-e-type=\"widget\" data-widget_type=\"divider.default\">\n\t\t\t\t<div class=\"elementor-widget-container\">\n\t\t\t\t\t\t\t<div class=\"elementor-divider\">\n\t\t\t<span class=\"elementor-divider-separator\">\n\t\t\t\t\t\t<\/span>\n\t\t<\/div>\n\t\t\t\t\t\t<\/div>\n\t\t\t\t<\/div>\n\t\t\t\t\t<\/div>\n\t\t\t\t<\/div>\n\t\t<div class=\"elementor-element elementor-element-69709e8 e-flex e-con-boxed e-con e-parent\" data-id=\"69709e8\" data-element_type=\"container\" data-e-type=\"container\">\n\t\t\t\t\t<div class=\"e-con-inner\">\n\t\t\t\t<div class=\"elementor-element elementor-element-be0d5b2 elementor-widget elementor-widget-heading\" data-id=\"be0d5b2\" data-element_type=\"widget\" data-e-type=\"widget\" data-widget_type=\"heading.default\">\n\t\t\t\t<div class=\"elementor-widget-container\">\n\t\t\t\t\t<h2 class=\"elementor-heading-title elementor-size-default\">Create your own bespoke gospel dresses !<\/h2>\t\t\t\t<\/div>\n\t\t\t\t<\/div>\n\t\t\t\t\t<\/div>\n\t\t\t\t<\/div>\n\t\t<div class=\"elementor-element elementor-element-a2d1453 e-flex e-con-boxed e-con e-parent\" data-id=\"a2d1453\" data-element_type=\"container\" data-e-type=\"container\">\n\t\t\t\t\t<div class=\"e-con-inner\">\n\t\t\t\t<div class=\"elementor-element elementor-element-c9d6796 elementor-widget__width-initial elementor-hidden-tablet elementor-hidden-mobile elementor-widget elementor-widget-image\" data-id=\"c9d6796\" data-element_type=\"widget\" data-e-type=\"widget\" data-widget_type=\"image.default\">\n\t\t\t\t<div class=\"elementor-widget-container\">\n\t\t\t\t\t\t\t\t\t\t\t\t\t\t\t<img fetchpriority=\"high\" decoding=\"async\" width=\"670\" height=\"752\" src=\"https:\/\/www.hemrex.com\/wp-content\/uploads\/2024\/10\/infographie-rdd-sur-mesure-angl.png\" class=\"attachment-large size-large wp-image-6505\" alt=\"\" srcset=\"https:\/\/www.hemrex.com\/wp-content\/uploads\/2024\/10\/infographie-rdd-sur-mesure-angl.png 670w, https:\/\/www.hemrex.com\/wp-content\/uploads\/2024\/10\/infographie-rdd-sur-mesure-angl-267x300.png 267w, https:\/\/www.hemrex.com\/wp-content\/uploads\/2024\/10\/infographie-rdd-sur-mesure-angl-350x393.png 350w, https:\/\/www.hemrex.com\/wp-content\/uploads\/2024\/10\/infographie-rdd-sur-mesure-angl-595x668.png 595w\" sizes=\"(max-width: 670px) 100vw, 670px\" \/>\t\t\t\t\t\t\t\t\t\t\t\t\t\t\t<\/div>\n\t\t\t\t<\/div>\n\t\t\t\t<div class=\"elementor-element elementor-element-cb241cf elementor-widget__width-initial elementor-hidden-desktop elementor-widget elementor-widget-image\" data-id=\"cb241cf\" data-element_type=\"widget\" data-e-type=\"widget\" data-widget_type=\"image.default\">\n\t\t\t\t<div class=\"elementor-widget-container\">\n\t\t\t\t\t\t\t\t\t\t\t\t\t\t\t<img fetchpriority=\"high\" decoding=\"async\" width=\"670\" height=\"752\" src=\"https:\/\/www.hemrex.com\/wp-content\/uploads\/2024\/10\/infographie-rdd-sur-mesure-angl.png\" class=\"attachment-large size-large wp-image-6505\" alt=\"\" srcset=\"https:\/\/www.hemrex.com\/wp-content\/uploads\/2024\/10\/infographie-rdd-sur-mesure-angl.png 670w, https:\/\/www.hemrex.com\/wp-content\/uploads\/2024\/10\/infographie-rdd-sur-mesure-angl-267x300.png 267w, https:\/\/www.hemrex.com\/wp-content\/uploads\/2024\/10\/infographie-rdd-sur-mesure-angl-350x393.png 350w, https:\/\/www.hemrex.com\/wp-content\/uploads\/2024\/10\/infographie-rdd-sur-mesure-angl-595x668.png 595w\" sizes=\"(max-width: 670px) 100vw, 670px\" \/>\t\t\t\t\t\t\t\t\t\t\t\t\t\t\t<\/div>\n\t\t\t\t<\/div>\n\t\t\t\t<div class=\"elementor-element elementor-element-8722f01 elementor-widget-divider--view-line elementor-widget elementor-widget-divider\" data-id=\"8722f01\" data-element_type=\"widget\" data-e-type=\"widget\" data-widget_type=\"divider.default\">\n\t\t\t\t<div class=\"elementor-widget-container\">\n\t\t\t\t\t\t\t<div class=\"elementor-divider\">\n\t\t\t<span class=\"elementor-divider-separator\">\n\t\t\t\t\t\t<\/span>\n\t\t<\/div>\n\t\t\t\t\t\t<\/div>\n\t\t\t\t<\/div>\n\t\t\t\t\t<\/div>\n\t\t\t\t<\/div>\n\t\t<div class=\"elementor-element elementor-element-d1835d0 e-flex e-con-boxed e-con e-parent\" data-id=\"d1835d0\" data-element_type=\"container\" data-e-type=\"container\">\n\t\t\t\t\t<div class=\"e-con-inner\">\n\t\t\t\t<div class=\"elementor-element elementor-element-b873e21 elementor-widget elementor-widget-heading\" data-id=\"b873e21\" data-element_type=\"widget\" data-e-type=\"widget\" data-widget_type=\"heading.default\">\n\t\t\t\t<div class=\"elementor-widget-container\">\n\t\t\t\t\t<h2 class=\"elementor-heading-title elementor-size-default\">Some of our achievements<\/h2>\t\t\t\t<\/div>\n\t\t\t\t<\/div>\n\t\t<div class=\"elementor-element elementor-element-3e075f1 e-grid e-con-full e-con e-child\" data-id=\"3e075f1\" data-element_type=\"container\" data-e-type=\"container\">\n\t\t\t\t<div class=\"elementor-element elementor-element-f4e8af4 elementor-widget elementor-widget-image\" data-id=\"f4e8af4\" data-element_type=\"widget\" data-e-type=\"widget\" data-widget_type=\"image.default\">\n\t\t\t\t<div class=\"elementor-widget-container\">\n\t\t\t\t\t\t\t\t\t\t\t\t<figure class=\"wp-caption\">\n\t\t\t\t\t\t\t\t\t\t\t<a href=\"https:\/\/www.hemrex.com\/categorie-produit\/gospel\/\">\n\t\t\t\t\t\t\t<img decoding=\"async\" width=\"595\" height=\"842\" src=\"https:\/\/www.hemrex.com\/wp-content\/uploads\/2025\/09\/toge-marron-et-dore-avec-broderie.png\" class=\"attachment-large size-large wp-image-8291\" alt=\"\" srcset=\"https:\/\/www.hemrex.com\/wp-content\/uploads\/2025\/09\/toge-marron-et-dore-avec-broderie.png 595w, https:\/\/www.hemrex.com\/wp-content\/uploads\/2025\/09\/toge-marron-et-dore-avec-broderie-212x300.png 212w, https:\/\/www.hemrex.com\/wp-content\/uploads\/2025\/09\/toge-marron-et-dore-avec-broderie-350x495.png 350w\" sizes=\"(max-width: 595px) 100vw, 595px\" \/>\t\t\t\t\t\t\t\t<\/a>\n\t\t\t\t\t\t\t\t\t\t\t<figcaption class=\"widget-image-caption wp-caption-text\">Printing, color customization<\/figcaption>\n\t\t\t\t\t\t\t\t\t\t<\/figure>\n\t\t\t\t\t\t\t\t\t<\/div>\n\t\t\t\t<\/div>\n\t\t\t\t<div class=\"elementor-element elementor-element-63e8a1c elementor-widget elementor-widget-image\" data-id=\"63e8a1c\" data-element_type=\"widget\" data-e-type=\"widget\" data-widget_type=\"image.default\">\n\t\t\t\t<div class=\"elementor-widget-container\">\n\t\t\t\t\t\t\t\t\t\t\t\t<figure class=\"wp-caption\">\n\t\t\t\t\t\t\t\t\t\t\t<a href=\"https:\/\/www.hemrex.com\/categorie-produit\/gospel\/\">\n\t\t\t\t\t\t\t<img decoding=\"async\" width=\"595\" height=\"842\" src=\"https:\/\/www.hemrex.com\/wp-content\/uploads\/2025\/11\/toge-noir-et-violet.png\" class=\"attachment-large size-large wp-image-8609\" alt=\"\" srcset=\"https:\/\/www.hemrex.com\/wp-content\/uploads\/2025\/11\/toge-noir-et-violet.png 595w, https:\/\/www.hemrex.com\/wp-content\/uploads\/2025\/11\/toge-noir-et-violet-212x300.png 212w, https:\/\/www.hemrex.com\/wp-content\/uploads\/2025\/11\/toge-noir-et-violet-350x495.png 350w\" sizes=\"(max-width: 595px) 100vw, 595px\" \/>\t\t\t\t\t\t\t\t<\/a>\n\t\t\t\t\t\t\t\t\t\t\t<figcaption class=\"widget-image-caption wp-caption-text\">Choice of colors<\/figcaption>\n\t\t\t\t\t\t\t\t\t\t<\/figure>\n\t\t\t\t\t\t\t\t\t<\/div>\n\t\t\t\t<\/div>\n\t\t\t\t<div class=\"elementor-element elementor-element-1ab7413 elementor-widget elementor-widget-image\" data-id=\"1ab7413\" data-element_type=\"widget\" data-e-type=\"widget\" data-widget_type=\"image.default\">\n\t\t\t\t<div class=\"elementor-widget-container\">\n\t\t\t\t\t\t\t\t\t\t\t\t<figure class=\"wp-caption\">\n\t\t\t\t\t\t\t\t\t\t\t<a href=\"https:\/\/www.hemrex.com\/categorie-produit\/gospel\/\" target=\"_blank\">\n\t\t\t\t\t\t\t<img loading=\"lazy\" decoding=\"async\" width=\"595\" height=\"842\" src=\"https:\/\/www.hemrex.com\/wp-content\/uploads\/2024\/09\/TOGE-BLANC-DORE_2.png\" class=\"attachment-large size-large wp-image-8591\" alt=\"\" srcset=\"https:\/\/www.hemrex.com\/wp-content\/uploads\/2024\/09\/TOGE-BLANC-DORE_2.png 595w, https:\/\/www.hemrex.com\/wp-content\/uploads\/2024\/09\/TOGE-BLANC-DORE_2-212x300.png 212w, https:\/\/www.hemrex.com\/wp-content\/uploads\/2024\/09\/TOGE-BLANC-DORE_2-350x495.png 350w\" sizes=\"(max-width: 595px) 100vw, 595px\" \/>\t\t\t\t\t\t\t\t<\/a>\n\t\t\t\t\t\t\t\t\t\t\t<figcaption class=\"widget-image-caption wp-caption-text\">Printing, color customization<\/figcaption>\n\t\t\t\t\t\t\t\t\t\t<\/figure>\n\t\t\t\t\t\t\t\t\t<\/div>\n\t\t\t\t<\/div>\n\t\t\t\t<\/div>\n\t\t\t\t\t<\/div>\n\t\t\t\t<\/div>\n\t\t<div class=\"elementor-element elementor-element-8ba0f68 e-flex e-con-boxed e-con e-parent\" data-id=\"8ba0f68\" data-element_type=\"container\" data-e-type=\"container\">\n\t\t\t\t\t<div class=\"e-con-inner\">\n\t\t\t\t<div class=\"elementor-element elementor-element-cba1dbe elementor-align-center elementor-widget elementor-widget-button\" data-id=\"cba1dbe\" data-element_type=\"widget\" data-e-type=\"widget\" data-widget_type=\"button.default\">\n\t\t\t\t<div class=\"elementor-widget-container\">\n\t\t\t\t\t\t\t\t\t<div class=\"elementor-button-wrapper\">\n\t\t\t\t\t<a class=\"elementor-button elementor-button-link elementor-size-sm\" href=\"https:\/\/www.hemrex.com\/en\/contact-regalia-accessories-graduation-goodies\/\">\n\t\t\t\t\t\t<span class=\"elementor-button-content-wrapper\">\n\t\t\t\t\t\t\t\t\t<span class=\"elementor-button-text\">Quote request<\/span>\n\t\t\t\t\t<\/span>\n\t\t\t\t\t<\/a>\n\t\t\t\t<\/div>\n\t\t\t\t\t\t\t\t<\/div>\n\t\t\t\t<\/div>\n\t\t\t\t\t<\/div>\n\t\t\t\t<\/div>\n\t\t<div class=\"elementor-element elementor-element-1f4167c e-flex e-con-boxed e-con e-parent\" data-id=\"1f4167c\" data-element_type=\"container\" data-e-type=\"container\">\n\t\t\t\t\t<div class=\"e-con-inner\">\n\t\t\t\t<div class=\"elementor-element elementor-element-31e3ea3 elementor-widget elementor-widget-heading\" data-id=\"31e3ea3\" data-element_type=\"widget\" data-e-type=\"widget\" data-widget_type=\"heading.default\">\n\t\t\t\t<div class=\"elementor-widget-container\">\n\t\t\t\t\t<h2 class=\"elementor-heading-title elementor-size-default\">Why choose bespoke gospel dresses?\n<\/h2>\t\t\t\t<\/div>\n\t\t\t\t<\/div>\n\t\t\t\t<div class=\"elementor-element elementor-element-1e6502c elementor-widget elementor-widget-text-editor\" data-id=\"1e6502c\" data-element_type=\"widget\" data-e-type=\"widget\" data-widget_type=\"text-editor.default\">\n\t\t\t\t<div class=\"elementor-widget-container\">\n\t\t\t\t\t\t\t\t\t<p>Gospel dresses are more than just clothing. They are the visual embodiment of the faith, respect and emotion that come from singing. Choosing a bespoke gospel dress means opting for :<\/p><ol><li><strong>Complete customization<\/strong>: Made-to-measure offers you the possibility of creating a unique dress that matches your choir&#8217;s identity. Whether you prefer a traditional or more modern design, we work with you to create an attire that reflects both your tastes and your group&#8217;s spiritual values. Whether it&#8217;s the colors, patterns or embroidery, every detail is considered to ensure that your dress lives up to the importance of your performance.<\/li><li><strong>Unity and visual harmony<\/strong>: When a choir takes to the stage, unity of dress strengthens the cohesion of the group. Made-to-measure gospel dresses create a uniform aesthetic while respecting the individuality of each choir member. This creates a powerful visual impact and a sense of perfect harmony, essential for captivating your audience. The gowns are well-fitted and designed to match, highlighting the synchronization of voices and the collective energy.<\/li><li><strong>Comfort and elegance<\/strong>: the cut is adapted so that you can move freely, elevating the quality of your performance. Our aim is to create an attire that allows you to sing with passion while remaining comfortable throughout the performance.<\/li><li><strong>Enhance your performances<\/strong>: A bespoke gospel dress adds an extra dimension to your performances. It contributes to the solemn aspect of the event, while allowing each member to feel valued within the group. By combining aesthetics and functionality, we design gowns that inspire both respect and admiration, highlighting the expressiveness and grace of each chorister<\/li><\/ol>\t\t\t\t\t\t\t\t<\/div>\n\t\t\t\t<\/div>\n\t\t\t\t<div class=\"elementor-element elementor-element-61c4244 elementor-widget elementor-widget-heading\" data-id=\"61c4244\" data-element_type=\"widget\" data-e-type=\"widget\" data-widget_type=\"heading.default\">\n\t\t\t\t<div class=\"elementor-widget-container\">\n\t\t\t\t\t<h2 class=\"elementor-heading-title elementor-size-default\">Our approach to custom-made gospel dresses<\/h2>\t\t\t\t<\/div>\n\t\t\t\t<\/div>\n\t\t\t\t<div class=\"elementor-element elementor-element-04a72a4 elementor-widget elementor-widget-text-editor\" data-id=\"04a72a4\" data-element_type=\"widget\" data-e-type=\"widget\" data-widget_type=\"text-editor.default\">\n\t\t\t\t<div class=\"elementor-widget-container\">\n\t\t\t\t\t\t\t\t\t<p>We work with you every step of the way to ensure that your gowns are designed to your exact specifications. Our approach is entirely focused on customization and respect for your specific needs. Here&#8217;s how we do it:<\/p><ol><li><strong>Listening and customization<\/strong>: We start with a consultation to understand your vision and expectations. Whether you want a classic outfit or something more daring, we discuss with you the essential elements that will make your dresses a symbol of cohesion for your choir. We draw inspiration from your environment, your aesthetic preferences and the message you wish to convey to create unique, made-to-measure dresses.<\/li><li><strong>Creating an exclusive design<\/strong>: Once your vision has been defined, we create an exclusive design that reflects both your style and the spirit of your group. Whether you want symbolic motifs, subtle details or a specific cut, we ensure that each dress is unique and representative of your collective identity. We strive to create a dress that goes beyond aesthetics to express the spiritual depth and harmony of your choir.<\/li><li><strong>A perfect fit for visual unity<\/strong>: We make sure that the dresses are perfectly adapted to each member of your choir. This guarantees a harmonious and professional visual appearance.<\/li><li><strong>Prototyping and validation<\/strong>: Once the design has been validated, we create a prototype of the dress. This stage allows us to check that the chosen style corresponds to your expectations and the image you wish to project. It&#8217;s also an opportunity to make any necessary modifications before launching the final confection.<\/li><li><strong>On-time delivery and guaranteed delivery<\/strong>: We know how important deadlines are in the preparation of events, so we do our best to anticipate delivery times so that you receive your dresses on time for your event.<\/li><\/ol><ol><li style=\"list-style-type: none;\">\u00a0<\/li><\/ol>\t\t\t\t\t\t\t\t<\/div>\n\t\t\t\t<\/div>\n\t\t\t\t<div class=\"elementor-element elementor-element-35eb8ef elementor-widget elementor-widget-heading\" data-id=\"35eb8ef\" data-element_type=\"widget\" data-e-type=\"widget\" data-widget_type=\"heading.default\">\n\t\t\t\t<div class=\"elementor-widget-container\">\n\t\t\t\t\t<h3 class=\"elementor-heading-title elementor-size-default\">A strong visual impact and a powerful spiritual message<\/h3>\t\t\t\t<\/div>\n\t\t\t\t<\/div>\n\t\t\t\t<div class=\"elementor-element elementor-element-a584626 elementor-widget elementor-widget-text-editor\" data-id=\"a584626\" data-element_type=\"widget\" data-e-type=\"widget\" data-widget_type=\"text-editor.default\">\n\t\t\t\t<div class=\"elementor-widget-container\">\n\t\t\t\t\t\t\t\t\t<p>Made-to-measure gospel dresses are more than just clothing. They symbolize the unity and devotion of choir members, reinforcing their spiritual message. With a customized attire, each chorister can visually express his or her commitment while highlighting the group&#8217;s collective strength. By opting for a made-to-measure dress, you&#8217;re investing in a powerful image that elevates your performance to the next level.<\/p>\t\t\t\t\t\t\t\t<\/div>\n\t\t\t\t<\/div>\n\t\t\t\t<div class=\"elementor-element elementor-element-ede9950 elementor-widget-divider--view-line elementor-widget elementor-widget-divider\" data-id=\"ede9950\" data-element_type=\"widget\" data-e-type=\"widget\" data-widget_type=\"divider.default\">\n\t\t\t\t<div class=\"elementor-widget-container\">\n\t\t\t\t\t\t\t<div class=\"elementor-divider\">\n\t\t\t<span class=\"elementor-divider-separator\">\n\t\t\t\t\t\t<\/span>\n\t\t<\/div>\n\t\t\t\t\t\t<\/div>\n\t\t\t\t<\/div>\n\t\t\t\t\t<\/div>\n\t\t\t\t<\/div>\n\t\t\t\t<\/div>\n\t\t","protected":false},"excerpt":{"rendered":"<p>Your tailor-made Gospel dress Gospel choirs have a very special place in religious ceremonies and community events. Beyond the music, they are a symbol of unity, faith and collective expression. The visual appearance of the choristers is just as important as their musical performance, and a made-to-measure gospel dress can sublimate this moment of communion. [&hellip;]<\/p>\n","protected":false},"author":2,"featured_media":0,"parent":0,"menu_order":0,"comment_status":"closed","ping_status":"closed","template":"","meta":{"footnotes":""},"class_list":["post-6512","page","type-page","status-publish","hentry","entry","owp-thumbs-layout-horizontal","owp-btn-normal","owp-tabs-layout-horizontal","has-no-thumbnails"],"yoast_head":"<!-- This site is optimized with the Yoast SEO plugin v25.5 - https:\/\/yoast.com\/wordpress\/plugins\/seo\/ -->\n<title>Gospel attire - bespoke - Hemrex<\/title>\n<meta name=\"description\" content=\"We&#039;ll help you create Gospel dresses that reflect the harmony of your choir. Customize your dress with different colors\" \/>\n<meta name=\"robots\" content=\"index, follow, max-snippet:-1, max-image-preview:large, max-video-preview:-1\" \/>\n<link rel=\"canonical\" href=\"https:\/\/www.hemrex.com\/en\/gospel-attire-bespoke\/\" \/>\n<meta property=\"og:locale\" content=\"en_US\" \/>\n<meta property=\"og:type\" content=\"article\" \/>\n<meta property=\"og:title\" content=\"Gospel attire - bespoke - Hemrex\" \/>\n<meta property=\"og:description\" content=\"We&#039;ll help you create Gospel dresses that reflect the harmony of your choir. Customize your dress with different colors\" \/>\n<meta property=\"og:url\" content=\"https:\/\/www.hemrex.com\/en\/gospel-attire-bespoke\/\" \/>\n<meta property=\"article:modified_time\" content=\"2025-11-17T09:44:07+00:00\" \/>\n<meta property=\"og:image\" content=\"https:\/\/www.hemrex.com\/wp-content\/uploads\/2024\/10\/infographie-rdd-sur-mesure-angl.png\" \/>\n\t<meta property=\"og:image:width\" content=\"670\" \/>\n\t<meta property=\"og:image:height\" content=\"752\" \/>\n\t<meta property=\"og:image:type\" content=\"image\/png\" \/>\n<meta name=\"twitter:card\" content=\"summary_large_image\" \/>\n<meta name=\"twitter:label1\" content=\"Est. reading time\" \/>\n\t<meta name=\"twitter:data1\" content=\"4 minutes\" \/>\n<script type=\"application\/ld+json\" class=\"yoast-schema-graph\">{\"@context\":\"https:\/\/schema.org\",\"@graph\":[{\"@type\":\"WebPage\",\"@id\":\"https:\/\/www.hemrex.com\/en\/gospel-attire-bespoke\/\",\"url\":\"https:\/\/www.hemrex.com\/en\/gospel-attire-bespoke\/\",\"name\":\"Gospel attire - bespoke - Hemrex\",\"isPartOf\":{\"@id\":\"https:\/\/www.hemrex.com\/#website\"},\"primaryImageOfPage\":{\"@id\":\"https:\/\/www.hemrex.com\/en\/gospel-attire-bespoke\/#primaryimage\"},\"image\":{\"@id\":\"https:\/\/www.hemrex.com\/en\/gospel-attire-bespoke\/#primaryimage\"},\"thumbnailUrl\":\"https:\/\/www.hemrex.com\/wp-content\/uploads\/2024\/10\/infographie-rdd-sur-mesure-angl.png\",\"datePublished\":\"2024-10-18T09:19:19+00:00\",\"dateModified\":\"2025-11-17T09:44:07+00:00\",\"description\":\"We'll help you create Gospel dresses that reflect the harmony of your choir. Customize your dress with different colors\",\"breadcrumb\":{\"@id\":\"https:\/\/www.hemrex.com\/en\/gospel-attire-bespoke\/#breadcrumb\"},\"inLanguage\":\"en-US\",\"potentialAction\":[{\"@type\":\"ReadAction\",\"target\":[\"https:\/\/www.hemrex.com\/en\/gospel-attire-bespoke\/\"]}]},{\"@type\":\"ImageObject\",\"inLanguage\":\"en-US\",\"@id\":\"https:\/\/www.hemrex.com\/en\/gospel-attire-bespoke\/#primaryimage\",\"url\":\"https:\/\/www.hemrex.com\/wp-content\/uploads\/2024\/10\/infographie-rdd-sur-mesure-angl.png\",\"contentUrl\":\"https:\/\/www.hemrex.com\/wp-content\/uploads\/2024\/10\/infographie-rdd-sur-mesure-angl.png\"},{\"@type\":\"BreadcrumbList\",\"@id\":\"https:\/\/www.hemrex.com\/en\/gospel-attire-bespoke\/#breadcrumb\",\"itemListElement\":[{\"@type\":\"ListItem\",\"position\":1,\"name\":\"Accueil\",\"item\":\"https:\/\/www.hemrex.com\/en\/home-2\/\"},{\"@type\":\"ListItem\",\"position\":2,\"name\":\"Gospel attire &#8211; bespoke\"}]},{\"@type\":\"WebSite\",\"@id\":\"https:\/\/www.hemrex.com\/#website\",\"url\":\"https:\/\/www.hemrex.com\/\",\"name\":\"\",\"description\":\"Tenues et accessoires pour les c\u00e9r\u00e9monies de remise des dipl\u00f4mes et objets promotionnels personnalis\u00e9s\",\"potentialAction\":[{\"@type\":\"SearchAction\",\"target\":{\"@type\":\"EntryPoint\",\"urlTemplate\":\"https:\/\/www.hemrex.com\/?s={search_term_string}\"},\"query-input\":{\"@type\":\"PropertyValueSpecification\",\"valueRequired\":true,\"valueName\":\"search_term_string\"}}],\"inLanguage\":\"en-US\"}]}<\/script>\n<!-- \/ Yoast SEO plugin. -->","yoast_head_json":{"title":"Gospel attire - bespoke - Hemrex","description":"We'll help you create Gospel dresses that reflect the harmony of your choir. Customize your dress with different colors","robots":{"index":"index","follow":"follow","max-snippet":"max-snippet:-1","max-image-preview":"max-image-preview:large","max-video-preview":"max-video-preview:-1"},"canonical":"https:\/\/www.hemrex.com\/en\/gospel-attire-bespoke\/","og_locale":"en_US","og_type":"article","og_title":"Gospel attire - bespoke - Hemrex","og_description":"We'll help you create Gospel dresses that reflect the harmony of your choir. Customize your dress with different colors","og_url":"https:\/\/www.hemrex.com\/en\/gospel-attire-bespoke\/","article_modified_time":"2025-11-17T09:44:07+00:00","og_image":[{"width":670,"height":752,"url":"https:\/\/www.hemrex.com\/wp-content\/uploads\/2024\/10\/infographie-rdd-sur-mesure-angl.png","type":"image\/png"}],"twitter_card":"summary_large_image","twitter_misc":{"Est. reading time":"4 minutes"},"schema":{"@context":"https:\/\/schema.org","@graph":[{"@type":"WebPage","@id":"https:\/\/www.hemrex.com\/en\/gospel-attire-bespoke\/","url":"https:\/\/www.hemrex.com\/en\/gospel-attire-bespoke\/","name":"Gospel attire - bespoke - Hemrex","isPartOf":{"@id":"https:\/\/www.hemrex.com\/#website"},"primaryImageOfPage":{"@id":"https:\/\/www.hemrex.com\/en\/gospel-attire-bespoke\/#primaryimage"},"image":{"@id":"https:\/\/www.hemrex.com\/en\/gospel-attire-bespoke\/#primaryimage"},"thumbnailUrl":"https:\/\/www.hemrex.com\/wp-content\/uploads\/2024\/10\/infographie-rdd-sur-mesure-angl.png","datePublished":"2024-10-18T09:19:19+00:00","dateModified":"2025-11-17T09:44:07+00:00","description":"We'll help you create Gospel dresses that reflect the harmony of your choir. Customize your dress with different colors","breadcrumb":{"@id":"https:\/\/www.hemrex.com\/en\/gospel-attire-bespoke\/#breadcrumb"},"inLanguage":"en-US","potentialAction":[{"@type":"ReadAction","target":["https:\/\/www.hemrex.com\/en\/gospel-attire-bespoke\/"]}]},{"@type":"ImageObject","inLanguage":"en-US","@id":"https:\/\/www.hemrex.com\/en\/gospel-attire-bespoke\/#primaryimage","url":"https:\/\/www.hemrex.com\/wp-content\/uploads\/2024\/10\/infographie-rdd-sur-mesure-angl.png","contentUrl":"https:\/\/www.hemrex.com\/wp-content\/uploads\/2024\/10\/infographie-rdd-sur-mesure-angl.png"},{"@type":"BreadcrumbList","@id":"https:\/\/www.hemrex.com\/en\/gospel-attire-bespoke\/#breadcrumb","itemListElement":[{"@type":"ListItem","position":1,"name":"Accueil","item":"https:\/\/www.hemrex.com\/en\/home-2\/"},{"@type":"ListItem","position":2,"name":"Gospel attire &#8211; bespoke"}]},{"@type":"WebSite","@id":"https:\/\/www.hemrex.com\/#website","url":"https:\/\/www.hemrex.com\/","name":"","description":"Tenues et accessoires pour les c\u00e9r\u00e9monies de remise des dipl\u00f4mes et objets promotionnels personnalis\u00e9s","potentialAction":[{"@type":"SearchAction","target":{"@type":"EntryPoint","urlTemplate":"https:\/\/www.hemrex.com\/?s={search_term_string}"},"query-input":{"@type":"PropertyValueSpecification","valueRequired":true,"valueName":"search_term_string"}}],"inLanguage":"en-US"}]}},"_links":{"self":[{"href":"https:\/\/www.hemrex.com\/en\/wp-json\/wp\/v2\/pages\/6512"}],"collection":[{"href":"https:\/\/www.hemrex.com\/en\/wp-json\/wp\/v2\/pages"}],"about":[{"href":"https:\/\/www.hemrex.com\/en\/wp-json\/wp\/v2\/types\/page"}],"author":[{"embeddable":true,"href":"https:\/\/www.hemrex.com\/en\/wp-json\/wp\/v2\/users\/2"}],"replies":[{"embeddable":true,"href":"https:\/\/www.hemrex.com\/en\/wp-json\/wp\/v2\/comments?post=6512"}],"version-history":[{"count":27,"href":"https:\/\/www.hemrex.com\/en\/wp-json\/wp\/v2\/pages\/6512\/revisions"}],"predecessor-version":[{"id":8615,"href":"https:\/\/www.hemrex.com\/en\/wp-json\/wp\/v2\/pages\/6512\/revisions\/8615"}],"wp:attachment":[{"href":"https:\/\/www.hemrex.com\/en\/wp-json\/wp\/v2\/media?parent=6512"}],"curies":[{"name":"wp","href":"https:\/\/api.w.org\/{rel}","templated":true}]}}