{"id":6450,"date":"2024-10-15T12:12:10","date_gmt":"2024-10-15T10:12:10","guid":{"rendered":"https:\/\/www.hemrex.com\/?page_id=6450"},"modified":"2025-08-22T16:22:55","modified_gmt":"2025-08-22T14:22:55","slug":"contact-regalia-accessories-graduation-goodies","status":"publish","type":"page","link":"https:\/\/www.hemrex.com\/en\/contact-regalia-accessories-graduation-goodies\/","title":{"rendered":"Contact us"},"content":{"rendered":"\t\t<div data-elementor-type=\"wp-page\" data-elementor-id=\"6450\" class=\"elementor elementor-6450 elementor-3030\">\n\t\t\t\t<div class=\"elementor-element elementor-element-27a8b39 e-flex e-con-boxed e-con e-parent\" data-id=\"27a8b39\" data-element_type=\"container\" data-e-type=\"container\">\n\t\t\t\t\t<div class=\"e-con-inner\">\n\t\t\t\t<div class=\"elementor-element elementor-element-4f3b164 elementor-widget elementor-widget-heading\" data-id=\"4f3b164\" data-element_type=\"widget\" data-e-type=\"widget\" data-widget_type=\"heading.default\">\n\t\t\t\t<div class=\"elementor-widget-container\">\n\t\t\t\t\t<h2 class=\"elementor-heading-title elementor-size-default\">For all your requests, contact us!<\/h2>\t\t\t\t<\/div>\n\t\t\t\t<\/div>\n\t\t\t\t<div class=\"elementor-element elementor-element-878556f elementor-widget elementor-widget-text-editor\" data-id=\"878556f\" data-element_type=\"widget\" data-e-type=\"widget\" data-widget_type=\"text-editor.default\">\n\t\t\t\t<div class=\"elementor-widget-container\">\n\t\t\t\t\t\t\t\t\t<p>Contact us for <span style=\"text-decoration: underline;\"><a href=\"https:\/\/www.hemrex.com\/en\/graduation-ceremony\/\" target=\"_blank\" rel=\"noopener\">graduate outfits<\/a><\/span> and accessories or promotional products.<\/p>\t\t\t\t\t\t\t\t<\/div>\n\t\t\t\t<\/div>\n\t\t\t\t<div class=\"elementor-element elementor-element-a432805 elementor-widget-divider--view-line elementor-widget elementor-widget-divider\" data-id=\"a432805\" data-element_type=\"widget\" data-e-type=\"widget\" data-widget_type=\"divider.default\">\n\t\t\t\t<div class=\"elementor-widget-container\">\n\t\t\t\t\t\t\t<div class=\"elementor-divider\">\n\t\t\t<span class=\"elementor-divider-separator\">\n\t\t\t\t\t\t<\/span>\n\t\t<\/div>\n\t\t\t\t\t\t<\/div>\n\t\t\t\t<\/div>\n\t\t\t\t\t<\/div>\n\t\t\t\t<\/div>\n\t\t<div class=\"elementor-element elementor-element-f17e58e e-grid e-con-boxed e-con e-parent\" data-id=\"f17e58e\" data-element_type=\"container\" data-e-type=\"container\">\n\t\t\t\t\t<div class=\"e-con-inner\">\n\t\t\t\t<div class=\"elementor-element elementor-element-a636625 elementor-widget elementor-widget-text-editor\" data-id=\"a636625\" data-element_type=\"widget\" data-e-type=\"widget\" data-widget_type=\"text-editor.default\">\n\t\t\t\t<div class=\"elementor-widget-container\">\n\t\t\t\t\t\t\t\t\t<p><a href=\"https:\/\/www.hemrex.com\/wp-content\/uploads\/2024\/08\/tel-icone.png\"><img decoding=\"async\" class=\"wp-image-3056 aligncenter\" src=\"https:\/\/www.hemrex.com\/wp-content\/uploads\/2024\/08\/tel-icone.png\" alt=\"hemrex - goodies\" width=\"55\" height=\"55\" srcset=\"https:\/\/www.hemrex.com\/wp-content\/uploads\/2024\/08\/tel-icone.png 1080w, https:\/\/www.hemrex.com\/wp-content\/uploads\/2024\/08\/tel-icone-300x300.png 300w, https:\/\/www.hemrex.com\/wp-content\/uploads\/2024\/08\/tel-icone-1024x1024.png 1024w, https:\/\/www.hemrex.com\/wp-content\/uploads\/2024\/08\/tel-icone-150x150.png 150w, https:\/\/www.hemrex.com\/wp-content\/uploads\/2024\/08\/tel-icone-768x768.png 768w, https:\/\/www.hemrex.com\/wp-content\/uploads\/2024\/08\/tel-icone-680x680.png 680w, https:\/\/www.hemrex.com\/wp-content\/uploads\/2024\/08\/tel-icone-350x350.png 350w, https:\/\/www.hemrex.com\/wp-content\/uploads\/2024\/08\/tel-icone-595x595.png 595w, https:\/\/www.hemrex.com\/wp-content\/uploads\/2024\/08\/tel-icone-100x100.png 100w\" sizes=\"(max-width: 55px) 100vw, 55px\" \/><\/a><\/p><p style=\"text-align: center;\">+33 1 48 74 58 73<\/p>\t\t\t\t\t\t\t\t<\/div>\n\t\t\t\t<\/div>\n\t\t\t\t<div class=\"elementor-element elementor-element-80397da elementor-widget elementor-widget-text-editor\" data-id=\"80397da\" data-element_type=\"widget\" data-e-type=\"widget\" data-widget_type=\"text-editor.default\">\n\t\t\t\t<div class=\"elementor-widget-container\">\n\t\t\t\t\t\t\t\t\t<p><a href=\"https:\/\/www.hemrex.com\/wp-content\/uploads\/2024\/08\/mail-icone.png\"><img decoding=\"async\" class=\"wp-image-3058 aligncenter\" src=\"https:\/\/www.hemrex.com\/wp-content\/uploads\/2024\/08\/mail-icone.png\" alt=\"hemrex - goodies\" width=\"59\" height=\"59\" srcset=\"https:\/\/www.hemrex.com\/wp-content\/uploads\/2024\/08\/mail-icone.png 1080w, https:\/\/www.hemrex.com\/wp-content\/uploads\/2024\/08\/mail-icone-300x300.png 300w, https:\/\/www.hemrex.com\/wp-content\/uploads\/2024\/08\/mail-icone-1024x1024.png 1024w, https:\/\/www.hemrex.com\/wp-content\/uploads\/2024\/08\/mail-icone-150x150.png 150w, https:\/\/www.hemrex.com\/wp-content\/uploads\/2024\/08\/mail-icone-768x768.png 768w, https:\/\/www.hemrex.com\/wp-content\/uploads\/2024\/08\/mail-icone-680x680.png 680w, https:\/\/www.hemrex.com\/wp-content\/uploads\/2024\/08\/mail-icone-350x350.png 350w, https:\/\/www.hemrex.com\/wp-content\/uploads\/2024\/08\/mail-icone-595x595.png 595w, https:\/\/www.hemrex.com\/wp-content\/uploads\/2024\/08\/mail-icone-100x100.png 100w\" sizes=\"(max-width: 59px) 100vw, 59px\" \/><\/a><span style=\"color: #666666;\"><a style=\"color: #666666; text-decoration: underline;\" href=\"mailto:contact@hemrex.com\">contact@hemrex.com<\/a><\/span><\/p>\t\t\t\t\t\t\t\t<\/div>\n\t\t\t\t<\/div>\n\t\t\t\t<div class=\"elementor-element elementor-element-4ec6204 elementor-widget elementor-widget-text-editor\" data-id=\"4ec6204\" data-element_type=\"widget\" data-e-type=\"widget\" data-widget_type=\"text-editor.default\">\n\t\t\t\t<div class=\"elementor-widget-container\">\n\t\t\t\t\t\t\t\t\t<p style=\"text-align: center;\"><a href=\"https:\/\/www.hemrex.com\/wp-content\/uploads\/2024\/08\/loc-icone.png\"><img decoding=\"async\" class=\" wp-image-3060 aligncenter\" src=\"https:\/\/www.hemrex.com\/wp-content\/uploads\/2024\/08\/loc-icone.png\" alt=\"hemrex - tenues de remis de sipl\u00f4mes\" width=\"62\" height=\"62\" srcset=\"https:\/\/www.hemrex.com\/wp-content\/uploads\/2024\/08\/loc-icone.png 1080w, https:\/\/www.hemrex.com\/wp-content\/uploads\/2024\/08\/loc-icone-300x300.png 300w, https:\/\/www.hemrex.com\/wp-content\/uploads\/2024\/08\/loc-icone-1024x1024.png 1024w, https:\/\/www.hemrex.com\/wp-content\/uploads\/2024\/08\/loc-icone-150x150.png 150w, https:\/\/www.hemrex.com\/wp-content\/uploads\/2024\/08\/loc-icone-768x768.png 768w, https:\/\/www.hemrex.com\/wp-content\/uploads\/2024\/08\/loc-icone-680x680.png 680w, https:\/\/www.hemrex.com\/wp-content\/uploads\/2024\/08\/loc-icone-350x350.png 350w, https:\/\/www.hemrex.com\/wp-content\/uploads\/2024\/08\/loc-icone-595x595.png 595w, https:\/\/www.hemrex.com\/wp-content\/uploads\/2024\/08\/loc-icone-100x100.png 100w\" sizes=\"(max-width: 62px) 100vw, 62px\" \/><\/a><br \/><span style=\"color: #666666;\"><a style=\"color: #666666; text-decoration: underline;\" href=\"https:\/\/www.google.fr\/maps\/place\/HEMREX+-+Tenues+et+accessoires+pour+les+remises+de+dipl%C3%B4me+-+Goodies\/@48.877542,2.3452493,17z\/data=!3m1!4b1!4m6!3m5!1s0x47e61a9d821f32f3:0x6fe6f0ef9a5a5ddf!8m2!3d48.8775385!4d2.3478242!16s%2Fg%2F11b6dl88wy?entry=ttu\" target=\"_blank\" rel=\"noopener\">13 rue de Bellefond, 75009 Paris, France<\/a><\/span><\/p>\t\t\t\t\t\t\t\t<\/div>\n\t\t\t\t<\/div>\n\t\t\t\t\t<\/div>\n\t\t\t\t<\/div>\n\t\t<div class=\"elementor-element elementor-element-6d736b7 e-flex e-con-boxed e-con e-parent\" data-id=\"6d736b7\" data-element_type=\"container\" data-e-type=\"container\">\n\t\t\t\t\t<div class=\"e-con-inner\">\n\t\t\t\t<div class=\"elementor-element elementor-element-b09df14 elementor-widget elementor-widget-text-editor\" data-id=\"b09df14\" data-element_type=\"widget\" data-e-type=\"widget\" data-widget_type=\"text-editor.default\">\n\t\t\t\t<div class=\"elementor-widget-container\">\n\t\t\t\t\t\t\t\t\t<p style=\"text-align: center;\">Please check your spam (especially gmail, hotmail)<\/p>\t\t\t\t\t\t\t\t<\/div>\n\t\t\t\t<\/div>\n\t\t\t\t\t<\/div>\n\t\t\t\t<\/div>\n\t\t\t\t<\/div>\n\t\t","protected":false},"excerpt":{"rendered":"<p>For all your requests, contact us! Contact us for graduate outfits and accessories or promotional products. +33 1 48 74 58 73 contact@hemrex.com 13 rue de Bellefond, 75009 Paris, France Please check your spam (especially gmail, hotmail)<\/p>\n","protected":false},"author":2,"featured_media":0,"parent":0,"menu_order":0,"comment_status":"closed","ping_status":"closed","template":"","meta":{"footnotes":""},"class_list":["post-6450","page","type-page","status-publish","hentry","entry","owp-thumbs-layout-horizontal","owp-btn-normal","owp-tabs-layout-horizontal","has-no-thumbnails"],"yoast_head":"<!-- This site is optimized with the Yoast SEO plugin v25.5 - https:\/\/yoast.com\/wordpress\/plugins\/seo\/ -->\n<title>Contact outfits accessories graduation goodies<\/title>\n<meta name=\"description\" content=\"Find your partner for your graduation outfits, customize them according to your wishes and your school&#039;s colors, and for your goodies.\" \/>\n<meta name=\"robots\" content=\"index, follow, max-snippet:-1, max-image-preview:large, max-video-preview:-1\" \/>\n<link rel=\"canonical\" href=\"https:\/\/www.hemrex.com\/en\/contact-regalia-accessories-graduation-goodies\/\" \/>\n<meta property=\"og:locale\" content=\"en_US\" \/>\n<meta property=\"og:type\" content=\"article\" \/>\n<meta property=\"og:title\" content=\"Contact outfits accessories graduation goodies\" \/>\n<meta property=\"og:description\" content=\"Find your partner for your graduation outfits, customize them according to your wishes and your school&#039;s colors, and for your goodies.\" \/>\n<meta property=\"og:url\" content=\"https:\/\/www.hemrex.com\/en\/contact-regalia-accessories-graduation-goodies\/\" \/>\n<meta property=\"article:modified_time\" content=\"2025-08-22T14:22:55+00:00\" \/>\n<meta property=\"og:image\" content=\"https:\/\/www.hemrex.com\/wp-content\/uploads\/2024\/08\/tel-icone.png\" \/>\n\t<meta property=\"og:image:width\" content=\"1080\" \/>\n\t<meta property=\"og:image:height\" content=\"1080\" \/>\n\t<meta property=\"og:image:type\" content=\"image\/png\" \/>\n<meta name=\"twitter:card\" content=\"summary_large_image\" \/>\n<script type=\"application\/ld+json\" class=\"yoast-schema-graph\">{\"@context\":\"https:\/\/schema.org\",\"@graph\":[{\"@type\":\"WebPage\",\"@id\":\"https:\/\/www.hemrex.com\/en\/contact-regalia-accessories-graduation-goodies\/\",\"url\":\"https:\/\/www.hemrex.com\/en\/contact-regalia-accessories-graduation-goodies\/\",\"name\":\"Contact outfits accessories graduation goodies\",\"isPartOf\":{\"@id\":\"https:\/\/www.hemrex.com\/#website\"},\"primaryImageOfPage\":{\"@id\":\"https:\/\/www.hemrex.com\/en\/contact-regalia-accessories-graduation-goodies\/#primaryimage\"},\"image\":{\"@id\":\"https:\/\/www.hemrex.com\/en\/contact-regalia-accessories-graduation-goodies\/#primaryimage\"},\"thumbnailUrl\":\"https:\/\/www.hemrex.com\/wp-content\/uploads\/2024\/08\/tel-icone.png\",\"datePublished\":\"2024-10-15T10:12:10+00:00\",\"dateModified\":\"2025-08-22T14:22:55+00:00\",\"description\":\"Find your partner for your graduation outfits, customize them according to your wishes and your school's colors, and for your goodies.\",\"breadcrumb\":{\"@id\":\"https:\/\/www.hemrex.com\/en\/contact-regalia-accessories-graduation-goodies\/#breadcrumb\"},\"inLanguage\":\"en-US\",\"potentialAction\":[{\"@type\":\"ReadAction\",\"target\":[\"https:\/\/www.hemrex.com\/en\/contact-regalia-accessories-graduation-goodies\/\"]}]},{\"@type\":\"ImageObject\",\"inLanguage\":\"en-US\",\"@id\":\"https:\/\/www.hemrex.com\/en\/contact-regalia-accessories-graduation-goodies\/#primaryimage\",\"url\":\"https:\/\/www.hemrex.com\/wp-content\/uploads\/2024\/08\/tel-icone.png\",\"contentUrl\":\"https:\/\/www.hemrex.com\/wp-content\/uploads\/2024\/08\/tel-icone.png\"},{\"@type\":\"BreadcrumbList\",\"@id\":\"https:\/\/www.hemrex.com\/en\/contact-regalia-accessories-graduation-goodies\/#breadcrumb\",\"itemListElement\":[{\"@type\":\"ListItem\",\"position\":1,\"name\":\"Accueil\",\"item\":\"https:\/\/www.hemrex.com\/en\/home-2\/\"},{\"@type\":\"ListItem\",\"position\":2,\"name\":\"Contact us\"}]},{\"@type\":\"WebSite\",\"@id\":\"https:\/\/www.hemrex.com\/#website\",\"url\":\"https:\/\/www.hemrex.com\/\",\"name\":\"\",\"description\":\"Tenues et accessoires pour les c\u00e9r\u00e9monies de remise des dipl\u00f4mes et objets promotionnels personnalis\u00e9s\",\"potentialAction\":[{\"@type\":\"SearchAction\",\"target\":{\"@type\":\"EntryPoint\",\"urlTemplate\":\"https:\/\/www.hemrex.com\/?s={search_term_string}\"},\"query-input\":{\"@type\":\"PropertyValueSpecification\",\"valueRequired\":true,\"valueName\":\"search_term_string\"}}],\"inLanguage\":\"en-US\"}]}<\/script>\n<!-- \/ Yoast SEO plugin. -->","yoast_head_json":{"title":"Contact outfits accessories graduation goodies","description":"Find your partner for your graduation outfits, customize them according to your wishes and your school's colors, and for your goodies.","robots":{"index":"index","follow":"follow","max-snippet":"max-snippet:-1","max-image-preview":"max-image-preview:large","max-video-preview":"max-video-preview:-1"},"canonical":"https:\/\/www.hemrex.com\/en\/contact-regalia-accessories-graduation-goodies\/","og_locale":"en_US","og_type":"article","og_title":"Contact outfits accessories graduation goodies","og_description":"Find your partner for your graduation outfits, customize them according to your wishes and your school's colors, and for your goodies.","og_url":"https:\/\/www.hemrex.com\/en\/contact-regalia-accessories-graduation-goodies\/","article_modified_time":"2025-08-22T14:22:55+00:00","og_image":[{"width":1080,"height":1080,"url":"https:\/\/www.hemrex.com\/wp-content\/uploads\/2024\/08\/tel-icone.png","type":"image\/png"}],"twitter_card":"summary_large_image","schema":{"@context":"https:\/\/schema.org","@graph":[{"@type":"WebPage","@id":"https:\/\/www.hemrex.com\/en\/contact-regalia-accessories-graduation-goodies\/","url":"https:\/\/www.hemrex.com\/en\/contact-regalia-accessories-graduation-goodies\/","name":"Contact outfits accessories graduation goodies","isPartOf":{"@id":"https:\/\/www.hemrex.com\/#website"},"primaryImageOfPage":{"@id":"https:\/\/www.hemrex.com\/en\/contact-regalia-accessories-graduation-goodies\/#primaryimage"},"image":{"@id":"https:\/\/www.hemrex.com\/en\/contact-regalia-accessories-graduation-goodies\/#primaryimage"},"thumbnailUrl":"https:\/\/www.hemrex.com\/wp-content\/uploads\/2024\/08\/tel-icone.png","datePublished":"2024-10-15T10:12:10+00:00","dateModified":"2025-08-22T14:22:55+00:00","description":"Find your partner for your graduation outfits, customize them according to your wishes and your school's colors, and for your goodies.","breadcrumb":{"@id":"https:\/\/www.hemrex.com\/en\/contact-regalia-accessories-graduation-goodies\/#breadcrumb"},"inLanguage":"en-US","potentialAction":[{"@type":"ReadAction","target":["https:\/\/www.hemrex.com\/en\/contact-regalia-accessories-graduation-goodies\/"]}]},{"@type":"ImageObject","inLanguage":"en-US","@id":"https:\/\/www.hemrex.com\/en\/contact-regalia-accessories-graduation-goodies\/#primaryimage","url":"https:\/\/www.hemrex.com\/wp-content\/uploads\/2024\/08\/tel-icone.png","contentUrl":"https:\/\/www.hemrex.com\/wp-content\/uploads\/2024\/08\/tel-icone.png"},{"@type":"BreadcrumbList","@id":"https:\/\/www.hemrex.com\/en\/contact-regalia-accessories-graduation-goodies\/#breadcrumb","itemListElement":[{"@type":"ListItem","position":1,"name":"Accueil","item":"https:\/\/www.hemrex.com\/en\/home-2\/"},{"@type":"ListItem","position":2,"name":"Contact us"}]},{"@type":"WebSite","@id":"https:\/\/www.hemrex.com\/#website","url":"https:\/\/www.hemrex.com\/","name":"","description":"Tenues et accessoires pour les c\u00e9r\u00e9monies de remise des dipl\u00f4mes et objets promotionnels personnalis\u00e9s","potentialAction":[{"@type":"SearchAction","target":{"@type":"EntryPoint","urlTemplate":"https:\/\/www.hemrex.com\/?s={search_term_string}"},"query-input":{"@type":"PropertyValueSpecification","valueRequired":true,"valueName":"search_term_string"}}],"inLanguage":"en-US"}]}},"_links":{"self":[{"href":"https:\/\/www.hemrex.com\/en\/wp-json\/wp\/v2\/pages\/6450"}],"collection":[{"href":"https:\/\/www.hemrex.com\/en\/wp-json\/wp\/v2\/pages"}],"about":[{"href":"https:\/\/www.hemrex.com\/en\/wp-json\/wp\/v2\/types\/page"}],"author":[{"embeddable":true,"href":"https:\/\/www.hemrex.com\/en\/wp-json\/wp\/v2\/users\/2"}],"replies":[{"embeddable":true,"href":"https:\/\/www.hemrex.com\/en\/wp-json\/wp\/v2\/comments?post=6450"}],"version-history":[{"count":8,"href":"https:\/\/www.hemrex.com\/en\/wp-json\/wp\/v2\/pages\/6450\/revisions"}],"predecessor-version":[{"id":6511,"href":"https:\/\/www.hemrex.com\/en\/wp-json\/wp\/v2\/pages\/6450\/revisions\/6511"}],"wp:attachment":[{"href":"https:\/\/www.hemrex.com\/en\/wp-json\/wp\/v2\/media?parent=6450"}],"curies":[{"name":"wp","href":"https:\/\/api.w.org\/{rel}","templated":true}]}}