{"id":5970,"date":"2024-10-01T12:05:00","date_gmt":"2024-10-01T10:05:00","guid":{"rendered":"https:\/\/www.hemrex.com\/?page_id=5970"},"modified":"2025-12-19T16:50:40","modified_gmt":"2025-12-19T15:50:40","slug":"graduation-ceremony","status":"publish","type":"page","link":"https:\/\/www.hemrex.com\/en\/graduation-ceremony\/","title":{"rendered":"Graduation ceremony"},"content":{"rendered":"\t\t<div data-elementor-type=\"wp-page\" data-elementor-id=\"5970\" class=\"elementor elementor-5970 elementor-3091\">\n\t\t\t\t<div class=\"elementor-element elementor-element-fb95595 e-flex e-con-boxed e-con e-parent\" data-id=\"fb95595\" data-element_type=\"container\" data-e-type=\"container\">\n\t\t\t\t\t<div class=\"e-con-inner\">\n\t\t\t\t<div class=\"elementor-element elementor-element-28865c6 elementor-widget elementor-widget-heading\" data-id=\"28865c6\" data-element_type=\"widget\" data-e-type=\"widget\" data-widget_type=\"heading.default\">\n\t\t\t\t<div class=\"elementor-widget-container\">\n\t\t\t\t\t<h2 class=\"elementor-heading-title elementor-size-default\">Graduation ceremony<\/h2>\t\t\t\t<\/div>\n\t\t\t\t<\/div>\n\t\t\t\t<div class=\"elementor-element elementor-element-fc059e1 elementor-widget-divider--view-line elementor-widget elementor-widget-divider\" data-id=\"fc059e1\" data-element_type=\"widget\" data-e-type=\"widget\" data-widget_type=\"divider.default\">\n\t\t\t\t<div class=\"elementor-widget-container\">\n\t\t\t\t\t\t\t<div class=\"elementor-divider\">\n\t\t\t<span class=\"elementor-divider-separator\">\n\t\t\t\t\t\t<\/span>\n\t\t<\/div>\n\t\t\t\t\t\t<\/div>\n\t\t\t\t<\/div>\n\t\t\t\t\t<\/div>\n\t\t\t\t<\/div>\n\t\t<div class=\"elementor-element elementor-element-46c66af e-flex e-con-boxed e-con e-parent\" data-id=\"46c66af\" data-element_type=\"container\" data-e-type=\"container\">\n\t\t\t\t\t<div class=\"e-con-inner\">\n\t\t\t\t<div class=\"elementor-element elementor-element-9469da8 elementor-widget elementor-widget-heading\" data-id=\"9469da8\" data-element_type=\"widget\" data-e-type=\"widget\" data-widget_type=\"heading.default\">\n\t\t\t\t<div class=\"elementor-widget-container\">\n\t\t\t\t\t<h3 class=\"elementor-heading-title elementor-size-default\">Find and complete your graduation regalia<\/h3>\t\t\t\t<\/div>\n\t\t\t\t<\/div>\n\t\t\t\t<div class=\"elementor-element elementor-element-412877d elementor-widget elementor-widget-text-editor\" data-id=\"412877d\" data-element_type=\"widget\" data-e-type=\"widget\" data-widget_type=\"text-editor.default\">\n\t\t\t\t<div class=\"elementor-widget-container\">\n\t\t\t\t\t\t\t\t\t<p>Since 2008, we&#8217;ve been offering you a standard and bespoke selection of <strong><a href=\"https:\/\/www.hemrex.com\/en\/categorie-produit\/set-gowncaptassel\/\">gowns<\/a>, <a href=\"https:\/\/www.hemrex.com\/en\/categorie-produit\/caps-tassels\/\">caps,<\/a> <a href=\"https:\/\/www.hemrex.com\/en\/categorie-produit\/university-president-dress\/\">university president dresses<\/a>, accessories, <a href=\"https:\/\/www.hemrex.com\/en\/categorie-produit\/dresses-senior-lecturers\/\">lecturers<\/a><\/strong> and <a href=\"https:\/\/www.hemrex.com\/en\/categorie-produit\/dresses-professors\/\"><strong>professors.<\/strong><\/a><\/p><p>Our outfits and accessories offer you <strong>superior quality<\/strong> to mark your success with elegance. Whether you&#8217;re a teacher or a graduate, Hemrex has the right outfit for your <strong>graduation ceremony.<\/strong><\/p>\t\t\t\t\t\t\t\t<\/div>\n\t\t\t\t<\/div>\n\t\t\t\t\t<\/div>\n\t\t\t\t<\/div>\n\t\t<div class=\"elementor-element elementor-element-f7ee8fa e-grid elementor-hidden-mobile e-con-boxed e-con e-parent\" data-id=\"f7ee8fa\" data-element_type=\"container\" data-e-type=\"container\">\n\t\t\t\t\t<div class=\"e-con-inner\">\n\t\t\t\t<div class=\"elementor-element elementor-element-615dcc2 elementor-widget elementor-widget-image\" data-id=\"615dcc2\" data-element_type=\"widget\" data-e-type=\"widget\" data-widget_type=\"image.default\">\n\t\t\t\t<div class=\"elementor-widget-container\">\n\t\t\t\t\t\t\t\t\t\t\t\t<figure class=\"wp-caption\">\n\t\t\t\t\t\t\t\t\t\t\t<a href=\"https:\/\/www.hemrex.com\/en\/graduation-regalia\/\">\n\t\t\t\t\t\t\t<img fetchpriority=\"high\" decoding=\"async\" width=\"595\" height=\"842\" src=\"https:\/\/www.hemrex.com\/wp-content\/uploads\/2025\/12\/ensemble-2026-avec-echarpe.png\" class=\"attachment-large size-large wp-image-8883\" alt=\"\" srcset=\"https:\/\/www.hemrex.com\/wp-content\/uploads\/2025\/12\/ensemble-2026-avec-echarpe.png 595w, https:\/\/www.hemrex.com\/wp-content\/uploads\/2025\/12\/ensemble-2026-avec-echarpe-212x300.png 212w, https:\/\/www.hemrex.com\/wp-content\/uploads\/2025\/12\/ensemble-2026-avec-echarpe-350x495.png 350w\" sizes=\"(max-width: 595px) 100vw, 595px\" \/>\t\t\t\t\t\t\t\t<\/a>\n\t\t\t\t\t\t\t\t\t\t\t<figcaption class=\"widget-image-caption wp-caption-text\">Graduation regalia<\/figcaption>\n\t\t\t\t\t\t\t\t\t\t<\/figure>\n\t\t\t\t\t\t\t\t\t<\/div>\n\t\t\t\t<\/div>\n\t\t\t\t<div class=\"elementor-element elementor-element-befc572 elementor-widget elementor-widget-image\" data-id=\"befc572\" data-element_type=\"widget\" data-e-type=\"widget\" data-widget_type=\"image.default\">\n\t\t\t\t<div class=\"elementor-widget-container\">\n\t\t\t\t\t\t\t\t\t\t\t\t<figure class=\"wp-caption\">\n\t\t\t\t\t\t\t\t\t\t\t<a href=\"https:\/\/www.hemrex.com\/en\/categorie-produit\/accessories\/\">\n\t\t\t\t\t\t\t<img decoding=\"async\" width=\"595\" height=\"842\" src=\"https:\/\/www.hemrex.com\/wp-content\/uploads\/2024\/08\/porte-diplome-similicuir-ok.png\" class=\"attachment-large size-large wp-image-3926\" alt=\"porte dipl\u00f4me en similicuir\" srcset=\"https:\/\/www.hemrex.com\/wp-content\/uploads\/2024\/08\/porte-diplome-similicuir-ok.png 595w, https:\/\/www.hemrex.com\/wp-content\/uploads\/2024\/08\/porte-diplome-similicuir-ok-212x300.png 212w, https:\/\/www.hemrex.com\/wp-content\/uploads\/2024\/08\/porte-diplome-similicuir-ok-350x495.png 350w\" sizes=\"(max-width: 595px) 100vw, 595px\" \/>\t\t\t\t\t\t\t\t<\/a>\n\t\t\t\t\t\t\t\t\t\t\t<figcaption class=\"widget-image-caption wp-caption-text\">Graduation accessories<\/figcaption>\n\t\t\t\t\t\t\t\t\t\t<\/figure>\n\t\t\t\t\t\t\t\t\t<\/div>\n\t\t\t\t<\/div>\n\t\t\t\t\t<\/div>\n\t\t\t\t<\/div>\n\t\t<div class=\"elementor-element elementor-element-0bf4f6d e-grid elementor-hidden-desktop elementor-hidden-tablet e-con-boxed e-con e-parent\" data-id=\"0bf4f6d\" data-element_type=\"container\" data-e-type=\"container\">\n\t\t\t\t\t<div class=\"e-con-inner\">\n\t\t\t\t<div class=\"elementor-element elementor-element-7c79381 elementor-widget elementor-widget-image\" data-id=\"7c79381\" data-element_type=\"widget\" data-e-type=\"widget\" data-widget_type=\"image.default\">\n\t\t\t\t<div class=\"elementor-widget-container\">\n\t\t\t\t\t\t\t\t\t\t\t\t<figure class=\"wp-caption\">\n\t\t\t\t\t\t\t\t\t\t\t<a href=\"https:\/\/www.hemrex.com\/en\/graduation-outfits\/\">\n\t\t\t\t\t\t\t<img fetchpriority=\"high\" decoding=\"async\" width=\"595\" height=\"842\" src=\"https:\/\/www.hemrex.com\/wp-content\/uploads\/2025\/12\/ensemble-2026-avec-echarpe.png\" class=\"attachment-large size-large wp-image-8883\" alt=\"\" srcset=\"https:\/\/www.hemrex.com\/wp-content\/uploads\/2025\/12\/ensemble-2026-avec-echarpe.png 595w, https:\/\/www.hemrex.com\/wp-content\/uploads\/2025\/12\/ensemble-2026-avec-echarpe-212x300.png 212w, https:\/\/www.hemrex.com\/wp-content\/uploads\/2025\/12\/ensemble-2026-avec-echarpe-350x495.png 350w\" sizes=\"(max-width: 595px) 100vw, 595px\" \/>\t\t\t\t\t\t\t\t<\/a>\n\t\t\t\t\t\t\t\t\t\t\t<figcaption class=\"widget-image-caption wp-caption-text\">Graduation regalia<\/figcaption>\n\t\t\t\t\t\t\t\t\t\t<\/figure>\n\t\t\t\t\t\t\t\t\t<\/div>\n\t\t\t\t<\/div>\n\t\t\t\t<div class=\"elementor-element elementor-element-b95dab9 elementor-widget elementor-widget-image\" data-id=\"b95dab9\" data-element_type=\"widget\" data-e-type=\"widget\" data-widget_type=\"image.default\">\n\t\t\t\t<div class=\"elementor-widget-container\">\n\t\t\t\t\t\t\t\t\t\t\t\t<figure class=\"wp-caption\">\n\t\t\t\t\t\t\t\t\t\t\t<a href=\"https:\/\/www.hemrex.com\/en\/categorie-produit\/accessories\/\">\n\t\t\t\t\t\t\t<img decoding=\"async\" width=\"595\" height=\"842\" src=\"https:\/\/www.hemrex.com\/wp-content\/uploads\/2024\/08\/porte-diplome-similicuir-ok.png\" class=\"attachment-large size-large wp-image-3926\" alt=\"porte dipl\u00f4me en similicuir\" srcset=\"https:\/\/www.hemrex.com\/wp-content\/uploads\/2024\/08\/porte-diplome-similicuir-ok.png 595w, https:\/\/www.hemrex.com\/wp-content\/uploads\/2024\/08\/porte-diplome-similicuir-ok-212x300.png 212w, https:\/\/www.hemrex.com\/wp-content\/uploads\/2024\/08\/porte-diplome-similicuir-ok-350x495.png 350w\" sizes=\"(max-width: 595px) 100vw, 595px\" \/>\t\t\t\t\t\t\t\t<\/a>\n\t\t\t\t\t\t\t\t\t\t\t<figcaption class=\"widget-image-caption wp-caption-text\">Graduation accessories<\/figcaption>\n\t\t\t\t\t\t\t\t\t\t<\/figure>\n\t\t\t\t\t\t\t\t\t<\/div>\n\t\t\t\t<\/div>\n\t\t\t\t\t<\/div>\n\t\t\t\t<\/div>\n\t\t<div class=\"elementor-element elementor-element-8a6978c e-flex e-con-boxed e-con e-parent\" data-id=\"8a6978c\" data-element_type=\"container\" data-e-type=\"container\">\n\t\t\t\t\t<div class=\"e-con-inner\">\n\t\t\t\t<div class=\"elementor-element elementor-element-8230741 elementor-widget elementor-widget-heading\" data-id=\"8230741\" data-element_type=\"widget\" data-e-type=\"widget\" data-widget_type=\"heading.default\">\n\t\t\t\t<div class=\"elementor-widget-container\">\n\t\t\t\t\t<h2 class=\"elementor-heading-title elementor-size-default\">Graduation gowns, caps and stoles : Mark your success<\/h2>\t\t\t\t<\/div>\n\t\t\t\t<\/div>\n\t\t\t\t<div class=\"elementor-element elementor-element-d6168d5 elementor-widget elementor-widget-text-editor\" data-id=\"d6168d5\" data-element_type=\"widget\" data-e-type=\"widget\" data-widget_type=\"text-editor.default\">\n\t\t\t\t<div class=\"elementor-widget-container\">\n\t\t\t\t\t\t\t\t\t<p><strong>Graduation<\/strong> is a unique and <strong>unforgettable moment<\/strong> in the life of any student. It&#8217;s a celebration of years of effort, perseverance and achievement. For this exceptional event, the choice of graduation <strong><a href=\"https:\/\/www.hemrex.com\/en\/categorie-produit\/set-gowncaptassel\/\">gown<\/a>, <a href=\"https:\/\/www.hemrex.com\/en\/categorie-produit\/caps-tassels\/\">cap<\/a><\/strong> and <a href=\"https:\/\/www.hemrex.com\/en\/categorie-produit\/graduation-stoles\/\"><strong>stole<\/strong> <\/a>is essential. These <strong>symbols of academic achievement<\/strong> add a touch of solemnity and tradition to the graduation ceremony, while ensuring an elegant, formal appearance for the graduates.<\/p>\t\t\t\t\t\t\t\t<\/div>\n\t\t\t\t<\/div>\n\t\t\t\t<div class=\"elementor-element elementor-element-5d59fb1 elementor-widget elementor-widget-heading\" data-id=\"5d59fb1\" data-element_type=\"widget\" data-e-type=\"widget\" data-widget_type=\"heading.default\">\n\t\t\t\t<div class=\"elementor-widget-container\">\n\t\t\t\t\t<h2 class=\"elementor-heading-title elementor-size-default\">Graduation gowns: a symbol of tradition<\/h2>\t\t\t\t<\/div>\n\t\t\t\t<\/div>\n\t\t\t\t<div class=\"elementor-element elementor-element-0758c50 elementor-widget elementor-widget-text-editor\" data-id=\"0758c50\" data-element_type=\"widget\" data-e-type=\"widget\" data-widget_type=\"text-editor.default\">\n\t\t\t\t<div class=\"elementor-widget-container\">\n\t\t\t\t\t\t\t\t\t<p>The <a href=\"https:\/\/www.hemrex.com\/en\/categorie-produit\/set-gowncaptassel\/\"><strong>graduation gown<\/strong><\/a> is the centerpiece of the <strong>graduate regalia.<\/strong> Inspired by the old <strong>university gowns,<\/strong> it symbolizes knowledge and academic success. Made from quality materials, our gowns are designed to offer both comfort and aesthetics, allowing graduates to feel comfortable yet look sophisticated.<\/p><p>Available in a range of sizes and colors, the gown can be tailored to suit your level of study or school preferences. Whether you&#8217;re a bachelor&#8217;s, master&#8217;s or doctoral student, you&#8217;ll find the perfect gown to match your background. We offer not only traditional black gowns, but also <strong>customizable versions,<\/strong> with colors adapted to each academic discipline or university.<\/p>\t\t\t\t\t\t\t\t<\/div>\n\t\t\t\t<\/div>\n\t\t\t\t<div class=\"elementor-element elementor-element-3895b62 elementor-widget elementor-widget-heading\" data-id=\"3895b62\" data-element_type=\"widget\" data-e-type=\"widget\" data-widget_type=\"heading.default\">\n\t\t\t\t<div class=\"elementor-widget-container\">\n\t\t\t\t\t<h2 class=\"elementor-heading-title elementor-size-default\">The cap : a symbol of academic success<\/h2>\t\t\t\t<\/div>\n\t\t\t\t<\/div>\n\t\t\t\t<div class=\"elementor-element elementor-element-b9b325c elementor-widget elementor-widget-text-editor\" data-id=\"b9b325c\" data-element_type=\"widget\" data-e-type=\"widget\" data-widget_type=\"text-editor.default\">\n\t\t\t\t<div class=\"elementor-widget-container\">\n\t\t\t\t\t\t\t\t\t<p>The <a href=\"https:\/\/www.hemrex.com\/en\/categorie-produit\/caps-tassels\/\"><strong>cap<\/strong> <\/a>is an essential part of any graduation regalia. Worn at graduation, it represents the culmination of an academic career. Made from resistant, elegant materials, it is designed to complement the gown perfectly. Graduates also have the opportunity to mark this special moment with the symbolic gesture of throwing their cap in the air, a moment awaited by all at the graduation ceremony.<\/p><p>We offer a wide range of graduation caps, with or without <strong><a href=\"https:\/\/www.hemrex.com\/en\/produit\/graduation-tassel\/\">tassels<\/a><\/strong>, available in different colors to match your school or university codes. This small detail can make a big difference, adding a touch of originality and reinforcing your institution&#8217;s identity.<\/p>\t\t\t\t\t\t\t\t<\/div>\n\t\t\t\t<\/div>\n\t\t\t\t<div class=\"elementor-element elementor-element-fd00d1c elementor-widget elementor-widget-heading\" data-id=\"fd00d1c\" data-element_type=\"widget\" data-e-type=\"widget\" data-widget_type=\"heading.default\">\n\t\t\t\t<div class=\"elementor-widget-container\">\n\t\t\t\t\t<h2 class=\"elementor-heading-title elementor-size-default\">Graduation stoles : a touch of distinction<\/h2>\t\t\t\t<\/div>\n\t\t\t\t<\/div>\n\t\t\t\t<div class=\"elementor-element elementor-element-5aa12d1 elementor-widget elementor-widget-text-editor\" data-id=\"5aa12d1\" data-element_type=\"widget\" data-e-type=\"widget\" data-widget_type=\"text-editor.default\">\n\t\t\t\t<div class=\"elementor-widget-container\">\n\t\t\t\t\t\t\t\t\t<p>The <a href=\"https:\/\/www.hemrex.com\/en\/categorie-produit\/graduation-stoles\/\"><strong>graduation stole<\/strong><\/a> is another symbolic accessory that adds a touch of prestige to the graduate&#8217;s attire. Often used to distinguish different levels of study or academic specialties, the stole is worn over the gown and can feature the university or departmental colors. Whether you want to mark the distinction of valedictorians, class representatives or honorary members, the stole is a symbol of recognition.<\/p>\n<p>Our <strong>graduation stoles<\/strong> are made from elegant fabrics and are available in a wide range of colors to match the needs of every institution. We also offer <strong><a href=\"https:\/\/www.hemrex.com\/en\/tailor-made-graduation-outfits\/\">customization<\/a> options<\/strong> to include <strong>logos, patches<\/strong> or <strong>inscriptions specific to your school.<\/strong><\/p>\t\t\t\t\t\t\t\t<\/div>\n\t\t\t\t<\/div>\n\t\t\t\t<div class=\"elementor-element elementor-element-fbc1fc8 elementor-widget elementor-widget-heading\" data-id=\"fbc1fc8\" data-element_type=\"widget\" data-e-type=\"widget\" data-widget_type=\"heading.default\">\n\t\t\t\t<div class=\"elementor-widget-container\">\n\t\t\t\t\t<h2 class=\"elementor-heading-title elementor-size-default\">Graduation accessories : customize your graduation ceremony\n<\/h2>\t\t\t\t<\/div>\n\t\t\t\t<\/div>\n\t\t\t\t<div class=\"elementor-element elementor-element-632846f elementor-widget elementor-widget-text-editor\" data-id=\"632846f\" data-element_type=\"widget\" data-e-type=\"widget\" data-widget_type=\"text-editor.default\">\n\t\t\t\t<div class=\"elementor-widget-container\">\n\t\t\t\t\t\t\t\t\t<p>In addition to gowns, caps and stoles, we offer a selection of graduation accessories to customize and make this event even more memorable. Here are just a few examples of <a href=\"https:\/\/www.hemrex.com\/en\/categorie-produit\/accessories\/\"><strong>available accessories<\/strong><\/a>:<\/p><ul><li><a href=\"https:\/\/www.hemrex.com\/en\/produit\/diploma-cover-hardback\/\"><strong>Diploma cover<\/strong><\/a> : A must-have accessory to show off your diploma. Give your graduates an elegant case that protects and proudly presents their academic achievement.<\/li><li><a href=\"https:\/\/www.hemrex.com\/en\/produit\/certificate-diploma-tube\/\"><strong>Tube diploma cover<\/strong><\/a> : Ideal for safely storing and transporting the diploma, this tube is also a traditional way of handing over the precious document at graduation.<\/li><li><a href=\"https:\/\/www.hemrex.com\/en\/produit\/valuing-and-securing-sensitive-documents\/\"><strong>Secure documents<\/strong><\/a> : Protect diplomas with specially designed papers to prevent illegal copying or falsification. These documents guarantee the authenticity and confidentiality of the information contained in the diploma.<\/li><li><strong><a href=\"https:\/\/www.hemrex.com\/en\/produit\/satin-ribbon\/\">Decorative ribbons<\/a><\/strong> : Used to wrap and decorate diplomas, ribbons add a touch of refinement to the presentation. They can be customized with the institution&#8217;s colors or include a logo for an elegant visual effect.<\/li><\/ul><p>These accessories can be customized to reflect the institution&#8217;s identity, offering a unique and memorable finish to every graduation ceremony.<\/p>\t\t\t\t\t\t\t\t<\/div>\n\t\t\t\t<\/div>\n\t\t\t\t<div class=\"elementor-element elementor-element-b41656b elementor-widget-divider--view-line elementor-widget elementor-widget-divider\" data-id=\"b41656b\" data-element_type=\"widget\" data-e-type=\"widget\" data-widget_type=\"divider.default\">\n\t\t\t\t<div class=\"elementor-widget-container\">\n\t\t\t\t\t\t\t<div class=\"elementor-divider\">\n\t\t\t<span class=\"elementor-divider-separator\">\n\t\t\t\t\t\t<\/span>\n\t\t<\/div>\n\t\t\t\t\t\t<\/div>\n\t\t\t\t<\/div>\n\t\t\t\t\t<\/div>\n\t\t\t\t<\/div>\n\t\t\t\t<\/div>\n\t\t","protected":false},"excerpt":{"rendered":"<p>Graduation ceremony Find and complete your graduation regalia Since 2008, we&#8217;ve been offering you a standard and bespoke selection of gowns, caps, university president dresses, accessories, lecturers and professors. Our outfits and accessories offer you superior quality to mark your success with elegance. Whether you&#8217;re a teacher or a graduate, Hemrex has the right outfit [&hellip;]<\/p>\n","protected":false},"author":2,"featured_media":3779,"parent":0,"menu_order":0,"comment_status":"closed","ping_status":"closed","template":"","meta":{"footnotes":""},"class_list":["post-5970","page","type-page","status-publish","has-post-thumbnail","hentry","entry","has-media","owp-thumbs-layout-horizontal","owp-btn-normal","owp-tabs-layout-horizontal","has-no-thumbnails"],"yoast_head":"<!-- This site is optimized with the Yoast SEO plugin v25.5 - https:\/\/yoast.com\/wordpress\/plugins\/seo\/ -->\n<title>Graduation ceremony - Hemrex<\/title>\n<meta name=\"description\" content=\"Discover our products for your graduation\/awards outfits and accessories. Customizable with your school&#039;s colors.\" \/>\n<meta name=\"robots\" content=\"index, follow, max-snippet:-1, max-image-preview:large, max-video-preview:-1\" \/>\n<link rel=\"canonical\" href=\"https:\/\/www.hemrex.com\/en\/graduation-ceremony\/\" \/>\n<meta property=\"og:locale\" content=\"en_US\" \/>\n<meta property=\"og:type\" content=\"article\" \/>\n<meta property=\"og:title\" content=\"Graduation ceremony - Hemrex\" \/>\n<meta property=\"og:description\" content=\"Discover our products for your graduation\/awards outfits and accessories. Customizable with your school&#039;s colors.\" \/>\n<meta property=\"og:url\" content=\"https:\/\/www.hemrex.com\/en\/graduation-ceremony\/\" \/>\n<meta property=\"article:modified_time\" content=\"2025-12-19T15:50:40+00:00\" \/>\n<meta property=\"og:image\" content=\"https:\/\/www.hemrex.com\/wp-content\/uploads\/2024\/08\/bdx.png\" \/>\n\t<meta property=\"og:image:width\" content=\"595\" \/>\n\t<meta property=\"og:image:height\" content=\"842\" \/>\n\t<meta property=\"og:image:type\" content=\"image\/png\" \/>\n<meta name=\"twitter:card\" content=\"summary_large_image\" \/>\n<meta name=\"twitter:label1\" content=\"Est. reading time\" \/>\n\t<meta name=\"twitter:data1\" content=\"3 minutes\" \/>\n<script type=\"application\/ld+json\" class=\"yoast-schema-graph\">{\"@context\":\"https:\/\/schema.org\",\"@graph\":[{\"@type\":\"WebPage\",\"@id\":\"https:\/\/www.hemrex.com\/en\/graduation-ceremony\/\",\"url\":\"https:\/\/www.hemrex.com\/en\/graduation-ceremony\/\",\"name\":\"Graduation ceremony - Hemrex\",\"isPartOf\":{\"@id\":\"https:\/\/www.hemrex.com\/#website\"},\"primaryImageOfPage\":{\"@id\":\"https:\/\/www.hemrex.com\/en\/graduation-ceremony\/#primaryimage\"},\"image\":{\"@id\":\"https:\/\/www.hemrex.com\/en\/graduation-ceremony\/#primaryimage\"},\"thumbnailUrl\":\"https:\/\/www.hemrex.com\/wp-content\/uploads\/2024\/08\/bdx.png\",\"datePublished\":\"2024-10-01T10:05:00+00:00\",\"dateModified\":\"2025-12-19T15:50:40+00:00\",\"description\":\"Discover our products for your graduation\/awards outfits and accessories. Customizable with your school's colors.\",\"breadcrumb\":{\"@id\":\"https:\/\/www.hemrex.com\/en\/graduation-ceremony\/#breadcrumb\"},\"inLanguage\":\"en-US\",\"potentialAction\":[{\"@type\":\"ReadAction\",\"target\":[\"https:\/\/www.hemrex.com\/en\/graduation-ceremony\/\"]}]},{\"@type\":\"ImageObject\",\"inLanguage\":\"en-US\",\"@id\":\"https:\/\/www.hemrex.com\/en\/graduation-ceremony\/#primaryimage\",\"url\":\"https:\/\/www.hemrex.com\/wp-content\/uploads\/2024\/08\/bdx.png\",\"contentUrl\":\"https:\/\/www.hemrex.com\/wp-content\/uploads\/2024\/08\/bdx.png\",\"width\":595,\"height\":842},{\"@type\":\"BreadcrumbList\",\"@id\":\"https:\/\/www.hemrex.com\/en\/graduation-ceremony\/#breadcrumb\",\"itemListElement\":[{\"@type\":\"ListItem\",\"position\":1,\"name\":\"Accueil\",\"item\":\"https:\/\/www.hemrex.com\/en\/home-2\/\"},{\"@type\":\"ListItem\",\"position\":2,\"name\":\"Graduation ceremony\"}]},{\"@type\":\"WebSite\",\"@id\":\"https:\/\/www.hemrex.com\/#website\",\"url\":\"https:\/\/www.hemrex.com\/\",\"name\":\"\",\"description\":\"Tenues et accessoires pour les c\u00e9r\u00e9monies de remise des dipl\u00f4mes et objets promotionnels personnalis\u00e9s\",\"potentialAction\":[{\"@type\":\"SearchAction\",\"target\":{\"@type\":\"EntryPoint\",\"urlTemplate\":\"https:\/\/www.hemrex.com\/?s={search_term_string}\"},\"query-input\":{\"@type\":\"PropertyValueSpecification\",\"valueRequired\":true,\"valueName\":\"search_term_string\"}}],\"inLanguage\":\"en-US\"}]}<\/script>\n<!-- \/ Yoast SEO plugin. -->","yoast_head_json":{"title":"Graduation ceremony - Hemrex","description":"Discover our products for your graduation\/awards outfits and accessories. Customizable with your school's colors.","robots":{"index":"index","follow":"follow","max-snippet":"max-snippet:-1","max-image-preview":"max-image-preview:large","max-video-preview":"max-video-preview:-1"},"canonical":"https:\/\/www.hemrex.com\/en\/graduation-ceremony\/","og_locale":"en_US","og_type":"article","og_title":"Graduation ceremony - Hemrex","og_description":"Discover our products for your graduation\/awards outfits and accessories. Customizable with your school's colors.","og_url":"https:\/\/www.hemrex.com\/en\/graduation-ceremony\/","article_modified_time":"2025-12-19T15:50:40+00:00","og_image":[{"width":595,"height":842,"url":"https:\/\/www.hemrex.com\/wp-content\/uploads\/2024\/08\/bdx.png","type":"image\/png"}],"twitter_card":"summary_large_image","twitter_misc":{"Est. reading time":"3 minutes"},"schema":{"@context":"https:\/\/schema.org","@graph":[{"@type":"WebPage","@id":"https:\/\/www.hemrex.com\/en\/graduation-ceremony\/","url":"https:\/\/www.hemrex.com\/en\/graduation-ceremony\/","name":"Graduation ceremony - Hemrex","isPartOf":{"@id":"https:\/\/www.hemrex.com\/#website"},"primaryImageOfPage":{"@id":"https:\/\/www.hemrex.com\/en\/graduation-ceremony\/#primaryimage"},"image":{"@id":"https:\/\/www.hemrex.com\/en\/graduation-ceremony\/#primaryimage"},"thumbnailUrl":"https:\/\/www.hemrex.com\/wp-content\/uploads\/2024\/08\/bdx.png","datePublished":"2024-10-01T10:05:00+00:00","dateModified":"2025-12-19T15:50:40+00:00","description":"Discover our products for your graduation\/awards outfits and accessories. Customizable with your school's colors.","breadcrumb":{"@id":"https:\/\/www.hemrex.com\/en\/graduation-ceremony\/#breadcrumb"},"inLanguage":"en-US","potentialAction":[{"@type":"ReadAction","target":["https:\/\/www.hemrex.com\/en\/graduation-ceremony\/"]}]},{"@type":"ImageObject","inLanguage":"en-US","@id":"https:\/\/www.hemrex.com\/en\/graduation-ceremony\/#primaryimage","url":"https:\/\/www.hemrex.com\/wp-content\/uploads\/2024\/08\/bdx.png","contentUrl":"https:\/\/www.hemrex.com\/wp-content\/uploads\/2024\/08\/bdx.png","width":595,"height":842},{"@type":"BreadcrumbList","@id":"https:\/\/www.hemrex.com\/en\/graduation-ceremony\/#breadcrumb","itemListElement":[{"@type":"ListItem","position":1,"name":"Accueil","item":"https:\/\/www.hemrex.com\/en\/home-2\/"},{"@type":"ListItem","position":2,"name":"Graduation ceremony"}]},{"@type":"WebSite","@id":"https:\/\/www.hemrex.com\/#website","url":"https:\/\/www.hemrex.com\/","name":"","description":"Tenues et accessoires pour les c\u00e9r\u00e9monies de remise des dipl\u00f4mes et objets promotionnels personnalis\u00e9s","potentialAction":[{"@type":"SearchAction","target":{"@type":"EntryPoint","urlTemplate":"https:\/\/www.hemrex.com\/?s={search_term_string}"},"query-input":{"@type":"PropertyValueSpecification","valueRequired":true,"valueName":"search_term_string"}}],"inLanguage":"en-US"}]}},"_links":{"self":[{"href":"https:\/\/www.hemrex.com\/en\/wp-json\/wp\/v2\/pages\/5970"}],"collection":[{"href":"https:\/\/www.hemrex.com\/en\/wp-json\/wp\/v2\/pages"}],"about":[{"href":"https:\/\/www.hemrex.com\/en\/wp-json\/wp\/v2\/types\/page"}],"author":[{"embeddable":true,"href":"https:\/\/www.hemrex.com\/en\/wp-json\/wp\/v2\/users\/2"}],"replies":[{"embeddable":true,"href":"https:\/\/www.hemrex.com\/en\/wp-json\/wp\/v2\/comments?post=5970"}],"version-history":[{"count":25,"href":"https:\/\/www.hemrex.com\/en\/wp-json\/wp\/v2\/pages\/5970\/revisions"}],"predecessor-version":[{"id":8889,"href":"https:\/\/www.hemrex.com\/en\/wp-json\/wp\/v2\/pages\/5970\/revisions\/8889"}],"wp:featuredmedia":[{"embeddable":true,"href":"https:\/\/www.hemrex.com\/en\/wp-json\/wp\/v2\/media\/3779"}],"wp:attachment":[{"href":"https:\/\/www.hemrex.com\/en\/wp-json\/wp\/v2\/media?parent=5970"}],"curies":[{"name":"wp","href":"https:\/\/api.w.org\/{rel}","templated":true}]}}